{"id":748,"date":"2026-03-16T10:17:54","date_gmt":"2026-03-16T10:17:54","guid":{"rendered":"https:\/\/orto-medika.pl\/store\/?post_type=product&#038;p=748"},"modified":"2026-03-16T10:17:55","modified_gmt":"2026-03-16T10:17:55","slug":"eron-plus","status":"publish","type":"product","link":"https:\/\/orto-medika.pl\/store\/product\/eron-plus\/","title":{"rendered":"Eron Plus"},"content":{"rendered":"<p class=\"font-claude-response-body break-words whitespace-normal leading-[1.7]\">Eron Plus to innowacyjny dwusk\u0142adnikowy zestaw suplement\u00f3w diety przeznaczony dla m\u0119\u017cczyzn zmagaj\u0105cych si\u0119 z problemami z erekcj\u0105. W odr\u00f3\u017cnieniu od tradycyjnych preparat\u00f3w na potencj\u0119, ten produkt opiera si\u0119 na dwuetapowej formule dzia\u0142ania, kt\u00f3ra \u0142\u0105czy d\u0142ugoterminow\u0105 regeneracj\u0119 organizmu z natychmiastow\u0105 stymulacj\u0105 erekcji tu\u017c przed stosunkiem.<\/p>\n<p class=\"font-claude-response-body break-words whitespace-normal leading-[1.7]\">Zestaw sk\u0142ada si\u0119 z dw\u00f3ch rodzaj\u00f3w kapsu\u0142ek: <strong>Eron Plus<\/strong> oraz <strong>Eron Plus Before<\/strong>. Pierwsza seria to kapsu\u0142ki przeznaczone do codziennego stosowania \u2014 dzia\u0142aj\u0105 od wewn\u0105trz, systematycznie eliminuj\u0105c przyczyny zaburze\u0144 erekcji, poprawiaj\u0105c kr\u0105\u017cenie krwi i podnosz\u0105c poziom testosteronu. Druga seria \u2014 <strong>Eron Plus Before<\/strong> \u2014 to kapsu\u0142ki przyjmowane na oko\u0142o dwie godziny przed planowanym stosunkiem p\u0142ciowym. Ich zadaniem jest bezpo\u015brednia i szybka stymulacja erekcji, zapewniaj\u0105ca twardo\u015b\u0107 i trwa\u0142o\u015b\u0107 wzwodu.<\/p>\n<p class=\"font-claude-response-body break-words whitespace-normal leading-[1.7]\">Obydwa preparaty oparte s\u0105 na naturalnych sk\u0142adnikach ro\u015blinnych i aminokwasach, co sprawia, \u017ce formu\u0142a jest bezpieczna i nie powoduje skutk\u00f3w ubocznych. Eron Plus jest dost\u0119pny wy\u0142\u0105cznie przez internet \u2014 produkt nie jest sprzedawany w aptekach ani drogeriach, a jego zakup najlepiej realizowa\u0107 bezpo\u015brednio na oficjalnej stronie producenta, co gwarantuje oryginalno\u015b\u0107 suplementu i dost\u0119p do aktualnych promocji.<\/p>\n<h2 class=\"text-text-100 mt-3 -mb-1 text-[1.125rem] font-bold\">Wskazania do stosowania Eron Plus<\/h2>\n<p class=\"font-claude-response-body break-words whitespace-normal leading-[1.7]\">Eron Plus jest skierowany do szerokiej grupy m\u0119\u017cczyzn, kt\u00f3rzy do\u015bwiadczaj\u0105 r\u00f3\u017cnego rodzaju trudno\u015bci w sferze seksualnej. Wskazania do stosowania tego zestawu suplement\u00f3w obejmuj\u0105 przede wszystkim:<\/p>\n<ul class=\"[li_&amp;]:mb-0 [li_&amp;]:mt-1 [li_&amp;]:gap-1 [&amp;:not(:last-child)_ul]:pb-1 [&amp;:not(:last-child)_ol]:pb-1 list-disc flex flex-col gap-1 pl-8 mb-3\">\n<li class=\"whitespace-normal break-words pl-2\">problemy z uzyskaniem lub utrzymaniem wzwodu odpowiedniej jako\u015bci i twardo\u015bci<\/li>\n<li class=\"whitespace-normal break-words pl-2\">obni\u017cone libido i zmniejszone zainteresowanie \u017cyciem seksualnym<\/li>\n<li class=\"whitespace-normal break-words pl-2\">przedwczesny wytrysk lub brak kontroli nad wytryskiem<\/li>\n<li class=\"whitespace-normal break-words pl-2\">zm\u0119czenie seksualne i obni\u017cona wydolno\u015b\u0107 podczas stosunku<\/li>\n<li class=\"whitespace-normal break-words pl-2\">stres, napi\u0119cie nerwowe i psychogenne przyczyny zaburze\u0144 erekcji<\/li>\n<li class=\"whitespace-normal break-words pl-2\">naturalne os\u0142abienie funkcji seksualnych zwi\u0105zane z wiekiem<\/li>\n<li class=\"whitespace-normal break-words pl-2\">niedobory testosteronu wp\u0142ywaj\u0105ce na jako\u015b\u0107 \u017cycia intymnego<\/li>\n<li class=\"whitespace-normal break-words pl-2\">niskie poczucie pewno\u015bci siebie i obawy przed nieudanym stosunkiem<\/li>\n<\/ul>\n<p class=\"font-claude-response-body break-words whitespace-normal leading-[1.7]\">Preparat sprawdzi si\u0119 zar\u00f3wno u m\u0142odszych m\u0119\u017cczyzn, u kt\u00f3rych zaburzenia erekcji maj\u0105 pod\u0142o\u017ce stresowe lub psychologiczne, jak i u starszych pan\u00f3w, u kt\u00f3rych problem wynika z naturalnych proces\u00f3w starzenia si\u0119 organizmu i spadku poziomu androgen\u00f3w. Eron Plus mo\u017ce by\u0107 r\u00f3wnie\u017c stosowany profilaktycznie \u2014 przez m\u0119\u017cczyzn, kt\u00f3rzy chc\u0105 utrzyma\u0107 wysok\u0105 jako\u015b\u0107 \u017cycia seksualnego i poprawi\u0107 swoje osi\u0105gi intymne.<\/p>\n<h2 class=\"text-text-100 mt-3 -mb-1 text-[1.125rem] font-bold\">Dzia\u0142anie Eron Plus<\/h2>\n<p class=\"font-claude-response-body break-words whitespace-normal leading-[1.7]\">Mechanizm dzia\u0142ania zestawu Eron Plus opiera si\u0119 na synergii dw\u00f3ch wzajemnie uzupe\u0142niaj\u0105cych si\u0119 formu\u0142. Codzienna suplementacja kapsu\u0142kami Eron Plus prowadzi do stopniowej i g\u0142\u0119bokiej poprawy funkcji seksualnych poprzez kilka r\u00f3wnoleg\u0142ych szlak\u00f3w biologicznych.<\/p>\n<p class=\"font-claude-response-body break-words whitespace-normal leading-[1.7]\">Po pierwsze, sk\u0142adniki aktywne wspieraj\u0105 produkcj\u0119 tlenku azotu w organizmie \u2014 zwi\u0105zku odpowiedzialnego za rozszerzanie naczy\u0144 krwiono\u015bnych w obszarze pr\u0105cia i wype\u0142nianie cia\u0142 jamistych krwi\u0105. Im lepsze ukrwienie, tym silniejszy i bardziej trwa\u0142y wzw\u00f3d. Po drugie, formu\u0142a stymuluje naturaln\u0105 produkcj\u0119 testosteronu, czyli hormonu kluczowego dla libido, energii seksualnej i og\u00f3lnego nap\u0119du do aktywno\u015bci intymnej.<\/p>\n<p class=\"font-claude-response-body break-words whitespace-normal leading-[1.7]\">Kapsu\u0142ki Eron Plus Before dzia\u0142aj\u0105 inaczej \u2014 ich zadaniem jest szybkie uwolnienie sk\u0142adnik\u00f3w, kt\u00f3re wzmacniaj\u0105 erekcj\u0119 tu i teraz, bezpo\u015brednio przed stosunkiem. Dzi\u0119ki tej dwuetapowej strategii m\u0119\u017cczyzna odczuwa efekty zar\u00f3wno w perspektywie d\u0142ugoterminowej (lepsza kondycja seksualna ka\u017cdego dnia), jak i dora\u017anej (pewno\u015b\u0107 i skuteczno\u015b\u0107 podczas ka\u017cdego zbli\u017cenia).<\/p>\n<h2 class=\"text-text-100 mt-3 -mb-1 text-[1.125rem] font-bold\">Sk\u0142ad Eron Plus<\/h2>\n<p class=\"font-claude-response-body break-words whitespace-normal leading-[1.7]\">Obydwa preparaty bazuj\u0105 na starannie dobranym zestawie naturalnych sk\u0142adnik\u00f3w o udokumentowanym dzia\u0142aniu wspieraj\u0105cym potencj\u0119:<\/p>\n<ul class=\"[li_&amp;]:mb-0 [li_&amp;]:mt-1 [li_&amp;]:gap-1 [&amp;:not(:last-child)_ul]:pb-1 [&amp;:not(:last-child)_ol]:pb-1 list-disc flex flex-col gap-1 pl-8 mb-3\">\n<li class=\"whitespace-normal break-words pl-2\"><strong>L-arginina<\/strong> \u2014 aminokwas b\u0119d\u0105cy prekursorem tlenku azotu; odpowiada za rozszerzenie naczy\u0144 krwiono\u015bnych i zwi\u0119kszenie przep\u0142ywu krwi do pr\u0105cia, co bezpo\u015brednio przek\u0142ada si\u0119 na jako\u015b\u0107 wzwodu<\/li>\n<li class=\"whitespace-normal break-words pl-2\"><strong>Ekstrakt z \u017ce\u0144-szenia korea\u0144skiego (Panax ginseng)<\/strong> \u2014 adaptogen o wielowiekowej tradycji stosowania w medycynie wschodniej; poprawia wytrzyma\u0142o\u015b\u0107, redukuje stres i pobudza libido<\/li>\n<li class=\"whitespace-normal break-words pl-2\"><strong>Ekstrakt z Tribulus terrestris<\/strong> \u2014 ro\u015blina o w\u0142a\u015bciwo\u015bciach stymuluj\u0105cych produkcj\u0119 lutropiny (LH), kt\u00f3ra z kolei sygnalizuje j\u0105drom zwi\u0119kszenie wytwarzania testosteronu<\/li>\n<li class=\"whitespace-normal break-words pl-2\"><strong>Ekstrakt z kozieradki pospolitej (Trigonella foenum-graecum)<\/strong> \u2014 naturalny stymulator poziomu wolnego testosteronu; poprawia energi\u0119 seksualn\u0105 i pop\u0119d p\u0142ciowy<\/li>\n<li class=\"whitespace-normal break-words pl-2\"><strong>Cynk<\/strong> \u2014 pierwiastek niezb\u0119dny do prawid\u0142owej syntezy testosteronu i utrzymania zdrowia gruczo\u0142u krokowego<\/li>\n<li class=\"whitespace-normal break-words pl-2\"><strong>Bioperyna (ekstrakt z pieprzu czarnego)<\/strong> \u2014 zwi\u0119ksza biodost\u0119pno\u015b\u0107 pozosta\u0142ych sk\u0142adnik\u00f3w aktywnych, dzi\u0119ki czemu organizm efektywniej je wch\u0142ania i wykorzystuje<\/li>\n<li class=\"whitespace-normal break-words pl-2\"><strong>Ekstrakt z maca peruwia\u0144skiej<\/strong> \u2014 adaptogen ze szczyt\u00f3w And\u00f3w, znany z w\u0142a\u015bciwo\u015bci afrodyzjakalnych i poprawy p\u0142odno\u015bci<\/li>\n<li class=\"whitespace-normal break-words pl-2\"><strong>Niacyna (witamina B3)<\/strong> \u2014 wspiera kr\u0105\u017cenie krwi i uczestniczy w procesach energetycznych organizmu<\/li>\n<\/ul>\n<p class=\"font-claude-response-body break-words whitespace-normal leading-[1.7]\">Wszystkie sk\u0142adniki s\u0105 pochodzenia naturalnego i zosta\u0142y dobrane tak, aby wzajemnie wzmacnia\u0107 swoje dzia\u0142anie, tworz\u0105c kompleksowy preparat na potencj\u0119 bez skutk\u00f3w ubocznych.<\/p>\n<h2 class=\"text-text-100 mt-3 -mb-1 text-[1.125rem] font-bold\">Efekty<\/h2>\n<p class=\"font-claude-response-body break-words whitespace-normal leading-[1.7]\">Regularne stosowanie zestawu Eron Plus przek\u0142ada si\u0119 na wyra\u017ane i odczuwalne efekty w sferze seksualnej:<\/p>\n<ul class=\"[li_&amp;]:mb-0 [li_&amp;]:mt-1 [li_&amp;]:gap-1 [&amp;:not(:last-child)_ul]:pb-1 [&amp;:not(:last-child)_ol]:pb-1 list-disc flex flex-col gap-1 pl-8 mb-3\">\n<li class=\"whitespace-normal break-words pl-2\">silniejszy i twardszy wzw\u00f3d, utrzymuj\u0105cy si\u0119 przez ca\u0142y czas trwania stosunku<\/li>\n<li class=\"whitespace-normal break-words pl-2\">zwi\u0119kszone libido i wyra\u017anie silniejszy pop\u0119d seksualny<\/li>\n<li class=\"whitespace-normal break-words pl-2\">lepsza kontrola nad wytryskiem i wyd\u0142u\u017cony czas zbli\u017cenia<\/li>\n<li class=\"whitespace-normal break-words pl-2\">wzrost poziomu testosteronu i og\u00f3lna poprawa witalno\u015bci<\/li>\n<li class=\"whitespace-normal break-words pl-2\">wi\u0119ksza pewno\u015b\u0107 siebie podczas intymnych kontakt\u00f3w<\/li>\n<li class=\"whitespace-normal break-words pl-2\">redukcja stresu seksualnego i obaw zwi\u0105zanych z efektywno\u015bci\u0105<\/li>\n<li class=\"whitespace-normal break-words pl-2\">intensywniejsze doznania zar\u00f3wno dla m\u0119\u017cczyzny, jak i jego partnerki<\/li>\n<li class=\"whitespace-normal break-words pl-2\">poprawa og\u00f3lnego samopoczucia i energii \u017cyciowej<\/li>\n<\/ul>\n<p class=\"font-claude-response-body break-words whitespace-normal leading-[1.7]\">Pierwsze efekty mog\u0105 by\u0107 widoczne ju\u017c po kilku tygodniach regularnej suplementacji, natomiast pe\u0142ne dzia\u0142anie formu\u0142y ujawnia si\u0119 po d\u0142u\u017cszym czasie stosowania \u2014 producent zaleca systematyczn\u0105 kuracj\u0119 trwaj\u0105c\u0105 co najmniej kilka miesi\u0119cy dla utrwalenia rezultat\u00f3w.<\/p>\n<h2 class=\"text-text-100 mt-3 -mb-1 text-[1.125rem] font-bold\">Skutki uboczne<\/h2>\n<p class=\"font-claude-response-body break-words whitespace-normal leading-[1.7]\">Jedn\u0105 z najwi\u0119kszych zalet zestawu Eron Plus jest jego bezpiecze\u0144stwo. Formu\u0142a oparta wy\u0142\u0105cznie na naturalnych sk\u0142adnikach sprawia, \u017ce preparat jest dobrze tolerowany przez zdecydowan\u0105 wi\u0119kszo\u015b\u0107 m\u0119\u017cczyzn i nie powoduje charakterystycznych dla lek\u00f3w farmaceutycznych dzia\u0142a\u0144 niepo\u017c\u0105danych \u2014 takich jak b\u00f3le g\u0142owy, zaczerwienienie twarzy, zaburzenia widzenia czy problemy z uk\u0142adem kr\u0105\u017cenia.<\/p>\n<p class=\"font-claude-response-body break-words whitespace-normal leading-[1.7]\">Suplement diety nie jest lekiem i nie zawiera substancji syntetycznych ani hormon\u00f3w egzogennych. Producent informuje, \u017ce przy stosowaniu zgodnie z zaleceniami nie odnotowano \u017cadnych skutk\u00f3w ubocznych. Dzi\u0119ki temu Eron Plus stanowi bezpieczn\u0105 alternatyw\u0119 dla farmakologicznych \u015brodk\u00f3w na erekcj\u0119, szczeg\u00f3lnie dla m\u0119\u017cczyzn, kt\u00f3rzy nie mog\u0105 lub nie chc\u0105 stosowa\u0107 lek\u00f3w na recept\u0119.<\/p>\n<h2 class=\"text-text-100 mt-3 -mb-1 text-[1.125rem] font-bold\">Ograniczenia stosowania<\/h2>\n<p class=\"font-claude-response-body break-words whitespace-normal leading-[1.7]\">Mimo naturalnego sk\u0142adu istnieje kilka sytuacji, w kt\u00f3rych nale\u017cy zachowa\u0107 ostro\u017cno\u015b\u0107 lub skonsultowa\u0107 si\u0119 z lekarzem przed rozpocz\u0119ciem suplementacji:<\/p>\n<ul class=\"[li_&amp;]:mb-0 [li_&amp;]:mt-1 [li_&amp;]:gap-1 [&amp;:not(:last-child)_ul]:pb-1 [&amp;:not(:last-child)_ol]:pb-1 list-disc flex flex-col gap-1 pl-8 mb-3\">\n<li class=\"whitespace-normal break-words pl-2\">alergia lub nadwra\u017cliwo\u015b\u0107 na kt\u00f3rykolwiek ze sk\u0142adnik\u00f3w preparatu<\/li>\n<li class=\"whitespace-normal break-words pl-2\">wiek poni\u017cej 18 lat \u2014 suplement przeznaczony jest wy\u0142\u0105cznie dla doros\u0142ych m\u0119\u017cczyzn<\/li>\n<li class=\"whitespace-normal break-words pl-2\">powa\u017cne schorzenia uk\u0142adu sercowo-naczyniowego lub przyjmowanie lek\u00f3w na nadci\u015bnienie<\/li>\n<li class=\"whitespace-normal break-words pl-2\">jednoczesne stosowanie innych preparat\u00f3w na potencj\u0119 lub lek\u00f3w wp\u0142ywaj\u0105cych na uk\u0142ad kr\u0105\u017cenia<\/li>\n<li class=\"whitespace-normal break-words pl-2\">choroby przewlek\u0142e wymagaj\u0105ce sta\u0142ej farmakoterapii \u2014 w takich przypadkach wskazana jest konsultacja z lekarzem<\/li>\n<\/ul>\n<p class=\"font-claude-response-body break-words whitespace-normal leading-[1.7]\">Kobiety i dzieci nie powinny stosowa\u0107 tego produktu. Suplementu nie nale\u017cy traktowa\u0107 jako zamiennika zbilansowanej diety i zdrowego stylu \u017cycia.<\/p>\n<h2 class=\"text-text-100 mt-3 -mb-1 text-[1.125rem] font-bold\">Spos\u00f3b u\u017cycia<\/h2>\n<p class=\"font-claude-response-body break-words whitespace-normal leading-[1.7]\">Prawid\u0142owe dawkowanie zestawu Eron Plus jest kluczem do osi\u0105gni\u0119cia optymalnych efekt\u00f3w. Schemat stosowania jest prosty i czytelny:<\/p>\n<ul class=\"[li_&amp;]:mb-0 [li_&amp;]:mt-1 [li_&amp;]:gap-1 [&amp;:not(:last-child)_ul]:pb-1 [&amp;:not(:last-child)_ol]:pb-1 list-disc flex flex-col gap-1 pl-8 mb-3\">\n<li class=\"whitespace-normal break-words pl-2\"><strong>Eron Plus (kapsu\u0142ki codzienne):<\/strong> nale\u017cy przyjmowa\u0107 <strong>2 kapsu\u0142ki dziennie<\/strong> \u2014 najlepiej w regularnych porach, rano lub wieczorem, popijaj\u0105c szklank\u0105 wody. Codzienna suplementacja zapewnia sta\u0142y poziom sk\u0142adnik\u00f3w aktywnych w organizmie i wspiera d\u0142ugoterminow\u0105 popraw\u0119 funkcji seksualnych.<\/li>\n<li class=\"whitespace-normal break-words pl-2\"><strong>Eron Plus Before (kapsu\u0142ki przed stosunkiem):<\/strong> nale\u017cy przyjmowa\u0107 <strong>2 kapsu\u0142ki na oko\u0142o 2 godziny przed planowanym stosunkiem p\u0142ciowym<\/strong>. Kapsu\u0142ki dzia\u0142aj\u0105 szybko i bezpo\u015brednio stymuluj\u0105 erekcj\u0119, zapewniaj\u0105c gotowo\u015b\u0107 i pe\u0142n\u0105 sprawno\u015b\u0107 seksualn\u0105 w kluczowym momencie.<\/li>\n<\/ul>\n<p class=\"font-claude-response-body break-words whitespace-normal leading-[1.7]\">Nie nale\u017cy przekracza\u0107 zalecanej dawki dobowej. W razie w\u0105tpliwo\u015bci dotycz\u0105cych stosowania warto skonsultowa\u0107 si\u0119 z lekarzem lub farmaceut\u0105.<\/p>\n<h2 class=\"text-text-100 mt-3 -mb-1 text-[1.125rem] font-bold\">Kup Eron Plus, cena<\/h2>\n<p class=\"font-claude-response-body break-words whitespace-normal leading-[1.7]\">Eron Plus nie jest dost\u0119pny w sprzeda\u017cy stacjonarnej \u2014 nie kupisz go w aptekach, sklepach ze zdrow\u0105 \u017cywno\u015bci\u0105 ani drogeriach. Taka polityka dystrybucji ma na celu ochron\u0119 konsumenta przed podr\u00f3bkami i zagwarantowanie najwy\u017cszej jako\u015bci produktu. Producent prowadzi sprzeda\u017c wy\u0142\u0105cznie przez w\u0142asny, autoryzowany kana\u0142 internetowy.<\/p>\n<p class=\"font-claude-response-body break-words whitespace-normal leading-[1.7]\">Na oficjalnej stronie producenta regularnie pojawiaj\u0105 si\u0119 atrakcyjne promocje cenowe \u2014 zw\u0142aszcza przy zakupie wi\u0119kszych pakiet\u00f3w. Kupuj\u0105c kilkumiesi\u0119czny zapas, mo\u017cna liczy\u0107 na znacz\u0105ce oszcz\u0119dno\u015bci w przeliczeniu na porcj\u0119. Zakup przez stron\u0119 producenta gwarantuje te\u017c oryginalno\u015b\u0107 produktu, bezpieczne metody p\u0142atno\u015bci i szybk\u0105, dyskretn\u0105 wysy\u0142k\u0119 w anonimowych opakowaniach, bez zb\u0119dnych oznacze\u0144 sugeruj\u0105cych zawarto\u015b\u0107.<\/p>\n<h2 class=\"text-text-100 mt-3 -mb-1 text-[1.125rem] font-bold\">Zam\u00f3w Eron Plus na stronie producenta<\/h2>\n<p class=\"font-claude-response-body break-words whitespace-normal leading-[1.7]\">Z\u0142o\u017cenie zam\u00f3wienia na oficjalnej stronie producenta jest szybkie i wygodne. Wystarczy wybra\u0107 odpowiedni pakiet, wype\u0142ni\u0107 formularz zam\u00f3wieniowy i wybra\u0107 preferowan\u0105 metod\u0119 p\u0142atno\u015bci. Zam\u00f3wienie jest realizowane sprawnie, a produkt dociera do klienta w ci\u0105gu kilku dni roboczych w dyskretnym opakowaniu, kt\u00f3re nie zdradza charakteru przesy\u0142ki.<\/p>\n<p class=\"font-claude-response-body break-words whitespace-normal leading-[1.7]\">Kupuj\u0105c bezpo\u015brednio u producenta, masz pewno\u015b\u0107, \u017ce otrzymujesz oryginalny preparat Eron Plus \u2014 nie ta\u0144szy zamiennik ani podr\u00f3bk\u0119 z nieznanego \u017ar\u00f3d\u0142a. Producent oferuje r\u00f3wnie\u017c obs\u0142ug\u0119 klienta i mo\u017cliwo\u015b\u0107 uzyskania porady dotycz\u0105cej stosowania produktu. To jedyna rekomendowana i bezpieczna droga zakupu tego suplementu na polskim rynku.<\/p>\n<h2 class=\"text-text-100 mt-3 -mb-1 text-[1.125rem] font-bold\">Porady ekspert\u00f3w<\/h2>\n<p class=\"font-claude-response-body break-words whitespace-normal leading-[1.7]\">Specjali\u015bci zajmuj\u0105cy si\u0119 seksuologi\u0105 i andrologii zwracaj\u0105 uwag\u0119, \u017ce zaburzenia erekcji maj\u0105 cz\u0119sto wieloczynnikowe pod\u0142o\u017ce \u2014 \u0142\u0105cz\u0105 elementy fizyczne (s\u0142abe kr\u0105\u017cenie, niski testosteron) z psychologicznymi (stres, l\u0119k przed ocen\u0105, niska samoocena). W\u0142a\u015bnie dlatego eksperci coraz cz\u0119\u015bciej rekomenduj\u0105 kompleksowe podej\u015bcie do leczenia dysfunkcji seksualnych \u2014 zar\u00f3wno przez modyfikacj\u0119 stylu \u017cycia, jak i suplementacj\u0119 o szerokim spektrum dzia\u0142ania.<\/p>\n<p class=\"font-claude-response-body break-words whitespace-normal leading-[1.7]\">Preparaty takie jak Eron Plus wpisuj\u0105 si\u0119 w ten nurt: naturalne sk\u0142adniki oddzia\u0142uj\u0105 jednocze\u015bnie na uk\u0142ad kr\u0105\u017cenia, gospodark\u0119 hormonaln\u0105 i uk\u0142ad nerwowy, oferuj\u0105c wielotorowe wsparcie. Eksperci podkre\u015blaj\u0105 jednak, \u017ce suplementacja dzia\u0142a najskuteczniej w po\u0142\u0105czeniu z regularn\u0105 aktywno\u015bci\u0105 fizyczn\u0105 (poprawiaj\u0105c\u0105 ukrwienie i poziom testosteronu), zr\u00f3wnowa\u017con\u0105 diet\u0105 bogat\u0105 w cynk, selen i witamin\u0119 D, ograniczeniem alkoholu i papieros\u00f3w oraz technikami redukcji stresu. Je\u015bli problem z erekcj\u0105 utrzymuje si\u0119 mimo suplementacji i zmiany stylu \u017cycia, warto skonsultowa\u0107 si\u0119 z lekarzem, by wykluczy\u0107 powa\u017cniejsze schorzenia, takie jak cukrzyca czy choroby uk\u0142adu sercowo-naczyniowego.<\/p>\n<h2 class=\"text-text-100 mt-3 -mb-1 text-[1.125rem] font-bold\">Opinie u\u017cytkownik\u00f3w, fora w Polsce<\/h2>\n<p class=\"font-claude-response-body break-words whitespace-normal leading-[1.7]\">Eron Plus cieszy si\u0119 rosn\u0105c\u0105 popularno\u015bci\u0105 w\u015br\u00f3d polskich m\u0119\u017cczyzn, a opinie na forach internetowych i portalach tematycznych s\u0105 w zdecydowanej wi\u0119kszo\u015bci pozytywne. U\u017cytkownicy doceniaj\u0105 przede wszystkim naturalny sk\u0142ad, brak skutk\u00f3w ubocznych i podw\u00f3jn\u0105 formu\u0142\u0119 dzia\u0142ania, kt\u00f3ra \u0142\u0105czy d\u0142ugoterminowe wsparcie z szybkim efektem przed zbli\u017ceniem.<\/p>\n<ul class=\"[li_&amp;]:mb-0 [li_&amp;]:mt-1 [li_&amp;]:gap-1 [&amp;:not(:last-child)_ul]:pb-1 [&amp;:not(:last-child)_ol]:pb-1 list-disc flex flex-col gap-1 pl-8 mb-3\">\n<li class=\"whitespace-normal break-words pl-2\"><strong>Marek, 47 lat:<\/strong> \u201eStosowa\u0142em Eron Plus przez trzy miesi\u0105ce i naprawd\u0119 widz\u0119 r\u00f3\u017cnic\u0119. Wzw\u00f3d jest silniejszy, trwa d\u0142u\u017cej, a ja w ko\u0144cu przesta\u0142em si\u0119 stresowa\u0107 przed ka\u017cdym zbli\u017ceniem. Polecam ka\u017cdemu m\u0119\u017cczy\u017anie, kt\u00f3ry ma podobne problemy \u2014 warto spr\u00f3bowa\u0107 zanim si\u0119gnie si\u0119 po silniejsze leki.&#8221;<\/li>\n<li class=\"whitespace-normal break-words pl-2\"><strong>Tomasz, 38 lat:<\/strong> \u201ePocz\u0105tkowo by\u0142em sceptyczny, bo nie wierz\u0119 w cuda. Ale po kilku tygodniach poczu\u0142em realn\u0105 zmian\u0119 \u2014 wi\u0119cej energii, lepsze libido, a Eron Plus Before dzia\u0142a naprawd\u0119 szybko i skutecznie. Kupuj\u0119 ju\u017c drugi pakiet i na razie nie planuj\u0119 rezygnowa\u0107.&#8221;<\/li>\n<\/ul>\n","protected":false},"excerpt":{"rendered":"<p>Eron Plus to innowacyjny dwusk\u0142adnikowy zestaw suplement\u00f3w diety przeznaczony dla m\u0119\u017cczyzn zmagaj\u0105cych si\u0119 z problemami z erekcj\u0105. W odr\u00f3\u017cnieniu od tradycyjnych preparat\u00f3w na potencj\u0119, ten produkt opiera si\u0119 na dwuetapowej formule dzia\u0142ania, kt\u00f3ra \u0142\u0105czy d\u0142ugoterminow\u0105 regeneracj\u0119 organizmu z natychmiastow\u0105 stymulacj\u0105 erekcji tu\u017c przed stosunkiem. Zestaw sk\u0142ada si\u0119 z dw\u00f3ch rodzaj\u00f3w kapsu\u0142ek: Eron Plus oraz Eron [&hellip;]<\/p>\n","protected":false},"featured_media":749,"comment_status":"open","ping_status":"closed","template":"","meta":[],"product_brand":[],"product_cat":[15],"product_tag":[],"class_list":{"0":"post-748","1":"product","2":"type-product","3":"status-publish","4":"has-post-thumbnail","6":"product_cat-suplement","8":"first","9":"instock","10":"shipping-taxable","11":"product-type-external"},"aioseo_notices":[],"_links":{"self":[{"href":"https:\/\/orto-medika.pl\/store\/wp-json\/wp\/v2\/product\/748","targetHints":{"allow":["GET"]}}],"collection":[{"href":"https:\/\/orto-medika.pl\/store\/wp-json\/wp\/v2\/product"}],"about":[{"href":"https:\/\/orto-medika.pl\/store\/wp-json\/wp\/v2\/types\/product"}],"replies":[{"embeddable":true,"href":"https:\/\/orto-medika.pl\/store\/wp-json\/wp\/v2\/comments?post=748"}],"wp:featuredmedia":[{"embeddable":true,"href":"https:\/\/orto-medika.pl\/store\/wp-json\/wp\/v2\/media\/749"}],"wp:attachment":[{"href":"https:\/\/orto-medika.pl\/store\/wp-json\/wp\/v2\/media?parent=748"}],"wp:term":[{"taxonomy":"product_brand","embeddable":true,"href":"https:\/\/orto-medika.pl\/store\/wp-json\/wp\/v2\/product_brand?post=748"},{"taxonomy":"product_cat","embeddable":true,"href":"https:\/\/orto-medika.pl\/store\/wp-json\/wp\/v2\/product_cat?post=748"},{"taxonomy":"product_tag","embeddable":true,"href":"https:\/\/orto-medika.pl\/store\/wp-json\/wp\/v2\/product_tag?post=748"}],"curies":[{"name":"wp","href":"https:\/\/api.w.org\/{rel}","templated":true}]}}