{"id":742,"date":"2026-03-16T09:54:08","date_gmt":"2026-03-16T09:54:08","guid":{"rendered":"https:\/\/orto-medika.pl\/store\/?post_type=product&#038;p=742"},"modified":"2026-03-16T09:54:09","modified_gmt":"2026-03-16T09:54:09","slug":"member-xxl","status":"publish","type":"product","link":"https:\/\/orto-medika.pl\/store\/product\/member-xxl\/","title":{"rendered":"Member XXL"},"content":{"rendered":"<p class=\"font-claude-response-body break-words whitespace-normal leading-[1.7]\">Member XXL to kapsu\u0142ki na powi\u0119kszenie penisa stworzone z my\u015bl\u0105 o m\u0119\u017cczyznach, kt\u00f3rzy chc\u0105 osi\u0105gn\u0105\u0107 wyra\u017an\u0105 i trwa\u0142\u0105 popraw\u0119 w sferze intymnej. Preparat wyr\u00f3\u017cnia si\u0119 na tle konkurencji przede wszystkim bezpiecze\u0144stwem stosowania \u2014 formu\u0142a oparta wy\u0142\u0105cznie na sk\u0142adnikach naturalnych sprawia, \u017ce suplementacja jest komfortowa i dyskretna.<\/p>\n<p class=\"font-claude-response-body break-words whitespace-normal leading-[1.7]\">Produkt dost\u0119pny jest wy\u0142\u0105cznie przez internet, co gwarantuje pe\u0142n\u0105 prywatno\u015b\u0107 zakupu. Member XXL nie jest lekiem w rozumieniu prawa farmaceutycznego, lecz suplementem diety przeznaczonym dla doros\u0142ych m\u0119\u017cczyzn. Preparat nie wymaga recepty ani konsultacji medycznej, cho\u0107 \u2014 jak w przypadku ka\u017cdej suplementacji \u2014 warto skonsultowa\u0107 si\u0119 z lekarzem, je\u015bli przyjmujesz inne \u015brodki farmakologiczne.<\/p>\n<p class=\"font-claude-response-body break-words whitespace-normal leading-[1.7]\">Kapsu\u0142ki Member XXL produkowane s\u0105 zgodnie z europejskimi normami bezpiecze\u0144stwa \u017cywno\u015bci. Producent podkre\u015bla, \u017ce receptura zosta\u0142a opracowana przez specjalist\u00f3w i bazuje na wieloletnich badaniach dotycz\u0105cych naturalnych metod wspierania m\u0119skiej sprawno\u015bci.<\/p>\n<h2 class=\"text-text-100 mt-3 -mb-1 text-[1.125rem] font-bold\">Wskazania do stosowania Member XXL<\/h2>\n<p class=\"font-claude-response-body break-words whitespace-normal leading-[1.7]\">Preparat jest dedykowany m\u0119\u017cczyznom, kt\u00f3rzy zmagaj\u0105 si\u0119 z nast\u0119puj\u0105cymi problemami lub pragnieniami:<\/p>\n<ul class=\"[li_&amp;]:mb-0 [li_&amp;]:mt-1 [li_&amp;]:gap-1 [&amp;:not(:last-child)_ul]:pb-1 [&amp;:not(:last-child)_ol]:pb-1 list-disc flex flex-col gap-1 pl-8 mb-3\">\n<li class=\"whitespace-normal break-words pl-2\">ch\u0119\u0107 powi\u0119kszenia i pogrubienia cz\u0142onka<\/li>\n<li class=\"whitespace-normal break-words pl-2\">os\u0142abiona erekcja lub trudno\u015bci z jej utrzymaniem<\/li>\n<li class=\"whitespace-normal break-words pl-2\">obni\u017cone libido i zmniejszone zainteresowanie \u017cyciem seksualnym<\/li>\n<li class=\"whitespace-normal break-words pl-2\">skr\u00f3cony czas stosunku, przedwczesny wytrysk<\/li>\n<li class=\"whitespace-normal break-words pl-2\">poczucie braku pewno\u015bci siebie w sypialni<\/li>\n<li class=\"whitespace-normal break-words pl-2\">ch\u0119\u0107 poprawy og\u00f3lnej kondycji uk\u0142adu rozrodczego<\/li>\n<\/ul>\n<p class=\"font-claude-response-body break-words whitespace-normal leading-[1.7]\">Member XXL sprawdzi si\u0119 zar\u00f3wno u m\u0142odszych m\u0119\u017cczyzn szukaj\u0105cych intensyfikacji dozna\u0144, jak i u starszych pan\u00f3w, kt\u00f3rzy zauwa\u017cyli spadek formy seksualnej zwi\u0105zany z wiekiem. Produkt nie zast\u0119puje leczenia zaburze\u0144 erekcji o pod\u0142o\u017cu organicznym \u2014 je\u015bli problem jest powa\u017cny, konieczna jest konsultacja lekarska.<\/p>\n<h2 class=\"text-text-100 mt-3 -mb-1 text-[1.125rem] font-bold\">Dzia\u0142anie Member XXL<\/h2>\n<p class=\"font-claude-response-body break-words whitespace-normal leading-[1.7]\">Mechanizm dzia\u0142ania Member XXL opiera si\u0119 na synergii sk\u0142adnik\u00f3w ro\u015blinnych i mineralnych, kt\u00f3re oddzia\u0142uj\u0105 na kilka uk\u0142ad\u00f3w jednocze\u015bnie. Przede wszystkim preparat wp\u0142ywa na ukrwienie cia\u0142 jamistych pr\u0105cia \u2014 zwi\u0119kszony przep\u0142yw krwi to podstawa trwa\u0142ej i mocnej erekcji, a przy regularnym stosowaniu mo\u017ce przyczyni\u0107 si\u0119 do wzrostu wymiar\u00f3w cz\u0142onka.<\/p>\n<p class=\"font-claude-response-body break-words whitespace-normal leading-[1.7]\">Aktywne sk\u0142adniki stymuluj\u0105 produkcj\u0119 tlenku azotu, kt\u00f3ry odpowiada za rozkurcz naczy\u0144 krwiono\u015bnych i intensywniejszy nap\u0142yw krwi do tkanek pr\u0105cia. Jednocze\u015bnie preparat reguluje gospodark\u0119 hormonaln\u0105, wspieraj\u0105c naturaln\u0105 produkcj\u0119 testosteronu \u2014 hormonu kluczowego dla libido, energii seksualnej i og\u00f3lnej witalno\u015bci m\u0119\u017cczyzny.<\/p>\n<p class=\"font-claude-response-body break-words whitespace-normal leading-[1.7]\"><strong>D\u0142ugotrwa\u0142e stosowanie Member XXL mo\u017ce przyczynia\u0107 si\u0119 do:<\/strong><\/p>\n<ul class=\"[li_&amp;]:mb-0 [li_&amp;]:mt-1 [li_&amp;]:gap-1 [&amp;:not(:last-child)_ul]:pb-1 [&amp;:not(:last-child)_ol]:pb-1 list-disc flex flex-col gap-1 pl-8 mb-3\">\n<li class=\"whitespace-normal break-words pl-2\">stopniowego wzrostu d\u0142ugo\u015bci i obwodu pr\u0105cia<\/li>\n<li class=\"whitespace-normal break-words pl-2\">poprawy twardo\u015bci i trwa\u0142o\u015bci wzwodu<\/li>\n<li class=\"whitespace-normal break-words pl-2\">zwi\u0119kszenia intensywno\u015bci orgazm\u00f3w<\/li>\n<li class=\"whitespace-normal break-words pl-2\">wyd\u0142u\u017cenia czasu stosunku<\/li>\n<li class=\"whitespace-normal break-words pl-2\">wzrostu pop\u0119du seksualnego i energii \u017cyciowej<\/li>\n<\/ul>\n<h2 class=\"text-text-100 mt-3 -mb-1 text-[1.125rem] font-bold\">Sk\u0142ad Member XXL<\/h2>\n<p class=\"font-claude-response-body break-words whitespace-normal leading-[1.7]\">Formu\u0142a Member XXL to starannie dobrana kompozycja naturalnych sk\u0142adnik\u00f3w aktywnych o udokumentowanym dzia\u0142aniu wspieraj\u0105cym m\u0119sk\u0105 seksualno\u015b\u0107:<\/p>\n<ul class=\"[li_&amp;]:mb-0 [li_&amp;]:mt-1 [li_&amp;]:gap-1 [&amp;:not(:last-child)_ul]:pb-1 [&amp;:not(:last-child)_ol]:pb-1 list-disc flex flex-col gap-1 pl-8 mb-3\">\n<li class=\"whitespace-normal break-words pl-2\"><strong>Epimedium (Horny Goat Weed)<\/strong> \u2014 zawiera ikaryn\u0119, substancj\u0119 hamuj\u0105c\u0105 enzym PDE5 i wspieraj\u0105c\u0105 erekcj\u0119 w spos\u00f3b zbli\u017cony do mechanizmu dzia\u0142ania lek\u00f3w na potencj\u0119; nasila przep\u0142yw krwi do cia\u0142 jamistych<\/li>\n<li class=\"whitespace-normal break-words pl-2\"><strong>\u017be\u0144-sze\u0144 korea\u0144ski (Panax ginseng)<\/strong> \u2014 adaptogen od tysi\u0119cy lat stosowany w medycynie Wschodu; zwi\u0119ksza wytrzyma\u0142o\u015b\u0107, redukuje stres, stymuluje produkcj\u0119 tlenku azotu i poprawia jako\u015b\u0107 erekcji<\/li>\n<li class=\"whitespace-normal break-words pl-2\"><strong>Maca peruwia\u0144ska (Lepidium meyenii)<\/strong> \u2014 ro\u015blina andyjska znana z w\u0142a\u015bciwo\u015bci poprawiaj\u0105cych libido, p\u0142odno\u015b\u0107 i poziom energii seksualnej u m\u0119\u017cczyzn<\/li>\n<li class=\"whitespace-normal break-words pl-2\"><strong>Ekstrakt z korzenia pokrzywy (Urtica dioica)<\/strong> \u2014 wp\u0142ywa na metabolizm testosteronu, zwi\u0119ksza poziom wolnego hormonu we krwi, wspiera zdrowie prostaty<\/li>\n<li class=\"whitespace-normal break-words pl-2\"><strong>L-arginina<\/strong> \u2014 aminokwas b\u0119d\u0105cy prekursorem tlenku azotu; odpowiada za rozszerzenie naczy\u0144 krwiono\u015bnych i intensywniejszy nap\u0142yw krwi do pr\u0105cia<\/li>\n<li class=\"whitespace-normal break-words pl-2\"><strong>Cynk<\/strong> \u2014 minera\u0142 niezb\u0119dny do produkcji testosteronu i prawid\u0142owego funkcjonowania uk\u0142adu rozrodczego; niedob\u00f3r cynku bezpo\u015brednio przek\u0142ada si\u0119 na obni\u017cone libido<\/li>\n<li class=\"whitespace-normal break-words pl-2\"><strong>Ekstrakt z owoc\u00f3w palmy saba\u0142owej (Saw Palmetto)<\/strong> \u2014 wspiera zdrowie prostaty, reguluje gospodark\u0119 hormonaln\u0105, zmniejsza nadmiern\u0105 konwersj\u0119 testosteronu do DHT<\/li>\n<\/ul>\n<p class=\"font-claude-response-body break-words whitespace-normal leading-[1.7]\">Wszystkie sk\u0142adniki s\u0105 pochodzenia naturalnego i zosta\u0142y dobrane tak, aby wzajemnie wzmacnia\u0107 swoje dzia\u0142anie w ramach kompleksowej formu\u0142y.<\/p>\n<h2 class=\"text-text-100 mt-3 -mb-1 text-[1.125rem] font-bold\">Efekty<\/h2>\n<p class=\"font-claude-response-body break-words whitespace-normal leading-[1.7]\">Regularne stosowanie Member XXL zgodnie z zaleceniami producenta przynosi efekty stopniowo \u2014 im d\u0142u\u017cej trwa kuracja, tym wyra\u017aniejsze i trwalsze staj\u0105 si\u0119 rezultaty:<\/p>\n<ul class=\"[li_&amp;]:mb-0 [li_&amp;]:mt-1 [li_&amp;]:gap-1 [&amp;:not(:last-child)_ul]:pb-1 [&amp;:not(:last-child)_ol]:pb-1 list-disc flex flex-col gap-1 pl-8 mb-3\">\n<li class=\"whitespace-normal break-words pl-2\"><strong>1\u20132 tydzie\u0144:<\/strong> poprawa ukrwienia, mocniejsze i trwalsze erekcje, wzrost libido<\/li>\n<li class=\"whitespace-normal break-words pl-2\"><strong>3\u20134 tydzie\u0144:<\/strong> wyra\u017ane zwi\u0119kszenie energii seksualnej, d\u0142u\u017cszy czas stosunku, lepsza kontrola wytrysku<\/li>\n<li class=\"whitespace-normal break-words pl-2\"><strong>2\u20133 miesi\u0105c:<\/strong> widoczny wzrost wymiar\u00f3w pr\u0105cia w stanie erekcji, wi\u0119ksza pewno\u015b\u0107 siebie w sypialni<\/li>\n<li class=\"whitespace-normal break-words pl-2\"><strong>3\u20136 miesi\u0105c:<\/strong> utrwalenie efekt\u00f3w, optymalne wymiary, trwa\u0142a poprawa jako\u015bci \u017cycia intymnego<\/li>\n<\/ul>\n<p class=\"font-claude-response-body break-words whitespace-normal leading-[1.7]\">Producent zaleca stosowanie preparatu przez co najmniej trzy miesi\u0105ce, aby osi\u0105gn\u0105\u0107 pe\u0142ni\u0119 efekt\u00f3w. Indywidualne rezultaty mog\u0105 si\u0119 r\u00f3\u017cni\u0107 w zale\u017cno\u015bci od wyj\u015bciowego stanu zdrowia, stylu \u017cycia i regularno\u015bci suplementacji.<\/p>\n<h2 class=\"text-text-100 mt-3 -mb-1 text-[1.125rem] font-bold\">Skutki uboczne<\/h2>\n<p class=\"font-claude-response-body break-words whitespace-normal leading-[1.7]\">Member XXL bazuje wy\u0142\u0105cznie na naturalnych sk\u0142adnikach ro\u015blinnych i mineralnych, dlatego ryzyko dzia\u0142a\u0144 niepo\u017c\u0105danych jest minimalne. Produkt nie zawiera syntetycznych hormon\u00f3w, substancji farmakologicznych ani sk\u0142adnik\u00f3w o agresywnym dzia\u0142aniu biochemicznym.<\/p>\n<p class=\"font-claude-response-body break-words whitespace-normal leading-[1.7]\">W rzadkich przypadkach mog\u0105 wyst\u0105pi\u0107 \u0142agodne dolegliwo\u015bci \u017co\u0142\u0105dkowo-jelitowe, szczeg\u00f3lnie na pocz\u0105tku stosowania \u2014 jest to typowa reakcja organizmu na nowe sk\u0142adniki aktywne i zazwyczaj ust\u0119puje po kilku dniach. Je\u015bli objawy utrzymuj\u0105 si\u0119 lub nasilaj\u0105, nale\u017cy przerwa\u0107 stosowanie i skonsultowa\u0107 si\u0119 z lekarzem.<\/p>\n<p class=\"font-claude-response-body break-words whitespace-normal leading-[1.7]\">Przed zastosowaniem preparatu zaleca si\u0119 zapoznanie z pe\u0142nym sk\u0142adem w celu wykluczenia ewentualnej alergii na kt\u00f3rykolwiek ze sk\u0142adnik\u00f3w.<\/p>\n<h2 class=\"text-text-100 mt-3 -mb-1 text-[1.125rem] font-bold\">Ograniczenia stosowania<\/h2>\n<p class=\"font-claude-response-body break-words whitespace-normal leading-[1.7]\">Preparat Member XXL nie jest przeznaczony dla:<\/p>\n<ul class=\"[li_&amp;]:mb-0 [li_&amp;]:mt-1 [li_&amp;]:gap-1 [&amp;:not(:last-child)_ul]:pb-1 [&amp;:not(:last-child)_ol]:pb-1 list-disc flex flex-col gap-1 pl-8 mb-3\">\n<li class=\"whitespace-normal break-words pl-2\">os\u00f3b poni\u017cej 18 roku \u017cycia<\/li>\n<li class=\"whitespace-normal break-words pl-2\">m\u0119\u017cczyzn z ci\u0119\u017ckimi schorzeniami uk\u0142adu sercowo-naczyniowego<\/li>\n<li class=\"whitespace-normal break-words pl-2\">os\u00f3b przyjmuj\u0105cych leki na bazie azotan\u00f3w<\/li>\n<li class=\"whitespace-normal break-words pl-2\">m\u0119\u017cczyzn z udokumentowan\u0105 alergi\u0105 na kt\u00f3rykolwiek ze sk\u0142adnik\u00f3w formu\u0142y<\/li>\n<li class=\"whitespace-normal break-words pl-2\">os\u00f3b w trakcie leczenia onkologicznego<\/li>\n<\/ul>\n<p class=\"font-claude-response-body break-words whitespace-normal leading-[1.7]\">W przypadku jakichkolwiek w\u0105tpliwo\u015bci dotycz\u0105cych stanu zdrowia zaleca si\u0119 konsultacj\u0119 z lekarzem przed rozpocz\u0119ciem suplementacji. Member XXL to suplement diety, a nie lek \u2014 nie zast\u0119puje profesjonalnej opieki medycznej.<\/p>\n<h2 class=\"text-text-100 mt-3 -mb-1 text-[1.125rem] font-bold\">Spos\u00f3b u\u017cycia<\/h2>\n<p class=\"font-claude-response-body break-words whitespace-normal leading-[1.7]\">Stosowanie Member XXL jest proste i nie wymaga \u017cadnych specjalnych przygotowa\u0144:<\/p>\n<ul class=\"[li_&amp;]:mb-0 [li_&amp;]:mt-1 [li_&amp;]:gap-1 [&amp;:not(:last-child)_ul]:pb-1 [&amp;:not(:last-child)_ol]:pb-1 list-disc flex flex-col gap-1 pl-8 mb-3\">\n<li class=\"whitespace-normal break-words pl-2\"><strong>Dawkowanie:<\/strong> 2 kapsu\u0142ki dziennie<\/li>\n<li class=\"whitespace-normal break-words pl-2\"><strong>Spos\u00f3b przyjmowania:<\/strong> po\u0142kn\u0105\u0107 kapsu\u0142ki i popi\u0107 szklank\u0105 wody<\/li>\n<li class=\"whitespace-normal break-words pl-2\"><strong>Czas przyjmowania:<\/strong> najlepiej rano, podczas posi\u0142ku lub bezpo\u015brednio po nim<\/li>\n<li class=\"whitespace-normal break-words pl-2\"><strong>Czas trwania kuracji:<\/strong> minimalnie 3 miesi\u0105ce dla uzyskania optymalnych efekt\u00f3w<\/li>\n<li class=\"whitespace-normal break-words pl-2\"><strong>Regularno\u015b\u0107:<\/strong> kluczem do sukcesu jest codzienne, systematyczne stosowanie bez przerw<\/li>\n<\/ul>\n<p class=\"font-claude-response-body break-words whitespace-normal leading-[1.7]\">Nie nale\u017cy przekracza\u0107 zalecanej dawki dobowej. Suplement nale\u017cy przechowywa\u0107 w suchym miejscu, w temperaturze pokojowej, z dala od dzieci.<\/p>\n<h2 class=\"text-text-100 mt-3 -mb-1 text-[1.125rem] font-bold\">Kup Member XXL, cena<\/h2>\n<p class=\"font-claude-response-body break-words whitespace-normal leading-[1.7]\">Member XXL nie jest dost\u0119pny w aptekach stacjonarnych ani na popularnych platformach sprzeda\u017cowych. Producent celowo ograniczy\u0142 dystrybucj\u0119 do oficjalnego sklepu internetowego, co pozwala na kontrol\u0119 jako\u015bci produktu oraz ochron\u0119 klient\u00f3w przed zakupem podr\u00f3bek.<\/p>\n<p class=\"font-claude-response-body break-words whitespace-normal leading-[1.7]\">Zakup bezpo\u015brednio u producenta to gwarancja oryginalno\u015bci preparatu, dyskretnej wysy\u0142ki w neutralnym opakowaniu oraz dost\u0119pu do aktualnych promocji i pakiet\u00f3w ilo\u015bciowych. Producent regularnie oferuje atrakcyjne zestawy, dzi\u0119ki kt\u00f3rym kuracja kilkumiesi\u0119czna wychodzi znacznie korzystniej cenowo ni\u017c zakup pojedynczych opakowa\u0144.<\/p>\n<p class=\"font-claude-response-body break-words whitespace-normal leading-[1.7]\">Warto zwr\u00f3ci\u0107 uwag\u0119 na oficjalne pakiety promocyjne \u2014 im d\u0142u\u017csza kuracja w jednym zam\u00f3wieniu, tym ni\u017cszy koszt jednostkowy i wi\u0119ksza oszcz\u0119dno\u015b\u0107.<\/p>\n<h2 class=\"text-text-100 mt-3 -mb-1 text-[1.125rem] font-bold\">Zam\u00f3w Member XXL na stronie producenta<\/h2>\n<p class=\"font-claude-response-body break-words whitespace-normal leading-[1.7]\">Aby mie\u0107 pewno\u015b\u0107, \u017ce zamawiasz oryginalny preparat Member XXL, wejd\u017a wy\u0142\u0105cznie na oficjaln\u0105 stron\u0119 producenta. Unikniesz w ten spos\u00f3b ryzyka zakupu nieoryginalnego produktu, kt\u00f3ry mo\u017ce by\u0107 nie tylko nieskuteczny, ale i potencjalnie szkodliwy.<\/p>\n<p class=\"font-claude-response-body break-words whitespace-normal leading-[1.7]\"><strong>Proces zam\u00f3wienia jest szybki i intuicyjny:<\/strong><\/p>\n<ul class=\"[li_&amp;]:mb-0 [li_&amp;]:mt-1 [li_&amp;]:gap-1 [&amp;:not(:last-child)_ul]:pb-1 [&amp;:not(:last-child)_ol]:pb-1 list-disc flex flex-col gap-1 pl-8 mb-3\">\n<li class=\"whitespace-normal break-words pl-2\">wype\u0142nij kr\u00f3tki formularz zam\u00f3wienia na stronie producenta<\/li>\n<li class=\"whitespace-normal break-words pl-2\">wybierz preferowany pakiet<\/li>\n<li class=\"whitespace-normal break-words pl-2\">op\u0142a\u0107 zam\u00f3wienie wybran\u0105 metod\u0105 p\u0142atno\u015bci<\/li>\n<li class=\"whitespace-normal break-words pl-2\">odbierz dyskretn\u0105 przesy\u0142k\u0119 pod wskazany adres<\/li>\n<\/ul>\n<p class=\"font-claude-response-body break-words whitespace-normal leading-[1.7]\">Wysy\u0142ka realizowana jest zwykle w ci\u0105gu 24\u201348 godzin od potwierdzenia zam\u00f3wienia. Opakowanie jest ca\u0142kowicie neutralne \u2014 nic nie zdradza zawarto\u015bci paczki, co ceni\u0105 sobie klienci dbaj\u0105cy o prywatno\u015b\u0107.<\/p>\n<h2 class=\"text-text-100 mt-3 -mb-1 text-[1.125rem] font-bold\">Porady ekspert\u00f3w<\/h2>\n<p class=\"font-claude-response-body break-words whitespace-normal leading-[1.7]\">Specjali\u015bci zajmuj\u0105cy si\u0119 zdrowiem seksualnym m\u0119\u017cczyzn podkre\u015blaj\u0105, \u017ce suplementacja to tylko jeden z element\u00f3w dba\u0142o\u015bci o kondycj\u0119 intymn\u0105. Aby w pe\u0142ni wykorzysta\u0107 potencja\u0142 preparatu Member XXL, warto pami\u0119ta\u0107 o kilku wskaz\u00f3wkach:<\/p>\n<ul class=\"[li_&amp;]:mb-0 [li_&amp;]:mt-1 [li_&amp;]:gap-1 [&amp;:not(:last-child)_ul]:pb-1 [&amp;:not(:last-child)_ol]:pb-1 list-disc flex flex-col gap-1 pl-8 mb-3\">\n<li class=\"whitespace-normal break-words pl-2\"><strong>Zdrowa dieta:<\/strong> ogranicz przetworzon\u0105 \u017cywno\u015b\u0107, zwi\u0119ksz spo\u017cycie warzyw, orzech\u00f3w i pe\u0142noziarnistych produkt\u00f3w bogatych w cynk i selen<\/li>\n<li class=\"whitespace-normal break-words pl-2\"><strong>Aktywno\u015b\u0107 fizyczna:<\/strong> regularne \u0107wiczenia \u2014 szczeg\u00f3lnie trening aerobowy i \u0107wiczenia Kegla \u2014 poprawiaj\u0105 ukrwienie i wspieraj\u0105 zdrowie prostaty<\/li>\n<li class=\"whitespace-normal break-words pl-2\"><strong>Redukcja stresu:<\/strong> przewlek\u0142y stres to jeden z g\u0142\u00f3wnych wrog\u00f3w libido i erekcji; techniki relaksacyjne, medytacja i dobry sen s\u0105 tutaj nieocenione<\/li>\n<li class=\"whitespace-normal break-words pl-2\"><strong>Ograniczenie alkoholu i tytoniu:<\/strong> oba u\u017cywki negatywnie wp\u0142ywaj\u0105 na naczynia krwiono\u015bne i poziom testosteronu<\/li>\n<li class=\"whitespace-normal break-words pl-2\"><strong>Systematyczno\u015b\u0107:<\/strong> efekty suplementacji zale\u017c\u0105 w du\u017cej mierze od regularnego przyjmowania preparatu \u2014 nie pomijaj dawek<\/li>\n<\/ul>\n<p class=\"font-claude-response-body break-words whitespace-normal leading-[1.7]\">Po\u0142\u0105czenie suplementacji Member XXL ze zdrowym stylem \u017cycia daje najlepsze i najtrwalsze efekty.<\/p>\n<h2 class=\"text-text-100 mt-3 -mb-1 text-[1.125rem] font-bold\">Opinie u\u017cytkownik\u00f3w, fora w Polsce<\/h2>\n<p class=\"font-claude-response-body break-words whitespace-normal leading-[1.7]\">Na polskich forach internetowych po\u015bwi\u0119conych zdrowiu m\u0119skiemu Member XXL pojawia si\u0119 regularnie w pozytywnym kontek\u015bcie. M\u0119\u017cczy\u017ani chwal\u0105 przede wszystkim dyskrecj\u0119 zakupu, naturalny sk\u0142ad oraz wyra\u017an\u0105 popraw\u0119 jako\u015bci erekcji ju\u017c po kilku tygodniach stosowania. Wielu u\u017cytkownik\u00f3w podkre\u015bla, \u017ce przed si\u0119gni\u0119ciem po Member XXL wypr\u00f3bowali inne metody \u2014 i dopiero ten preparat przyni\u00f3s\u0142 im oczekiwane rezultaty.<\/p>\n<ul class=\"[li_&amp;]:mb-0 [li_&amp;]:mt-1 [li_&amp;]:gap-1 [&amp;:not(:last-child)_ul]:pb-1 [&amp;:not(:last-child)_ol]:pb-1 list-disc flex flex-col gap-1 pl-8 mb-3\">\n<li class=\"whitespace-normal break-words pl-2\"><strong>Marek, 38 lat:<\/strong> \u201eStosowa\u0142em Member XXL przez trzy miesi\u0105ce i jestem szczerze zaskoczony rezultatami. Erekcja jest mocniejsza i trwalsza ni\u017c jeszcze rok temu, a partnerka zauwa\u017cy\u0142a r\u00f3\u017cnic\u0119. Polecam ka\u017cdemu, kto szuka skutecznego i bezpiecznego rozwi\u0105zania.&#8221;<\/li>\n<li class=\"whitespace-normal break-words pl-2\"><strong>Tomasz, 44 lata:<\/strong> \u201eD\u0142ugo by\u0142em sceptyczny wobec tego typu suplement\u00f3w, ale zdecydowa\u0142em si\u0119 spr\u00f3bowa\u0107 po przeczytaniu wielu pozytywnych opinii. Po sze\u015bciu tygodniach widz\u0119 wyra\u017an\u0105 popraw\u0119 \u2014 wi\u0119ksza pewno\u015b\u0107 siebie w sypialni, lepsze libido i zdecydowanie intensywniejsze doznania. Zam\u00f3wi\u0142em ju\u017c kolejny pakiet.&#8221;<\/li>\n<\/ul>\n","protected":false},"excerpt":{"rendered":"<p>Member XXL to kapsu\u0142ki na powi\u0119kszenie penisa stworzone z my\u015bl\u0105 o m\u0119\u017cczyznach, kt\u00f3rzy chc\u0105 osi\u0105gn\u0105\u0107 wyra\u017an\u0105 i trwa\u0142\u0105 popraw\u0119 w sferze intymnej. Preparat wyr\u00f3\u017cnia si\u0119 na tle konkurencji przede wszystkim bezpiecze\u0144stwem stosowania \u2014 formu\u0142a oparta wy\u0142\u0105cznie na sk\u0142adnikach naturalnych sprawia, \u017ce suplementacja jest komfortowa i dyskretna. Produkt dost\u0119pny jest wy\u0142\u0105cznie przez internet, co gwarantuje pe\u0142n\u0105 [&hellip;]<\/p>\n","protected":false},"featured_media":743,"comment_status":"open","ping_status":"closed","template":"","meta":[],"product_brand":[],"product_cat":[15],"product_tag":[],"class_list":{"0":"post-742","1":"product","2":"type-product","3":"status-publish","4":"has-post-thumbnail","6":"product_cat-suplement","8":"first","9":"instock","10":"sale","11":"shipping-taxable","12":"product-type-external"},"aioseo_notices":[],"_links":{"self":[{"href":"https:\/\/orto-medika.pl\/store\/wp-json\/wp\/v2\/product\/742","targetHints":{"allow":["GET"]}}],"collection":[{"href":"https:\/\/orto-medika.pl\/store\/wp-json\/wp\/v2\/product"}],"about":[{"href":"https:\/\/orto-medika.pl\/store\/wp-json\/wp\/v2\/types\/product"}],"replies":[{"embeddable":true,"href":"https:\/\/orto-medika.pl\/store\/wp-json\/wp\/v2\/comments?post=742"}],"wp:featuredmedia":[{"embeddable":true,"href":"https:\/\/orto-medika.pl\/store\/wp-json\/wp\/v2\/media\/743"}],"wp:attachment":[{"href":"https:\/\/orto-medika.pl\/store\/wp-json\/wp\/v2\/media?parent=742"}],"wp:term":[{"taxonomy":"product_brand","embeddable":true,"href":"https:\/\/orto-medika.pl\/store\/wp-json\/wp\/v2\/product_brand?post=742"},{"taxonomy":"product_cat","embeddable":true,"href":"https:\/\/orto-medika.pl\/store\/wp-json\/wp\/v2\/product_cat?post=742"},{"taxonomy":"product_tag","embeddable":true,"href":"https:\/\/orto-medika.pl\/store\/wp-json\/wp\/v2\/product_tag?post=742"}],"curies":[{"name":"wp","href":"https:\/\/api.w.org\/{rel}","templated":true}]}}