{"id":732,"date":"2026-03-16T09:44:04","date_gmt":"2026-03-16T09:44:04","guid":{"rendered":"https:\/\/orto-medika.pl\/store\/?post_type=product&#038;p=732"},"modified":"2026-03-16T09:44:05","modified_gmt":"2026-03-16T09:44:05","slug":"spirulin-plus","status":"publish","type":"product","link":"https:\/\/orto-medika.pl\/store\/product\/spirulin-plus\/","title":{"rendered":"Spirulin Plus"},"content":{"rendered":"<p class=\"font-claude-response-body break-words whitespace-normal leading-[1.7]\">Spirulin Plus to suplement diety w formie kapsu\u0142ek, stworzony z my\u015bl\u0105 o osobach, kt\u00f3re pragn\u0105 zadba\u0107 o prawid\u0142ow\u0105 r\u00f3wnowag\u0119 kwasowo-zasadow\u0105 organizmu, wzmocni\u0107 odporno\u015b\u0107 i poprawi\u0107 og\u00f3lne samopoczucie. Produkt wyr\u00f3\u017cnia si\u0119 starannie dobranym sk\u0142adem opartym na naturalnych surowcach wysokiej jako\u015bci, w\u015br\u00f3d kt\u00f3rych kluczow\u0105 rol\u0119 odgrywa spirulina \u2014 sinica uznawana za jedno z najbogatszych \u017ar\u00f3de\u0142 sk\u0142adnik\u00f3w od\u017cywczych znanych wsp\u00f3\u0142czesnej nauce.<\/p>\n<p class=\"font-claude-response-body break-words whitespace-normal leading-[1.7]\">Suplement Spirulin Plus kierowany jest do szerokiego grona odbiorc\u00f3w: zar\u00f3wno do os\u00f3b aktywnych fizycznie, jak i tych prowadz\u0105cych siedz\u0105cy tryb \u017cycia, nara\u017conych na przewlek\u0142y stres, niedobory \u017cywieniowe czy nadmierny zakwas organizmu. Kapsu\u0142ki s\u0105 wygodne w stosowaniu i nie wymagaj\u0105 \u017cadnych dodatkowych przygotowa\u0144 \u2014 wystarczy regularnie je przyjmowa\u0107 zgodnie z zaleceniami producenta, aby stopniowo odczu\u0107 pozytywne zmiany.<\/p>\n<p class=\"font-claude-response-body break-words whitespace-normal leading-[1.7]\">Spirulin Plus to produkt stworzony z my\u015bl\u0105 o tych, kt\u00f3rzy szukaj\u0105 kompleksowego wsparcia dla organizmu bez konieczno\u015bci si\u0119gania po syntetyczne substancje chemiczne. Jego formu\u0142a \u0142\u0105czy naturalne ekstrakty ro\u015blinne z cennymi mikroelementami, tworz\u0105c preparat o szerokim profilu dzia\u0142ania.<\/p>\n<h2 class=\"text-text-100 mt-3 -mb-1 text-[1.125rem] font-bold\">Wskazania do stosowania Spirulin Plus<\/h2>\n<p class=\"font-claude-response-body break-words whitespace-normal leading-[1.7]\">Spirulin Plus jest szczeg\u00f3lnie zalecany w sytuacjach, gdy organizm potrzebuje wsparcia na wielu poziomach jednocze\u015bnie. Preparat znajduje zastosowanie przede wszystkim jako \u015brodek odkwaszaj\u0105cy i oczyszczaj\u0105cy, ale jego w\u0142a\u015bciwo\u015bci s\u0105 znacznie szersze.<\/p>\n<p class=\"font-claude-response-body break-words whitespace-normal leading-[1.7]\"><strong>Wskazania do stosowania Spirulin Plus obejmuj\u0105 mi\u0119dzy innymi:<\/strong><\/p>\n<ul class=\"[li_&amp;]:mb-0 [li_&amp;]:mt-1 [li_&amp;]:gap-1 [&amp;:not(:last-child)_ul]:pb-1 [&amp;:not(:last-child)_ol]:pb-1 list-disc flex flex-col gap-1 pl-8 mb-3\">\n<li class=\"whitespace-normal break-words pl-2\">uczucie chronicznego zm\u0119czenia i braku energii, kt\u00f3re nie ust\u0119puje mimo odpoczynku<\/li>\n<li class=\"whitespace-normal break-words pl-2\">obni\u017cona odporno\u015b\u0107 organizmu i cz\u0119ste infekcje g\u00f3rnych dr\u00f3g oddechowych<\/li>\n<li class=\"whitespace-normal break-words pl-2\">zaburzenia r\u00f3wnowagi kwasowo-zasadowej organizmu spowodowane nieprawid\u0142ow\u0105 diet\u0105 lub stresem<\/li>\n<li class=\"whitespace-normal break-words pl-2\">nadmierne zatrzymywanie wody w tkankach i uczucie obrz\u0119ku<\/li>\n<li class=\"whitespace-normal break-words pl-2\">trudno\u015bci z utrzymaniem prawid\u0142owej masy cia\u0142a, wzmo\u017cony apetyt<\/li>\n<li class=\"whitespace-normal break-words pl-2\">nara\u017cenie na stres oksydacyjny, np. u palaczy czy os\u00f3b \u017cyj\u0105cych w zanieczyszczonym \u015brodowisku<\/li>\n<li class=\"whitespace-normal break-words pl-2\">potrzeba kompleksowego wsparcia metabolizmu i detoksykacji organizmu<\/li>\n<li class=\"whitespace-normal break-words pl-2\">os\u0142abienie koncentracji i pogorszenie funkcji poznawczych<\/li>\n<\/ul>\n<p class=\"font-claude-response-body break-words whitespace-normal leading-[1.7]\">Spirulin Plus sprawdzi si\u0119 zar\u00f3wno jako wsparcie w trakcie kuracji odchudzaj\u0105cej, jak i jako profilaktyczny suplement wzmacniaj\u0105cy og\u00f3ln\u0105 kondycj\u0119 organizmu przez ca\u0142y rok.<\/p>\n<h2 class=\"text-text-100 mt-3 -mb-1 text-[1.125rem] font-bold\">Dzia\u0142anie Spirulin Plus<\/h2>\n<p class=\"font-claude-response-body break-words whitespace-normal leading-[1.7]\">Mechanizm dzia\u0142ania Spirulin Plus opiera si\u0119 na synergii naturalnych sk\u0142adnik\u00f3w, kt\u00f3re wzajemnie wzmacniaj\u0105 swoje w\u0142a\u015bciwo\u015bci. Preparat dzia\u0142a wielokierunkowo, co odr\u00f3\u017cnia go od wielu jednosk\u0142adnikowych suplement\u00f3w dost\u0119pnych na rynku.<\/p>\n<p class=\"font-claude-response-body break-words whitespace-normal leading-[1.7]\">Przede wszystkim Spirulin Plus przywraca prawid\u0142ow\u0105 r\u00f3wnowag\u0119 kwasowo-zasadow\u0105 organizmu, co jest fundamentem dobrego zdrowia. Zbyt wysokie zakwaszenie tkanek sprzyja rozwojowi stan\u00f3w zapalnych, os\u0142abia odporno\u015b\u0107 i spowalnia metabolizm. Regularne stosowanie preparatu neutralizuje nadmiar kwas\u00f3w i stwarza warunki do prawid\u0142owego funkcjonowania kom\u00f3rek.<\/p>\n<p class=\"font-claude-response-body break-words whitespace-normal leading-[1.7]\">Jednocze\u015bnie suplement usuwa nadmiar wody z organizmu, redukuj\u0105c obrz\u0119ki i uczucie ci\u0119\u017cko\u015bci. Dzia\u0142a r\u00f3wnie\u017c jako naturalny antyoksydant \u2014 neutralizuje wolne rodniki i chroni kom\u00f3rki przed uszkodzeniami wywo\u0142anymi stresem oksydacyjnym. To szczeg\u00f3lnie istotne w kontek\u015bcie profilaktyki wielu chor\u00f3b cywilizacyjnych.<\/p>\n<p class=\"font-claude-response-body break-words whitespace-normal leading-[1.7]\">Spirulin Plus wzmacnia uk\u0142ad immunologiczny, pobudzaj\u0105c naturalne mechanizmy obronne organizmu. Regularne przyjmowanie kapsu\u0142ek zwi\u0119ksza witalno\u015b\u0107, poprawia samopoczucie i koncentracj\u0119, a dzi\u0119ki przyspieszeniu metabolizmu i zmniejszeniu \u0142aknienia wspomaga r\u00f3wnie\u017c proces redukcji masy cia\u0142a.<\/p>\n<h2 class=\"text-text-100 mt-3 -mb-1 text-[1.125rem] font-bold\">Sk\u0142ad Spirulin Plus<\/h2>\n<p class=\"font-claude-response-body break-words whitespace-normal leading-[1.7]\">Sk\u0142ad Spirulin Plus opiera si\u0119 na starannie dobranych sk\u0142adnikach naturalnych, z kt\u00f3rych ka\u017cdy pe\u0142ni okre\u015blon\u0105 funkcj\u0119 w organizmie:<\/p>\n<ul class=\"[li_&amp;]:mb-0 [li_&amp;]:mt-1 [li_&amp;]:gap-1 [&amp;:not(:last-child)_ul]:pb-1 [&amp;:not(:last-child)_ol]:pb-1 list-disc flex flex-col gap-1 pl-8 mb-3\">\n<li class=\"whitespace-normal break-words pl-2\"><strong>Spirulina<\/strong> \u2014 sinica bogata w bia\u0142ko, witaminy z grupy B, \u017celazo, beta-karoten i chlorofil; wykazuje silne dzia\u0142anie odkwaszaj\u0105ce, od\u017cywcze i immunostymuluj\u0105ce; jest jednym z najlepiej przebadanych superfoods na \u015bwiecie<\/li>\n<li class=\"whitespace-normal break-words pl-2\"><strong>Chlorella<\/strong> \u2014 s\u0142odkowodna alga zawieraj\u0105ca chlorofil, witamin\u0119 B12, \u017celazo i cynk; wspomaga detoksykacj\u0119 organizmu, wi\u0105\u017ce metale ci\u0119\u017ckie i toksyny, poprawia funkcjonowanie uk\u0142adu pokarmowego<\/li>\n<li class=\"whitespace-normal break-words pl-2\"><strong>Ekstrakt z lucerny (Medicago sativa)<\/strong> \u2014 bogate \u017ar\u00f3d\u0142o witamin K, C oraz minera\u0142\u00f3w; wykazuje dzia\u0142anie zasadotw\u00f3rcze i wspomaga odbudow\u0119 prawid\u0142owego pH tkanek<\/li>\n<li class=\"whitespace-normal break-words pl-2\"><strong>Ekstrakt z pokrzywy (Urtica dioica)<\/strong> \u2014 naturalny diuretyk pomagaj\u0105cy usuwa\u0107 nadmiar wody z organizmu; zawiera \u017celazo, magnez i krzemionk\u0119; dzia\u0142a przeciwzapalnie i wzmacnia w\u0142osy oraz paznokcie<\/li>\n<li class=\"whitespace-normal break-words pl-2\"><strong>Ekstrakt z zielonego herbaty (Camellia sinensis)<\/strong> \u2014 bogaty w katechiny i EGCG o silnym dzia\u0142aniu antyoksydacyjnym; przyspiesza metabolizm i wspomaga spalanie tkanki t\u0142uszczowej<\/li>\n<li class=\"whitespace-normal break-words pl-2\"><strong>Witamina C (kwas askorbinowy)<\/strong> \u2014 kluczowa dla prawid\u0142owego funkcjonowania uk\u0142adu odporno\u015bciowego, niezb\u0119dna do syntezy kolagenu, neutralizuje wolne rodniki<\/li>\n<li class=\"whitespace-normal break-words pl-2\"><strong>Cynk<\/strong> \u2014 mikroelement wspieraj\u0105cy odporno\u015b\u0107, reguluj\u0105cy gospodark\u0119 hormonaln\u0105 i uczestnicz\u0105cy w ochronie kom\u00f3rek przed stresem oksydacyjnym<\/li>\n<\/ul>\n<p class=\"font-claude-response-body break-words whitespace-normal leading-[1.7]\">Po\u0142\u0105czenie tych sk\u0142adnik\u00f3w tworzy unikaln\u0105 formu\u0142\u0119, kt\u00f3ra dzia\u0142a kompleksowo i przynosi wymierne korzy\u015bci zdrowotne ju\u017c po kilku tygodniach regularnego stosowania.<\/p>\n<h2 class=\"text-text-100 mt-3 -mb-1 text-[1.125rem] font-bold\">Efekty<\/h2>\n<p class=\"font-claude-response-body break-words whitespace-normal leading-[1.7]\">Regularne stosowanie Spirulin Plus przynosi szereg pozytywnych efekt\u00f3w, kt\u00f3re u\u017cytkownicy zaczynaj\u0105 odczuwa\u0107 stopniowo wraz z up\u0142ywem czasu:<\/p>\n<ul class=\"[li_&amp;]:mb-0 [li_&amp;]:mt-1 [li_&amp;]:gap-1 [&amp;:not(:last-child)_ul]:pb-1 [&amp;:not(:last-child)_ol]:pb-1 list-disc flex flex-col gap-1 pl-8 mb-3\">\n<li class=\"whitespace-normal break-words pl-2\">przywr\u00f3cenie prawid\u0142owej r\u00f3wnowagi kwasowo-zasadowej organizmu i redukcja uczucia zm\u0119czenia<\/li>\n<li class=\"whitespace-normal break-words pl-2\">wzmocnienie naturalnej odporno\u015bci i zmniejszenie podatno\u015bci na infekcje<\/li>\n<li class=\"whitespace-normal break-words pl-2\">widoczna redukcja obrz\u0119k\u00f3w i uczucia ci\u0119\u017cko\u015bci wywo\u0142anego nadmiarem wody w tkankach<\/li>\n<li class=\"whitespace-normal break-words pl-2\">przyspieszenie przemiany materii i u\u0142atwienie kontroli masy cia\u0142a<\/li>\n<li class=\"whitespace-normal break-words pl-2\">poprawa koncentracji, pami\u0119ci i og\u00f3lnej sprawno\u015bci umys\u0142owej<\/li>\n<li class=\"whitespace-normal break-words pl-2\">wzrost poziomu energii i witalno\u015bci w ci\u0105gu dnia<\/li>\n<li class=\"whitespace-normal break-words pl-2\">lepsza kondycja sk\u00f3ry, w\u0142os\u00f3w i paznokci dzi\u0119ki bogatemu profilowi od\u017cywczemu sk\u0142adnik\u00f3w<\/li>\n<li class=\"whitespace-normal break-words pl-2\">ochrona kom\u00f3rek przed skutkami stresu oksydacyjnego i dzia\u0142aniem wolnych rodnik\u00f3w<\/li>\n<\/ul>\n<p class=\"font-claude-response-body break-words whitespace-normal leading-[1.7]\">Pierwsze efekty dzia\u0142ania Spirulin Plus mog\u0105 by\u0107 zauwa\u017calne ju\u017c po 2\u20133 tygodniach regularnego stosowania, jednak pe\u0142ne korzy\u015bci ujawniaj\u0105 si\u0119 zazwyczaj po uko\u0144czeniu pe\u0142nej kuracji.<\/p>\n<h2 class=\"text-text-100 mt-3 -mb-1 text-[1.125rem] font-bold\">Skutki uboczne<\/h2>\n<p class=\"font-claude-response-body break-words whitespace-normal leading-[1.7]\">Spirulin Plus jest preparatem opartym na naturalnych sk\u0142adnikach, dlatego przy prawid\u0142owym stosowaniu jest dobrze tolerowany przez wi\u0119kszo\u015b\u0107 os\u00f3b. Suplement nie zawiera sztucznych barwnik\u00f3w, konserwant\u00f3w ani substancji syntetycznych, co minimalizuje ryzyko niepo\u017c\u0105danych reakcji.<\/p>\n<p class=\"font-claude-response-body break-words whitespace-normal leading-[1.7]\">W rzadkich przypadkach, zw\u0142aszcza na pocz\u0105tku stosowania, mog\u0105 pojawi\u0107 si\u0119 \u0142agodne dolegliwo\u015bci ze strony uk\u0142adu pokarmowego, takie jak wzd\u0119cia czy uczucie pe\u0142no\u015bci. Objawy te maj\u0105 charakter przej\u015bciowy i zazwyczaj ust\u0119puj\u0105 samoistnie po kilku dniach, gdy organizm przyzwyczai si\u0119 do sk\u0142adnik\u00f3w preparatu.<\/p>\n<p class=\"font-claude-response-body break-words whitespace-normal leading-[1.7]\">Osoby uczulone na algi lub sk\u0142adniki ro\u015blinne powinny zachowa\u0107 ostro\u017cno\u015b\u0107 i skonsultowa\u0107 si\u0119 z lekarzem przed rozpocz\u0119ciem suplementacji.<\/p>\n<h2 class=\"text-text-100 mt-3 -mb-1 text-[1.125rem] font-bold\">Ograniczenia stosowania<\/h2>\n<p class=\"font-claude-response-body break-words whitespace-normal leading-[1.7]\">Mimo \u017ce Spirulin Plus jest produktem naturalnym, istniej\u0105 pewne grupy os\u00f3b, kt\u00f3re powinny zachowa\u0107 szczeg\u00f3ln\u0105 ostro\u017cno\u015b\u0107 lub zrezygnowa\u0107 ze stosowania preparatu:<\/p>\n<ul class=\"[li_&amp;]:mb-0 [li_&amp;]:mt-1 [li_&amp;]:gap-1 [&amp;:not(:last-child)_ul]:pb-1 [&amp;:not(:last-child)_ol]:pb-1 list-disc flex flex-col gap-1 pl-8 mb-3\">\n<li class=\"whitespace-normal break-words pl-2\"><strong>kobiety w ci\u0105\u017cy i karmi\u0105ce piersi\u0105<\/strong> \u2014 przed zastosowaniem konieczna konsultacja z lekarzem<\/li>\n<li class=\"whitespace-normal break-words pl-2\"><strong>osoby przyjmuj\u0105ce leki przeciwzakrzepowe<\/strong> \u2014 spirulina i chlorella mog\u0105 wp\u0142ywa\u0107 na krzepliwo\u015b\u0107 krwi<\/li>\n<li class=\"whitespace-normal break-words pl-2\"><strong>osoby z chorobami autoimmunologicznymi<\/strong> \u2014 sk\u0142adniki immunostymuluj\u0105ce mog\u0105 wymaga\u0107 nadzoru medycznego<\/li>\n<li class=\"whitespace-normal break-words pl-2\"><strong>pacjenci z chorobami nerek i tarczycy<\/strong> \u2014 ze wzgl\u0119du na zawarto\u015b\u0107 jodu i potasu<\/li>\n<li class=\"whitespace-normal break-words pl-2\"><strong>dzieci poni\u017cej 18. roku \u017cycia<\/strong> \u2014 suplement przeznaczony jest wy\u0142\u0105cznie dla doros\u0142ych<\/li>\n<li class=\"whitespace-normal break-words pl-2\"><strong>osoby ze stwierdzon\u0105 nadwra\u017cliwo\u015bci\u0105 na kt\u00f3rykolwiek ze sk\u0142adnik\u00f3w preparatu<\/strong><\/li>\n<\/ul>\n<p class=\"font-claude-response-body break-words whitespace-normal leading-[1.7]\">W przypadku jakichkolwiek w\u0105tpliwo\u015bci nale\u017cy przed rozpocz\u0119ciem kuracji skonsultowa\u0107 si\u0119 z lekarzem lub farmaceut\u0105.<\/p>\n<h2 class=\"text-text-100 mt-3 -mb-1 text-[1.125rem] font-bold\">Spos\u00f3b u\u017cycia<\/h2>\n<p class=\"font-claude-response-body break-words whitespace-normal leading-[1.7]\">Stosowanie Spirulin Plus jest proste i wygodne. Zalecana dzienna porcja to 2 kapsu\u0142ki przyjmowane doustnie, popijaj\u0105c odpowiedni\u0105 ilo\u015bci\u0105 wody \u2014 co najmniej szklank\u0105 (200\u2013250 ml). Kapsu\u0142ki najlepiej przyjmowa\u0107 w trakcie posi\u0142ku lub bezpo\u015brednio po nim, co poprawia wch\u0142anianie sk\u0142adnik\u00f3w aktywnych i minimalizuje ryzyko podra\u017cnienia \u017co\u0142\u0105dka.<\/p>\n<p class=\"font-claude-response-body break-words whitespace-normal leading-[1.7]\">Zalecana d\u0142ugo\u015b\u0107 kuracji to minimum 4 tygodnie. Dla uzyskania optymalnych i trwa\u0142ych efekt\u00f3w producent rekomenduje stosowanie preparatu przez 2\u20133 miesi\u0105ce. Po zako\u0144czeniu kuracji mo\u017cna zrobi\u0107 przerw\u0119 i w razie potrzeby powr\u00f3ci\u0107 do suplementacji.<\/p>\n<p class=\"font-claude-response-body break-words whitespace-normal leading-[1.7]\">Nie nale\u017cy przekracza\u0107 zalecanej dziennej dawki. Suplement nie zast\u0119puje zr\u00f3\u017cnicowanej i zbilansowanej diety ani zdrowego stylu \u017cycia.<\/p>\n<h2 class=\"text-text-100 mt-3 -mb-1 text-[1.125rem] font-bold\">Kup Spirulin Plus, cena<\/h2>\n<p class=\"font-claude-response-body break-words whitespace-normal leading-[1.7]\">Spirulin Plus jest dost\u0119pny wy\u0142\u0105cznie przez internet \u2014 produktu nie znajdziesz w aptekach stacjonarnych ani popularnych drogeriach. Taki model dystrybucji pozwala producentowi utrzyma\u0107 pe\u0142n\u0105 kontrol\u0119 nad jako\u015bci\u0105 produktu i chroni\u0107 klient\u00f3w przed zakupem podr\u00f3bek lub preparat\u00f3w przeterminowanych.<\/p>\n<p class=\"font-claude-response-body break-words whitespace-normal leading-[1.7]\">Zakup bezpo\u015brednio od producenta daje pewno\u015b\u0107, \u017ce otrzymujesz oryginalny produkt z aktualn\u0105 dat\u0105 wa\u017cno\u015bci oraz pe\u0142nym zestawem informacji na temat sk\u0142adu i stosowania. Producent regularnie udost\u0119pnia specjalne oferty i pakiety promocyjne, dzi\u0119ki kt\u00f3rym mo\u017cna zaoszcz\u0119dzi\u0107 przy zam\u00f3wieniu wi\u0119kszej liczby opakowa\u0144.<\/p>\n<h2 class=\"text-text-100 mt-3 -mb-1 text-[1.125rem] font-bold\">Zam\u00f3w Spirulin Plus na stronie producenta<\/h2>\n<p class=\"font-claude-response-body break-words whitespace-normal leading-[1.7]\">Z\u0142o\u017cenie zam\u00f3wienia na Spirulin Plus jest szybkie i wygodne. Wystarczy wej\u015b\u0107 na oficjaln\u0105 stron\u0119 producenta, wybra\u0107 interesuj\u0105cy pakiet i wype\u0142ni\u0107 kr\u00f3tki formularz zam\u00f3wienia. Dostawa realizowana jest na terenie ca\u0142ej Polski, zazwyczaj w ci\u0105gu kilku dni roboczych.<\/p>\n<p class=\"font-claude-response-body break-words whitespace-normal leading-[1.7]\">Oficjalna strona producenta to jedyne bezpieczne miejsce zakupu Spirulin Plus. Kupuj\u0105c tam, masz pewno\u015b\u0107 autentyczno\u015bci produktu, mo\u017cliwo\u015b\u0107 skorzystania z obs\u0142ugi posprzeda\u017cowej oraz ewentualnego zwrotu towaru zgodnie z obowi\u0105zuj\u0105cymi przepisami prawa konsumenckiego. Unikaj zakupu preparatu na aukcjach internetowych czy w nieoficjalnych sklepach \u2014 nie ma tam gwarancji autentyczno\u015bci ani \u015bwie\u017co\u015bci produktu.<\/p>\n<h2 class=\"text-text-100 mt-3 -mb-1 text-[1.125rem] font-bold\">Porady ekspert\u00f3w<\/h2>\n<p class=\"font-claude-response-body break-words whitespace-normal leading-[1.7]\">Specjali\u015bci z zakresu dietetyki i medycyny naturalnej zwracaj\u0105 uwag\u0119, \u017ce suplementacja preparatami odkwaszaj\u0105cymi przynosi najlepsze rezultaty w po\u0142\u0105czeniu z odpowiednimi zmianami w stylu \u017cycia. Aby w pe\u0142ni wykorzysta\u0107 potencja\u0142 Spirulin Plus, warto:<\/p>\n<ul class=\"[li_&amp;]:mb-0 [li_&amp;]:mt-1 [li_&amp;]:gap-1 [&amp;:not(:last-child)_ul]:pb-1 [&amp;:not(:last-child)_ol]:pb-1 list-disc flex flex-col gap-1 pl-8 mb-3\">\n<li class=\"whitespace-normal break-words pl-2\">zwi\u0119kszy\u0107 spo\u017cycie warzyw i owoc\u00f3w o charakterze zasadotw\u00f3rczym (np. szpinaku, broku\u0142\u00f3w, og\u00f3rk\u00f3w, awokado, cytryny)<\/li>\n<li class=\"whitespace-normal break-words pl-2\">ograniczy\u0107 produkty zakwaszaj\u0105ce, takie jak cukier, przetworzona \u017cywno\u015b\u0107, alkohol i czerwone mi\u0119so<\/li>\n<li class=\"whitespace-normal break-words pl-2\">zadba\u0107 o odpowiednie nawodnienie organizmu \u2014 minimum 1,5\u20132 litr\u00f3w wody dziennie<\/li>\n<li class=\"whitespace-normal break-words pl-2\">wprowadzi\u0107 regularn\u0105 aktywno\u015b\u0107 fizyczn\u0105 o umiarkowanej intensywno\u015bci<\/li>\n<li class=\"whitespace-normal break-words pl-2\">zadba\u0107 o regularny sen i redukcj\u0119 poziomu stresu, kt\u00f3ry istotnie wp\u0142ywa na zakwaszenie organizmu<\/li>\n<\/ul>\n<p class=\"font-claude-response-body break-words whitespace-normal leading-[1.7]\">Eksperci podkre\u015blaj\u0105, \u017ce spirulina jest jednym z najlepiej zbadanych sk\u0142adnik\u00f3w suplement\u00f3w diety, a jej korzystny wp\u0142yw na organizm potwierdzaj\u0105 liczne badania kliniczne. W po\u0142\u0105czeniu z chlorell\u0105 i ekstraktami ro\u015blinnymi tworzy preparat o wyj\u0105tkowym profilu dzia\u0142ania.<\/p>\n<h2 class=\"text-text-100 mt-3 -mb-1 text-[1.125rem] font-bold\">Opinie u\u017cytkownik\u00f3w, fora w Polsce<\/h2>\n<p class=\"font-claude-response-body break-words whitespace-normal leading-[1.7]\">Spirulin Plus cieszy si\u0119 coraz wi\u0119ksz\u0105 popularno\u015bci\u0105 w\u015br\u00f3d polskich u\u017cytkownik\u00f3w, kt\u00f3rzy ch\u0119tnie dziel\u0105 si\u0119 swoimi do\u015bwiadczeniami na forach internetowych i w grupach zdrowotnych. Osoby stosuj\u0105ce preparat najcz\u0119\u015bciej podkre\u015blaj\u0105 popraw\u0119 samopoczucia, redukcj\u0119 uczucia zm\u0119czenia oraz zauwa\u017calne zmniejszenie obrz\u0119k\u00f3w ju\u017c po kilku tygodniach kuracji. Wielu u\u017cytkownik\u00f3w chwali r\u00f3wnie\u017c sk\u0142ad preparatu i fakt, \u017ce opiera si\u0119 on wy\u0142\u0105cznie na naturalnych sk\u0142adnikach.<\/p>\n<ul class=\"[li_&amp;]:mb-0 [li_&amp;]:mt-1 [li_&amp;]:gap-1 [&amp;:not(:last-child)_ul]:pb-1 [&amp;:not(:last-child)_ol]:pb-1 list-disc flex flex-col gap-1 pl-8 mb-3\">\n<li class=\"whitespace-normal break-words pl-2\"><strong>Ma\u0142gorzata, 42 lata:<\/strong> \u201eStosowa\u0142am Spirulin Plus przez dwa miesi\u0105ce i jestem naprawd\u0119 pozytywnie zaskoczona. Obrz\u0119ki n\u00f3g, kt\u00f3re dokucza\u0142y mi od lat, wyra\u017anie si\u0119 zmniejszy\u0142y, a ja mam teraz znacznie wi\u0119cej energii. Polecam ka\u017cdemu, kto czuje, \u017ce jego organizm potrzebuje oczyszczenia i wzmocnienia.&#8221;<\/li>\n<li class=\"whitespace-normal break-words pl-2\"><strong>Tomasz, 35 lat:<\/strong> \u201eZacz\u0105\u0142em bra\u0107 Spirulin Plus po poleceniu dietetyczki, kt\u00f3ra stwierdzi\u0142a, \u017ce m\u00f3j organizm jest mocno zakwaszony. Po miesi\u0105cu kuracji wyniki bada\u0144 by\u0142y znacznie lepsze, czuj\u0119 si\u0119 l\u017cejszy i mam wi\u0119cej si\u0142 w ci\u0105gu dnia. Zam\u00f3wi\u0142em ju\u017c kolejne opakowanie.&#8221;<\/li>\n<\/ul>\n","protected":false},"excerpt":{"rendered":"<p>Spirulin Plus to suplement diety w formie kapsu\u0142ek, stworzony z my\u015bl\u0105 o osobach, kt\u00f3re pragn\u0105 zadba\u0107 o prawid\u0142ow\u0105 r\u00f3wnowag\u0119 kwasowo-zasadow\u0105 organizmu, wzmocni\u0107 odporno\u015b\u0107 i poprawi\u0107 og\u00f3lne samopoczucie. Produkt wyr\u00f3\u017cnia si\u0119 starannie dobranym sk\u0142adem opartym na naturalnych surowcach wysokiej jako\u015bci, w\u015br\u00f3d kt\u00f3rych kluczow\u0105 rol\u0119 odgrywa spirulina \u2014 sinica uznawana za jedno z najbogatszych \u017ar\u00f3de\u0142 sk\u0142adnik\u00f3w od\u017cywczych [&hellip;]<\/p>\n","protected":false},"featured_media":734,"comment_status":"open","ping_status":"closed","template":"","meta":[],"product_brand":[],"product_cat":[15],"product_tag":[],"class_list":{"0":"post-732","1":"product","2":"type-product","3":"status-publish","4":"has-post-thumbnail","6":"product_cat-suplement","8":"first","9":"instock","10":"shipping-taxable","11":"product-type-external"},"aioseo_notices":[],"_links":{"self":[{"href":"https:\/\/orto-medika.pl\/store\/wp-json\/wp\/v2\/product\/732","targetHints":{"allow":["GET"]}}],"collection":[{"href":"https:\/\/orto-medika.pl\/store\/wp-json\/wp\/v2\/product"}],"about":[{"href":"https:\/\/orto-medika.pl\/store\/wp-json\/wp\/v2\/types\/product"}],"replies":[{"embeddable":true,"href":"https:\/\/orto-medika.pl\/store\/wp-json\/wp\/v2\/comments?post=732"}],"wp:featuredmedia":[{"embeddable":true,"href":"https:\/\/orto-medika.pl\/store\/wp-json\/wp\/v2\/media\/734"}],"wp:attachment":[{"href":"https:\/\/orto-medika.pl\/store\/wp-json\/wp\/v2\/media?parent=732"}],"wp:term":[{"taxonomy":"product_brand","embeddable":true,"href":"https:\/\/orto-medika.pl\/store\/wp-json\/wp\/v2\/product_brand?post=732"},{"taxonomy":"product_cat","embeddable":true,"href":"https:\/\/orto-medika.pl\/store\/wp-json\/wp\/v2\/product_cat?post=732"},{"taxonomy":"product_tag","embeddable":true,"href":"https:\/\/orto-medika.pl\/store\/wp-json\/wp\/v2\/product_tag?post=732"}],"curies":[{"name":"wp","href":"https:\/\/api.w.org\/{rel}","templated":true}]}}