{"id":724,"date":"2026-03-16T09:34:22","date_gmt":"2026-03-16T09:34:22","guid":{"rendered":"https:\/\/orto-medika.pl\/store\/?post_type=product&#038;p=724"},"modified":"2026-03-16T09:34:23","modified_gmt":"2026-03-16T09:34:23","slug":"fast-burn-extreme","status":"publish","type":"product","link":"https:\/\/orto-medika.pl\/store\/product\/fast-burn-extreme\/","title":{"rendered":"Fast Burn Extreme"},"content":{"rendered":"<p class=\"font-claude-response-body break-words whitespace-normal leading-[1.7]\">Fast Burn Extreme to wielosk\u0142adnikowy spalacz t\u0142uszczu nowej generacji, dost\u0119pny w wygodnej formie kapsu\u0142ek do codziennego stosowania. Produkt przeznaczony jest zar\u00f3wno dla zaawansowanych sportowc\u00f3w, jak i dla os\u00f3b rozpoczynaj\u0105cych swoj\u0105 przygod\u0119 z aktywno\u015bci\u0105 fizyczn\u0105, kt\u00f3re chc\u0105 wspom\u00f3c proces odchudzania i poprawi\u0107 sylwetk\u0119.<\/p>\n<p class=\"font-claude-response-body break-words whitespace-normal leading-[1.7]\">Suplement wyr\u00f3\u017cnia si\u0119 kompleksowym podej\u015bciem do redukcji masy cia\u0142a \u2014 nie ogranicza si\u0119 wy\u0142\u0105cznie do przyspieszenia metabolizmu, ale r\u00f3wnie\u017c wspiera termogenez\u0119, reguluje poziom energii i pomaga zachowa\u0107 koncentracj\u0119 podczas trening\u00f3w. Dzi\u0119ki temu Fast Burn Extreme dzia\u0142a wielokierunkowo, co czyni go jednym z bardziej wszechstronnych produkt\u00f3w dost\u0119pnych na rynku suplement\u00f3w diety.<\/p>\n<p class=\"font-claude-response-body break-words whitespace-normal leading-[1.7]\">Kapsu\u0142ki wykonane s\u0105 z \u0142atwo przyswajalnych sk\u0142adnik\u00f3w, a ich formu\u0142a zosta\u0142a opracowana tak, by zapewni\u0107 optymalne wch\u0142anianie substancji aktywnych. Regularne stosowanie preparatu w po\u0142\u0105czeniu z odpowiedni\u0105 diet\u0105 i aktywno\u015bci\u0105 fizyczn\u0105 mo\u017ce przynie\u015b\u0107 wyra\u017anie widoczne efekty w stosunkowo kr\u00f3tkim czasie.<\/p>\n<h2 class=\"text-text-100 mt-3 -mb-1 text-[1.125rem] font-bold\">Wskazania do stosowania Fast Burn Extreme<\/h2>\n<p class=\"font-claude-response-body break-words whitespace-normal leading-[1.7]\">Fast Burn Extreme kierowany jest przede wszystkim do os\u00f3b, kt\u00f3re:<\/p>\n<ul class=\"[li_&amp;]:mb-0 [li_&amp;]:mt-1 [li_&amp;]:gap-1 [&amp;:not(:last-child)_ul]:pb-1 [&amp;:not(:last-child)_ol]:pb-1 list-disc flex flex-col gap-1 pl-8 mb-3\">\n<li class=\"whitespace-normal break-words pl-2\">chc\u0105 przyspieszy\u0107 spalanie tkanki t\u0142uszczowej i zredukowa\u0107 mas\u0119 cia\u0142a,<\/li>\n<li class=\"whitespace-normal break-words pl-2\">regularnie uprawiaj\u0105 sport i szukaj\u0105 wsparcia w osi\u0105ganiu lepszych wynik\u00f3w,<\/li>\n<li class=\"whitespace-normal break-words pl-2\">stosuj\u0105 diet\u0119 redukcyjn\u0105 i potrzebuj\u0105 dodatkowego wspomagania metabolizmu,<\/li>\n<li class=\"whitespace-normal break-words pl-2\">zmagaj\u0105 si\u0119 ze spowolnionym tempem przemiany materii,<\/li>\n<li class=\"whitespace-normal break-words pl-2\">chc\u0105 zwi\u0119kszy\u0107 poziom energii podczas wymagaj\u0105cych trening\u00f3w,<\/li>\n<li class=\"whitespace-normal break-words pl-2\">pragn\u0105 poprawi\u0107 og\u00f3ln\u0105 kompozycj\u0119 cia\u0142a \u2014 zmniejszy\u0107 ilo\u015b\u0107 t\u0142uszczu przy zachowaniu masy mi\u0119\u015bniowej.<\/li>\n<\/ul>\n<p class=\"font-claude-response-body break-words whitespace-normal leading-[1.7]\">Produkt przeznaczony jest dla doros\u0142ych obu p\u0142ci w r\u00f3\u017cnym wieku. Szczeg\u00f3lnie polecany jest osobom aktywnym fizycznie, kt\u00f3re chc\u0105 \u015bwiadomie kontrolowa\u0107 sw\u00f3j ci\u0119\u017car cia\u0142a i sk\u0142ad tkanki.<\/p>\n<h2 class=\"text-text-100 mt-3 -mb-1 text-[1.125rem] font-bold\">Dzia\u0142anie Fast Burn Extreme<\/h2>\n<p class=\"font-claude-response-body break-words whitespace-normal leading-[1.7]\">Mechanizm dzia\u0142ania Fast Burn Extreme opiera si\u0119 na kilku wzajemnie uzupe\u0142niaj\u0105cych si\u0119 procesach fizjologicznych. Przede wszystkim suplement stymuluje termogenez\u0119 \u2014 proces wytwarzania ciep\u0142a w organizmie, kt\u00f3ry prowadzi do zwi\u0119kszonego wydatkowania energii nawet w spoczynku.<\/p>\n<p class=\"font-claude-response-body break-words whitespace-normal leading-[1.7]\">Sk\u0142adniki aktywne preparatu wp\u0142ywaj\u0105 na aktywno\u015b\u0107 hormon\u00f3w odpowiedzialnych za mobilizacj\u0119 kwas\u00f3w t\u0142uszczowych z tkanki t\u0142uszczowej, co umo\u017cliwia ich efektywniejsze wykorzystanie jako \u017ar\u00f3d\u0142a energii. Jednocze\u015bnie suplement dzia\u0142a pobudzaj\u0105co na o\u015brodkowy uk\u0142ad nerwowy, dzi\u0119ki czemu u\u017cytkownik odczuwa wyra\u017any wzrost energii i motywacji do \u0107wicze\u0144.<\/p>\n<p class=\"font-claude-response-body break-words whitespace-normal leading-[1.7]\">Fast Burn Extreme wspiera r\u00f3wnie\u017c kontrol\u0119 apetytu \u2014 niekt\u00f3re z jego sk\u0142adnik\u00f3w wykazuj\u0105 w\u0142a\u015bciwo\u015bci syc\u0105ce i pomagaj\u0105 ograniczy\u0107 podjadanie mi\u0119dzy posi\u0142kami. W efekcie \u0142atwiej jest utrzyma\u0107 deficyt kaloryczny, kt\u00f3ry jest warunkiem koniecznym do skutecznej redukcji t\u0142uszczu.<\/p>\n<p class=\"font-claude-response-body break-words whitespace-normal leading-[1.7]\">Dodatkowym aspektem dzia\u0142ania preparatu jest ochrona masy mi\u0119\u015bniowej podczas odchudzania \u2014 co jest szczeg\u00f3lnie istotne dla sportowc\u00f3w i os\u00f3b trenuj\u0105cych regularnie.<\/p>\n<h2 class=\"text-text-100 mt-3 -mb-1 text-[1.125rem] font-bold\">Sk\u0142ad Fast Burn Extreme<\/h2>\n<p class=\"font-claude-response-body break-words whitespace-normal leading-[1.7]\">Fast Burn Extreme zawiera staranny dob\u00f3r sk\u0142adnik\u00f3w aktywnych, z kt\u00f3rych ka\u017cdy pe\u0142ni okre\u015blon\u0105 rol\u0119 w procesie redukcji tkanki t\u0142uszczowej:<\/p>\n<ul class=\"[li_&amp;]:mb-0 [li_&amp;]:mt-1 [li_&amp;]:gap-1 [&amp;:not(:last-child)_ul]:pb-1 [&amp;:not(:last-child)_ol]:pb-1 list-disc flex flex-col gap-1 pl-8 mb-3\">\n<li class=\"whitespace-normal break-words pl-2\"><strong>Ekstrakt z gorzkiej pomara\u0144czy (Citrus aurantium)<\/strong> \u2014 bogate \u017ar\u00f3d\u0142o synefryny, substancji na\u015bladuj\u0105cej dzia\u0142anie adrenaliny; przyspiesza metabolizm, stymuluje termogenez\u0119 i wspomaga mobilizacj\u0119 kwas\u00f3w t\u0142uszczowych,<\/li>\n<li class=\"whitespace-normal break-words pl-2\"><strong>Ekstrakt z zielonej herbaty (Camellia sinensis)<\/strong> \u2014 zawiera katechiny i kofein\u0119, kt\u00f3re synergicznie zwi\u0119kszaj\u0105 tempo spalania kalorii i wykazuj\u0105 silne w\u0142a\u015bciwo\u015bci antyoksydacyjne,<\/li>\n<li class=\"whitespace-normal break-words pl-2\"><strong>Kofeina bezwodna<\/strong> \u2014 jeden z najlepiej przebadanych stymulant\u00f3w termogenicznych; poprawia wydolno\u015b\u0107 fizyczn\u0105, koncentracj\u0119 i przyspiesza rozk\u0142ad t\u0142uszczu,<\/li>\n<li class=\"whitespace-normal break-words pl-2\"><strong>Ekstrakt z papryczki chili (Capsaicin)<\/strong> \u2014 kapsaicyna zawarta w pieprzu cayenne wykazuje silne w\u0142a\u015bciwo\u015bci termogeniczne, podnosi temperatur\u0119 cia\u0142a i zwi\u0119ksza wydatkowanie energii,<\/li>\n<li class=\"whitespace-normal break-words pl-2\"><strong>Chrom<\/strong> \u2014 mikroelement reguluj\u0105cy poziom glukozy we krwi, wspieraj\u0105cy kontrol\u0119 apetytu i ograniczaj\u0105cy zachcianki na s\u0142odycze,<\/li>\n<li class=\"whitespace-normal break-words pl-2\"><strong>Witamina B6<\/strong> \u2014 uczestniczy w metabolizmie bia\u0142ek, t\u0142uszcz\u00f3w i w\u0119glowodan\u00f3w; wspiera prawid\u0142owe funkcjonowanie uk\u0142adu nerwowego,<\/li>\n<li class=\"whitespace-normal break-words pl-2\"><strong>Piperyna (ekstrakt z czarnego pieprzu)<\/strong> \u2014 zwi\u0119ksza biodost\u0119pno\u015b\u0107 pozosta\u0142ych sk\u0142adnik\u00f3w aktywnych, poprawiaj\u0105c ich wch\u0142anianie przez organizm.<\/li>\n<\/ul>\n<p class=\"font-claude-response-body break-words whitespace-normal leading-[1.7]\">Sk\u0142ad preparatu jest przejrzysty i wolny od zb\u0119dnych wype\u0142niaczy, co jest du\u017c\u0105 zalet\u0105 z punktu widzenia \u015bwiadomego konsumenta.<\/p>\n<h2 class=\"text-text-100 mt-3 -mb-1 text-[1.125rem] font-bold\">Efekty<\/h2>\n<p class=\"font-claude-response-body break-words whitespace-normal leading-[1.7]\">Regularne stosowanie Fast Burn Extreme w po\u0142\u0105czeniu z odpowiedni\u0105 diet\u0105 i aktywno\u015bci\u0105 fizyczn\u0105 mo\u017ce przynie\u015b\u0107 szereg wymiernych korzy\u015bci:<\/p>\n<ul class=\"[li_&amp;]:mb-0 [li_&amp;]:mt-1 [li_&amp;]:gap-1 [&amp;:not(:last-child)_ul]:pb-1 [&amp;:not(:last-child)_ol]:pb-1 list-disc flex flex-col gap-1 pl-8 mb-3\">\n<li class=\"whitespace-normal break-words pl-2\">wyra\u017ana redukcja tkanki t\u0142uszczowej, zw\u0142aszcza w okolicach brzucha, bioder i ud,<\/li>\n<li class=\"whitespace-normal break-words pl-2\">przyspieszenie tempa metabolizmu i spalania kalorii w ci\u0105gu ca\u0142ego dnia,<\/li>\n<li class=\"whitespace-normal break-words pl-2\">wzrost poziomu energii i wytrzyma\u0142o\u015bci podczas trening\u00f3w,<\/li>\n<li class=\"whitespace-normal break-words pl-2\">lepsza koncentracja i motywacja do \u0107wicze\u0144,<\/li>\n<li class=\"whitespace-normal break-words pl-2\">ograniczenie apetytu i redukcja napad\u00f3w g\u0142odu,<\/li>\n<li class=\"whitespace-normal break-words pl-2\">poprawa og\u00f3lnej kompozycji cia\u0142a \u2014 bardziej wysportowana sylwetka,<\/li>\n<li class=\"whitespace-normal break-words pl-2\">zachowanie masy mi\u0119\u015bniowej przy jednoczesnej redukcji t\u0142uszczu.<\/li>\n<\/ul>\n<p class=\"font-claude-response-body break-words whitespace-normal leading-[1.7]\">Pierwsze efekty stosowania suplementu u\u017cytkownicy zazwyczaj odczuwaj\u0105 ju\u017c po kilku tygodniach regularnego przyjmowania kapsu\u0142ek, jednak pe\u0142ne rezultaty widoczne s\u0105 po d\u0142u\u017cszym czasie stosowania.<\/p>\n<h2 class=\"text-text-100 mt-3 -mb-1 text-[1.125rem] font-bold\">Skutki uboczne<\/h2>\n<p class=\"font-claude-response-body break-words whitespace-normal leading-[1.7]\">Fast Burn Extreme to suplement diety zawieraj\u0105cy naturalne ekstrakty ro\u015blinne i bezpieczne sk\u0142adniki aktywne. Przy prawid\u0142owym stosowaniu i przestrzeganiu zalecanego dawkowania produkt jest dobrze tolerowany przez wi\u0119kszo\u015b\u0107 u\u017cytkownik\u00f3w.<\/p>\n<p class=\"font-claude-response-body break-words whitespace-normal leading-[1.7]\"><strong>Niemniej, ze wzgl\u0119du na zawarto\u015b\u0107 kofeiny i synefryny, u wra\u017cliwych os\u00f3b mog\u0105 wyst\u0105pi\u0107:<\/strong><\/p>\n<ul class=\"[li_&amp;]:mb-0 [li_&amp;]:mt-1 [li_&amp;]:gap-1 [&amp;:not(:last-child)_ul]:pb-1 [&amp;:not(:last-child)_ol]:pb-1 list-disc flex flex-col gap-1 pl-8 mb-3\">\n<li class=\"whitespace-normal break-words pl-2\">przej\u015bciowe pobudzenie lub trudno\u015bci z zasypianiem przy stosowaniu w p\u00f3\u017anych godzinach popo\u0142udniowych,<\/li>\n<li class=\"whitespace-normal break-words pl-2\">lekkie ko\u0142atanie serca lub uczucie ciep\u0142a \u2014 szczeg\u00f3lnie na pocz\u0105tku stosowania,<\/li>\n<li class=\"whitespace-normal break-words pl-2\">podwy\u017cszone ci\u015bnienie t\u0119tnicze przy jednoczesnym spo\u017cywaniu du\u017cych ilo\u015bci kofeiny z innych \u017ar\u00f3de\u0142,<\/li>\n<li class=\"whitespace-normal break-words pl-2\">b\u00f3le g\u0142owy lub uczucie dyskomfortu \u017co\u0142\u0105dkowego przy zbyt wysokim dawkowaniu.<\/li>\n<\/ul>\n<p class=\"font-claude-response-body break-words whitespace-normal leading-[1.7]\">Wi\u0119kszo\u015b\u0107 z wymienionych reakcji ma charakter przej\u015bciowy i ust\u0119puje samoistnie po kilku dniach adaptacji organizmu. W razie utrzymywania si\u0119 niepo\u017c\u0105danych objaw\u00f3w nale\u017cy skonsultowa\u0107 si\u0119 z lekarzem.<\/p>\n<h2 class=\"text-text-100 mt-3 -mb-1 text-[1.125rem] font-bold\">Ograniczenia stosowania<\/h2>\n<p class=\"font-claude-response-body break-words whitespace-normal leading-[1.7]\">Fast Burn Extreme nie jest przeznaczony dla wszystkich. Ze stosowania preparatu powinny zrezygnowa\u0107:<\/p>\n<ul class=\"[li_&amp;]:mb-0 [li_&amp;]:mt-1 [li_&amp;]:gap-1 [&amp;:not(:last-child)_ul]:pb-1 [&amp;:not(:last-child)_ol]:pb-1 list-disc flex flex-col gap-1 pl-8 mb-3\">\n<li class=\"whitespace-normal break-words pl-2\">kobiety w ci\u0105\u017cy i karmi\u0105ce piersi\u0105,<\/li>\n<li class=\"whitespace-normal break-words pl-2\">osoby poni\u017cej 18. roku \u017cycia,<\/li>\n<li class=\"whitespace-normal break-words pl-2\">osoby z chorobami sercowo-naczyniowymi, nadci\u015bnieniem t\u0119tniczym lub arytmi\u0105,<\/li>\n<li class=\"whitespace-normal break-words pl-2\">osoby z nadczynno\u015bci\u0105 tarczycy,<\/li>\n<li class=\"whitespace-normal break-words pl-2\">osoby z zaburzeniami l\u0119kowymi lub nadwra\u017cliwo\u015bci\u0105 na kofein\u0119,<\/li>\n<li class=\"whitespace-normal break-words pl-2\">osoby przyjmuj\u0105ce leki na recept\u0119, zw\u0142aszcza preparaty kardiologiczne i psychotropowe.<\/li>\n<\/ul>\n<p class=\"font-claude-response-body break-words whitespace-normal leading-[1.7]\">W razie w\u0105tpliwo\u015bci dotycz\u0105cych mo\u017cliwo\u015bci stosowania suplementu warto wcze\u015bniej skonsultowa\u0107 si\u0119 z lekarzem lub farmaceut\u0105.<\/p>\n<h2 class=\"text-text-100 mt-3 -mb-1 text-[1.125rem] font-bold\">Spos\u00f3b u\u017cycia<\/h2>\n<p class=\"font-claude-response-body break-words whitespace-normal leading-[1.7]\">Zalecane dawkowanie Fast Burn Extreme wynosi 2 kapsu\u0142ki dziennie. Kapsu\u0142ki nale\u017cy przyjmowa\u0107 doustnie, popijaj\u0105c du\u017c\u0105 ilo\u015bci\u0105 wody (co najmniej 200\u2013250 ml).<\/p>\n<p class=\"font-claude-response-body break-words whitespace-normal leading-[1.7]\"><strong>Optymalny czas przyjmowania:<\/strong><\/p>\n<ul class=\"[li_&amp;]:mb-0 [li_&amp;]:mt-1 [li_&amp;]:gap-1 [&amp;:not(:last-child)_ul]:pb-1 [&amp;:not(:last-child)_ol]:pb-1 list-disc flex flex-col gap-1 pl-8 mb-3\">\n<li class=\"whitespace-normal break-words pl-2\"><strong>Pierwsza kapsu\u0142ka<\/strong> \u2014 rano, oko\u0142o 30 minut przed \u015bniadaniem lub przed porannym treningiem,<\/li>\n<li class=\"whitespace-normal break-words pl-2\"><strong>Druga kapsu\u0142ka<\/strong> \u2014 w porze lunchu lub przed popo\u0142udniowym wysi\u0142kiem fizycznym.<\/li>\n<\/ul>\n<p class=\"font-claude-response-body break-words whitespace-normal leading-[1.7]\">Nie zaleca si\u0119 przyjmowania kapsu\u0142ek po godzinie 17:00, poniewa\u017c zawarta w preparacie kofeina mo\u017ce zaburza\u0107 sen. Nie nale\u017cy przekracza\u0107 zalecanej dawki dobowej. Suplement przeznaczony jest do stosowania przez doros\u0142ych \u2014 dzieci i m\u0142odzie\u017c nie powinny go u\u017cywa\u0107.<\/p>\n<p class=\"font-claude-response-body break-words whitespace-normal leading-[1.7]\">Dla uzyskania najlepszych efekt\u00f3w zaleca si\u0119 stosowanie preparatu przez minimum 4\u20138 tygodni, w po\u0142\u0105czeniu z regularn\u0105 aktywno\u015bci\u0105 fizyczn\u0105 i zbilansowan\u0105 diet\u0105 o umiarkowanym deficycie kalorycznym.<\/p>\n<h2 class=\"text-text-100 mt-3 -mb-1 text-[1.125rem] font-bold\">Kup Fast Burn Extreme, cena<\/h2>\n<p class=\"font-claude-response-body break-words whitespace-normal leading-[1.7]\">Fast Burn Extreme jest dost\u0119pny wy\u0142\u0105cznie przez Internet \u2014 produktu nie znajdziesz w tradycyjnych aptekach stacjonarnych ani w drogeriach. Takie rozwi\u0105zanie dystrybucyjne pozwala producentowi zagwarantowa\u0107 oryginalno\u015b\u0107 ka\u017cdej sprzedanej paczki i zapewni\u0107 klientom bezpo\u015brednie wsparcie posprzeda\u017cowe.<\/p>\n<p class=\"font-claude-response-body break-words whitespace-normal leading-[1.7]\">Kupuj\u0105c Fast Burn Extreme bezpo\u015brednio u producenta, masz pewno\u015b\u0107, \u017ce otrzymujesz autentyczny produkt w najlepszej dost\u0119pnej cenie. Producent regularnie organizuje promocje i oferuje rabaty przy zakupie wi\u0119kszych zestaw\u00f3w, dzi\u0119ki czemu d\u0142ugoterminowa suplementacja staje si\u0119 bardziej op\u0142acalna. Rekomendujemy unikanie nieznanych po\u015brednik\u00f3w i platform, kt\u00f3re mog\u0105 oferowa\u0107 podr\u00f3bki lub przeterminowane produkty.<\/p>\n<h2 class=\"text-text-100 mt-3 -mb-1 text-[1.125rem] font-bold\">Zam\u00f3w Fast Burn Extreme na stronie producenta<\/h2>\n<p class=\"font-claude-response-body break-words whitespace-normal leading-[1.7]\">Zamawianie Fast Burn Extreme jest proste i wygodne. Wystarczy odwiedzi\u0107 oficjaln\u0105 stron\u0119 internetow\u0105 producenta, wybra\u0107 interesuj\u0105cy Ci\u0119 pakiet i wype\u0142ni\u0107 kr\u00f3tki formularz zam\u00f3wienia. Realizacja zam\u00f3wie\u0144 odbywa si\u0119 sprawnie, a dostawa realizowana jest na terenie ca\u0142ej Polski.<\/p>\n<p class=\"font-claude-response-body break-words whitespace-normal leading-[1.7]\"><strong>Na oficjalnej stronie producenta znajdziesz:<\/strong><\/p>\n<ul class=\"[li_&amp;]:mb-0 [li_&amp;]:mt-1 [li_&amp;]:gap-1 [&amp;:not(:last-child)_ul]:pb-1 [&amp;:not(:last-child)_ol]:pb-1 list-disc flex flex-col gap-1 pl-8 mb-3\">\n<li class=\"whitespace-normal break-words pl-2\">szczeg\u00f3\u0142owe informacje o sk\u0142adzie i dzia\u0142aniu produktu,<\/li>\n<li class=\"whitespace-normal break-words pl-2\">aktualne promocje i pakiety oszcz\u0119dno\u015bciowe,<\/li>\n<li class=\"whitespace-normal break-words pl-2\">mo\u017cliwo\u015b\u0107 bezpiecznej p\u0142atno\u015bci online lub przy odbiorze,<\/li>\n<li class=\"whitespace-normal break-words pl-2\">wsparcie obs\u0142ugi klienta dost\u0119pnej w razie pyta\u0144 lub w\u0105tpliwo\u015bci.<\/li>\n<\/ul>\n<p class=\"font-claude-response-body break-words whitespace-normal leading-[1.7]\">Zamawiaj\u0105c bezpo\u015brednio od producenta, masz r\u00f3wnie\u017c dost\u0119p do program\u00f3w lojalno\u015bciowych i specjalnych ofert dla sta\u0142ych klient\u00f3w. To najlepszy i najwygodniejszy spos\u00f3b na nabycie oryginalnego suplementu Fast Burn Extreme.<\/p>\n<h2 class=\"text-text-100 mt-3 -mb-1 text-[1.125rem] font-bold\">Porady ekspert\u00f3w<\/h2>\n<p class=\"font-claude-response-body break-words whitespace-normal leading-[1.7]\">Specjali\u015bci ds. \u017cywienia i trenerzy personalni zwracaj\u0105 uwag\u0119, \u017ce \u017caden suplement nie zast\u0105pi podstaw zdrowego stylu \u017cycia. Fast Burn Extreme dzia\u0142a najskuteczniej, gdy jest stosowany jako element kompleksowego planu redukcji masy cia\u0142a, kt\u00f3ry obejmuje:<\/p>\n<ul class=\"[li_&amp;]:mb-0 [li_&amp;]:mt-1 [li_&amp;]:gap-1 [&amp;:not(:last-child)_ul]:pb-1 [&amp;:not(:last-child)_ol]:pb-1 list-disc flex flex-col gap-1 pl-8 mb-3\">\n<li class=\"whitespace-normal break-words pl-2\"><strong>Odpowiedni deficyt kaloryczny<\/strong> \u2014 kluczowy warunek utraty tkanki t\u0142uszczowej; zaleca si\u0119 ograniczenie kalorii o 300\u2013500 kcal dziennie poni\u017cej zapotrzebowania,<\/li>\n<li class=\"whitespace-normal break-words pl-2\"><strong>Regularna aktywno\u015b\u0107 fizyczna<\/strong> \u2014 najlepiej po\u0142\u0105czenie treningu cardio z \u0107wiczeniami si\u0142owymi, co przyspiesza metabolizm i wspomaga utrzymanie masy mi\u0119\u015bniowej,<\/li>\n<li class=\"whitespace-normal break-words pl-2\"><strong>W\u0142a\u015bciwe nawodnienie<\/strong> \u2014 picie minimum 2 litr\u00f3w wody dziennie jest niezb\u0119dne przy stosowaniu preparat\u00f3w termogenicznych,<\/li>\n<li class=\"whitespace-normal break-words pl-2\"><strong>Unikanie przetworzonej \u017cywno\u015bci<\/strong> \u2014 ograniczenie cukr\u00f3w prostych i t\u0142uszcz\u00f3w trans znacz\u0105co przyspiesza efekty redukcji,<\/li>\n<li class=\"whitespace-normal break-words pl-2\"><strong>Sen i regeneracja<\/strong> \u2014 odpoczynek jest r\u00f3wnie wa\u017cny jak trening; niedob\u00f3r snu zaburza gospodark\u0119 hormonaln\u0105 i utrudnia odchudzanie.<\/li>\n<\/ul>\n<p class=\"font-claude-response-body break-words whitespace-normal leading-[1.7]\">Eksperci podkre\u015blaj\u0105, \u017ce Fast Burn Extreme mo\u017ce by\u0107 cennym wsparciem w procesie odchudzania, jednak najlepsze i trwa\u0142e efekty przynosi zmiana nawyk\u00f3w \u017cywieniowych i regularna aktywno\u015b\u0107, a nie samo stosowanie suplement\u00f3w.<\/p>\n<h2 class=\"text-text-100 mt-3 -mb-1 text-[1.125rem] font-bold\">Opinie u\u017cytkownik\u00f3w, fora w Polsce<\/h2>\n<p class=\"font-claude-response-body break-words whitespace-normal leading-[1.7]\">Polscy u\u017cytkownicy ch\u0119tnie dziel\u0105 si\u0119 swoimi do\u015bwiadczeniami z Fast Burn Extreme na forach internetowych i w mediach spo\u0142eczno\u015bciowych. Og\u00f3lny odbi\u00f3r produktu jest pozytywny \u2014 wi\u0119kszo\u015b\u0107 komentuj\u0105cych chwali wyra\u017ane pobudzenie energetyczne oraz przyspieszenie efekt\u00f3w diety i treningu. U\u017cytkownicy podkre\u015blaj\u0105, \u017ce suplement najlepiej sprawdza si\u0119 jako wsparcie intensywnej aktywno\u015bci fizycznej, a nie jako samodzielny \u015brodek odchudzaj\u0105cy.<\/p>\n<ul class=\"[li_&amp;]:mb-0 [li_&amp;]:mt-1 [li_&amp;]:gap-1 [&amp;:not(:last-child)_ul]:pb-1 [&amp;:not(:last-child)_ol]:pb-1 list-disc flex flex-col gap-1 pl-8 mb-3\">\n<li class=\"whitespace-normal break-words pl-2\"><strong>Marek, 34 lata:<\/strong> \u201eStosuj\u0119 Fast Burn Extreme od dw\u00f3ch miesi\u0119cy i jestem bardzo zadowolony. Schud\u0142em ponad 6 kilogram\u00f3w, a na treningach czuj\u0119 wyra\u017anie wi\u0119cej energii. Polecam ka\u017cdemu, kto serio podchodzi do redukcji.&#8221;<\/li>\n<li class=\"whitespace-normal break-words pl-2\"><strong>Agnieszka, 28 lat:<\/strong> \u201eBy\u0142am sceptyczna, bo pr\u00f3bowa\u0142am ju\u017c r\u00f3\u017cnych suplement\u00f3w, ale Fast Burn Extreme rzeczywi\u015bcie dzia\u0142a. Apetyt mi si\u0119 zmniejszy\u0142, sylwetka jest bardziej wyrze\u017abiona i w ko\u0144cu uda\u0142o mi si\u0119 przebi\u0107 przez plateau wagowe.&#8221;<\/li>\n<\/ul>\n","protected":false},"excerpt":{"rendered":"<p>Fast Burn Extreme to wielosk\u0142adnikowy spalacz t\u0142uszczu nowej generacji, dost\u0119pny w wygodnej formie kapsu\u0142ek do codziennego stosowania. Produkt przeznaczony jest zar\u00f3wno dla zaawansowanych sportowc\u00f3w, jak i dla os\u00f3b rozpoczynaj\u0105cych swoj\u0105 przygod\u0119 z aktywno\u015bci\u0105 fizyczn\u0105, kt\u00f3re chc\u0105 wspom\u00f3c proces odchudzania i poprawi\u0107 sylwetk\u0119. Suplement wyr\u00f3\u017cnia si\u0119 kompleksowym podej\u015bciem do redukcji masy cia\u0142a \u2014 nie ogranicza si\u0119 [&hellip;]<\/p>\n","protected":false},"featured_media":725,"comment_status":"open","ping_status":"closed","template":"","meta":[],"product_brand":[],"product_cat":[15],"product_tag":[],"class_list":{"0":"post-724","1":"product","2":"type-product","3":"status-publish","4":"has-post-thumbnail","6":"product_cat-suplement","8":"first","9":"instock","10":"sale","11":"shipping-taxable","12":"product-type-external"},"aioseo_notices":[],"_links":{"self":[{"href":"https:\/\/orto-medika.pl\/store\/wp-json\/wp\/v2\/product\/724","targetHints":{"allow":["GET"]}}],"collection":[{"href":"https:\/\/orto-medika.pl\/store\/wp-json\/wp\/v2\/product"}],"about":[{"href":"https:\/\/orto-medika.pl\/store\/wp-json\/wp\/v2\/types\/product"}],"replies":[{"embeddable":true,"href":"https:\/\/orto-medika.pl\/store\/wp-json\/wp\/v2\/comments?post=724"}],"wp:featuredmedia":[{"embeddable":true,"href":"https:\/\/orto-medika.pl\/store\/wp-json\/wp\/v2\/media\/725"}],"wp:attachment":[{"href":"https:\/\/orto-medika.pl\/store\/wp-json\/wp\/v2\/media?parent=724"}],"wp:term":[{"taxonomy":"product_brand","embeddable":true,"href":"https:\/\/orto-medika.pl\/store\/wp-json\/wp\/v2\/product_brand?post=724"},{"taxonomy":"product_cat","embeddable":true,"href":"https:\/\/orto-medika.pl\/store\/wp-json\/wp\/v2\/product_cat?post=724"},{"taxonomy":"product_tag","embeddable":true,"href":"https:\/\/orto-medika.pl\/store\/wp-json\/wp\/v2\/product_tag?post=724"}],"curies":[{"name":"wp","href":"https:\/\/api.w.org\/{rel}","templated":true}]}}