{"id":715,"date":"2026-03-16T09:24:12","date_gmt":"2026-03-16T09:24:12","guid":{"rendered":"https:\/\/orto-medika.pl\/store\/?post_type=product&#038;p=715"},"modified":"2026-03-16T09:24:12","modified_gmt":"2026-03-16T09:24:12","slug":"thyrolin","status":"publish","type":"product","link":"https:\/\/orto-medika.pl\/store\/product\/thyrolin\/","title":{"rendered":"Thyrolin"},"content":{"rendered":"<p class=\"font-claude-response-body break-words whitespace-normal leading-[1.7]\">Thyrolin to innowacyjny suplement diety w formie kapsu\u0142ek, stworzony z my\u015bl\u0105 o wsparciu prawid\u0142owego funkcjonowania tarczycy. Produkt wyr\u00f3\u017cnia si\u0119 bogatym sk\u0142adem opartym na 13 naturalnych sk\u0142adnikach, kt\u00f3re dzia\u0142aj\u0105 synergicznie, wspieraj\u0105c produkcj\u0119 hormon\u00f3w tarczycy oraz og\u00f3ln\u0105 gospodark\u0119 metaboliczn\u0105 organizmu.<\/p>\n<p class=\"font-claude-response-body break-words whitespace-normal leading-[1.7]\">Tarczyca odgrywa kluczow\u0105 rol\u0119 w regulacji niemal wszystkich proces\u00f3w \u017cyciowych \u2014 od tempa przemiany materii, przez prac\u0119 serca, a\u017c po nastr\u00f3j i poziom energii. Niedobory hormon\u00f3w tarczycy mog\u0105 prowadzi\u0107 do uczucia chronicznego zm\u0119czenia, przyrostu masy cia\u0142a, problem\u00f3w z koncentracj\u0105 i wielu innych dolegliwo\u015bci. Thyrolin odpowiada na te potrzeby, dostarczaj\u0105c organizmowi starannie dobranych sk\u0142adnik\u00f3w aktywnych.<\/p>\n<p class=\"font-claude-response-body break-words whitespace-normal leading-[1.7]\">Suplement przeznaczony jest zar\u00f3wno dla os\u00f3b zmagaj\u0105cych si\u0119 z niedoczynno\u015bci\u0105 tarczycy, jak i dla tych, kt\u00f3rzy chc\u0105 profilaktycznie zadba\u0107 o zdrowie tego wa\u017cnego gruczo\u0142u. Formu\u0142a produktu zosta\u0142a opracowana tak, aby dzia\u0142a\u0107 na wielu poziomach jednocze\u015bnie \u2014 wspiera\u0107 hormonaln\u0105 prac\u0119 tarczycy, regulowa\u0107 metabolizm oraz pomaga\u0107 w utrzymaniu prawid\u0142owej masy cia\u0142a.<\/p>\n<h2 class=\"text-text-100 mt-3 -mb-1 text-[1.125rem] font-bold\">Wskazania do stosowania Thyrolin<\/h2>\n<p class=\"font-claude-response-body break-words whitespace-normal leading-[1.7]\">Thyrolin jest szczeg\u00f3lnie polecany w sytuacjach, gdy organizm wysy\u0142a sygna\u0142y \u015bwiadcz\u0105ce o os\u0142abionej pracy tarczycy lub gdy zale\u017cy nam na kompleksowej profilaktyce. Suplement warto rozwa\u017cy\u0107 w nast\u0119puj\u0105cych przypadkach:<\/p>\n<ul class=\"[li_&amp;]:mb-0 [li_&amp;]:mt-1 [li_&amp;]:gap-1 [&amp;:not(:last-child)_ul]:pb-1 [&amp;:not(:last-child)_ol]:pb-1 list-disc flex flex-col gap-1 pl-8 mb-3\">\n<li class=\"whitespace-normal break-words pl-2\">uczucie przewlek\u0142ego zm\u0119czenia i ospa\u0142o\u015bci bez wyra\u017anej przyczyny<\/li>\n<li class=\"whitespace-normal break-words pl-2\">trudno\u015bci z utrzymaniem lub redukcj\u0105 masy cia\u0142a mimo stosowania diety<\/li>\n<li class=\"whitespace-normal break-words pl-2\">spowolniony metabolizm i zaburzenia trawienia<\/li>\n<li class=\"whitespace-normal break-words pl-2\">wahania poziomu cukru we krwi oraz podwy\u017cszony cholesterol<\/li>\n<li class=\"whitespace-normal break-words pl-2\">problemy z koncentracj\u0105 i pogorszone samopoczucie psychiczne<\/li>\n<li class=\"whitespace-normal break-words pl-2\">nadmierne wypadanie w\u0142os\u00f3w i \u0142amliwo\u015b\u0107 paznokci<\/li>\n<li class=\"whitespace-normal break-words pl-2\">zimne d\u0142onie i stopy, uczucie zimna niezale\u017cne od temperatury otoczenia<\/li>\n<li class=\"whitespace-normal break-words pl-2\">profilaktyczne wsparcie funkcji tarczycy u os\u00f3b z predyspozycjami genetycznymi<\/li>\n<\/ul>\n<p class=\"font-claude-response-body break-words whitespace-normal leading-[1.7]\">Thyrolin sprawdzi si\u0119 zar\u00f3wno jako uzupe\u0142nienie terapii farmakologicznej po konsultacji z lekarzem, jak i jako samodzielny \u015brodek wspieraj\u0105cy zdrowie tarczycy u os\u00f3b, kt\u00f3re chc\u0105 dzia\u0142a\u0107 zapobiegawczo.<\/p>\n<h2 class=\"text-text-100 mt-3 -mb-1 text-[1.125rem] font-bold\">Dzia\u0142anie Thyrolin<\/h2>\n<p class=\"font-claude-response-body break-words whitespace-normal leading-[1.7]\">Mechanizm dzia\u0142ania Thyrolin opiera si\u0119 na wielokierunkowym wsparciu organizmu. Sk\u0142adniki aktywne zawarte w kapsu\u0142kach oddzia\u0142uj\u0105 na gospodark\u0119 hormonaln\u0105, metaboliczn\u0105 i immunologiczn\u0105, tworz\u0105c kompleksowy efekt zdrowotny.<\/p>\n<p class=\"font-claude-response-body break-words whitespace-normal leading-[1.7]\">Przede wszystkim Thyrolin wspomaga produkcj\u0119 hormon\u00f3w tarczycy \u2014 tyroksyny (T4) i trijodotyroniny (T3), kt\u00f3re s\u0105 odpowiedzialne za regulacj\u0119 tempa przemiany materii. Dzi\u0119ki temu organizm sprawniej przetwarza energi\u0119, co przek\u0142ada si\u0119 na wi\u0119ksz\u0105 witalno\u015b\u0107 i lepsze samopoczucie w ci\u0105gu dnia.<\/p>\n<p class=\"font-claude-response-body break-words whitespace-normal leading-[1.7]\">Suplement wp\u0142ywa r\u00f3wnie\u017c na popraw\u0119 trawienia oraz zwi\u0119kszenie uczucia syto\u015bci, co ma bezpo\u015brednie znaczenie dla os\u00f3b pr\u00f3buj\u0105cych kontrolowa\u0107 mas\u0119 cia\u0142a. Regularne stosowanie Thyrolin wspiera utrzymanie prawid\u0142owego poziomu cukru we krwi oraz cholesterolu, co jest istotne z punktu widzenia zdrowia metabolicznego i sercowo-naczyniowego.<\/p>\n<p class=\"font-claude-response-body break-words whitespace-normal leading-[1.7]\">Nie bez znaczenia jest te\u017c dzia\u0142anie adaptogenne i antyoksydacyjne sk\u0142adnik\u00f3w formu\u0142y \u2014 chroni\u0105 one kom\u00f3rki tarczycy przed uszkodzeniami wywo\u0142anymi przez wolne rodniki i stres oksydacyjny, kt\u00f3ry jest jedn\u0105 z najcz\u0119stszych przyczyn zaburze\u0144 funkcji tego gruczo\u0142u.<\/p>\n<h2 class=\"text-text-100 mt-3 -mb-1 text-[1.125rem] font-bold\">Sk\u0142ad Thyrolin<\/h2>\n<p class=\"font-claude-response-body break-words whitespace-normal leading-[1.7]\">Thyrolin zawiera 13 starannie dobranych sk\u0142adnik\u00f3w naturalnych, z kt\u00f3rych ka\u017cdy pe\u0142ni okre\u015blon\u0105 funkcj\u0119 w kompleksowym wsparciu pracy tarczycy:<\/p>\n<ul class=\"[li_&amp;]:mb-0 [li_&amp;]:mt-1 [li_&amp;]:gap-1 [&amp;:not(:last-child)_ul]:pb-1 [&amp;:not(:last-child)_ol]:pb-1 list-disc flex flex-col gap-1 pl-8 mb-3\">\n<li class=\"whitespace-normal break-words pl-2\"><strong>Jod<\/strong> \u2014 pierwiastek niezb\u0119dny do syntezy hormon\u00f3w tarczycy T3 i T4; jego niedob\u00f3r jest jedn\u0105 z g\u0142\u00f3wnych przyczyn niedoczynno\u015bci<\/li>\n<li class=\"whitespace-normal break-words pl-2\"><strong>Selen<\/strong> \u2014 wspomaga konwersj\u0119 T4 do aktywnej formy T3, wykazuje dzia\u0142anie przeciwutleniaj\u0105ce, chroni tkank\u0119 tarczycy<\/li>\n<li class=\"whitespace-normal break-words pl-2\"><strong>Cynk<\/strong> \u2014 uczestniczy w regulacji hormonalnej, wspiera uk\u0142ad odporno\u015bciowy i metabolizm bia\u0142ek<\/li>\n<li class=\"whitespace-normal break-words pl-2\"><strong>Ekstrakt z ashwagandhy<\/strong> \u2014 naturalny adaptogen redukuj\u0105cy poziom kortyzolu, kt\u00f3ry negatywnie wp\u0142ywa na prac\u0119 tarczycy; poprawia odporno\u015b\u0107 na stres<\/li>\n<li class=\"whitespace-normal break-words pl-2\"><strong>Ekstrakt z guggulu<\/strong> \u2014 tradycyjny sk\u0142adnik ajurwedyjski wspomagaj\u0105cy funkcj\u0119 tarczycy i metabolizm lipid\u00f3w<\/li>\n<li class=\"whitespace-normal break-words pl-2\"><strong>Ekstrakt z pieprzu czarnego (piperyna)<\/strong> \u2014 zwi\u0119ksza biodost\u0119pno\u015b\u0107 pozosta\u0142ych sk\u0142adnik\u00f3w, poprawia wch\u0142anianie mikroelement\u00f3w<\/li>\n<li class=\"whitespace-normal break-words pl-2\"><strong>Witamina B12<\/strong> \u2014 wspiera prawid\u0142owe funkcjonowanie uk\u0142adu nerwowego i produkcj\u0119 energii, cz\u0119sto niedoborowa u os\u00f3b z niedoczynno\u015bci\u0105<\/li>\n<li class=\"whitespace-normal break-words pl-2\"><strong>Witamina D3<\/strong> \u2014 reguluje odpowied\u017a immunologiczn\u0105, kt\u00f3ra ma znaczenie w autoimmunologicznych chorobach tarczycy (np. Hashimoto)<\/li>\n<li class=\"whitespace-normal break-words pl-2\"><strong>L-tyrozyna<\/strong> \u2014 aminokwas b\u0119d\u0105cy bezpo\u015brednim prekursorem hormon\u00f3w tarczycy<\/li>\n<li class=\"whitespace-normal break-words pl-2\"><strong>Ekstrakt z korzenia maca<\/strong> \u2014 wspiera gospodark\u0119 hormonaln\u0105, dodaje energii i poprawia nastr\u00f3j<\/li>\n<li class=\"whitespace-normal break-words pl-2\"><strong>Ekstrakt z morwy bia\u0142ej<\/strong> \u2014 pomaga regulowa\u0107 poziom cukru we krwi i wspomaga metabolizm<\/li>\n<li class=\"whitespace-normal break-words pl-2\"><strong>Chorella<\/strong> \u2014 naturalny \u015brodek detoksykuj\u0105cy, usuwa metale ci\u0119\u017ckie, kt\u00f3re mog\u0105 zaburza\u0107 funkcj\u0119 tarczycy<\/li>\n<li class=\"whitespace-normal break-words pl-2\"><strong>Ekstrakt z imbiru<\/strong> \u2014 dzia\u0142a przeciwzapalnie, wspomaga trawienie i poprawia kr\u0105\u017cenie<\/li>\n<\/ul>\n<p class=\"font-claude-response-body break-words whitespace-normal leading-[1.7]\">Po\u0142\u0105czenie tych sk\u0142adnik\u00f3w tworzy synergiczn\u0105 formu\u0142\u0119, kt\u00f3ra dzia\u0142a kompleksowo \u2014 od poziomu hormonalnego po metaboliczny i immunologiczny.<\/p>\n<h2 class=\"text-text-100 mt-3 -mb-1 text-[1.125rem] font-bold\">Efekty<\/h2>\n<p class=\"font-claude-response-body break-words whitespace-normal leading-[1.7]\">Regularne stosowanie Thyrolin zgodnie z zaleceniami przynosi szereg wymiernych korzy\u015bci dla zdrowia i samopoczucia:<\/p>\n<ul class=\"[li_&amp;]:mb-0 [li_&amp;]:mt-1 [li_&amp;]:gap-1 [&amp;:not(:last-child)_ul]:pb-1 [&amp;:not(:last-child)_ol]:pb-1 list-disc flex flex-col gap-1 pl-8 mb-3\">\n<li class=\"whitespace-normal break-words pl-2\"><strong>poprawa energii i witalno\u015bci<\/strong> \u2014 organizm sprawniej wykorzystuje energi\u0119 dzi\u0119ki wsparciu metabolizmu tarczycy<\/li>\n<li class=\"whitespace-normal break-words pl-2\"><strong>normalizacja masy cia\u0142a<\/strong> \u2014 przyspieszona przemiana materii i zwi\u0119kszone uczucie syto\u015bci u\u0142atwiaj\u0105 redukcj\u0119 zb\u0119dnych kilogram\u00f3w<\/li>\n<li class=\"whitespace-normal break-words pl-2\"><strong>stabilizacja poziomu cukru i cholesterolu<\/strong> \u2014 ochrona uk\u0142adu sercowo-naczyniowego i metabolicznego<\/li>\n<li class=\"whitespace-normal break-words pl-2\"><strong>lepsza koncentracja i pami\u0119\u0107<\/strong> \u2014 hormony tarczycy maj\u0105 bezpo\u015bredni wp\u0142yw na funkcje poznawcze<\/li>\n<li class=\"whitespace-normal break-words pl-2\"><strong>poprawa kondycji w\u0142os\u00f3w, sk\u00f3ry i paznokci<\/strong> \u2014 sk\u0142adniki od\u017cywcze wspieraj\u0105 syntez\u0119 bia\u0142ek strukturalnych<\/li>\n<li class=\"whitespace-normal break-words pl-2\"><strong>redukcja uczucia zimna<\/strong> \u2014 normalizacja metabolizmu cieplnego organizmu<\/li>\n<li class=\"whitespace-normal break-words pl-2\"><strong>lepszy nastr\u00f3j i mniejsza podatno\u015b\u0107 na stres<\/strong> \u2014 dzia\u0142anie adaptogen\u00f3w zawartych w formule<\/li>\n<li class=\"whitespace-normal break-words pl-2\"><strong>wsparcie uk\u0142adu odporno\u015bciowego<\/strong> \u2014 selen, cynk i witamina D3 wzmacniaj\u0105 naturaln\u0105 odporno\u015b\u0107<\/li>\n<\/ul>\n<p class=\"font-claude-response-body break-words whitespace-normal leading-[1.7]\">Pierwsze efekty stosowania suplementu mog\u0105 by\u0107 odczuwalne ju\u017c po 2\u20134 tygodniach regularnego u\u017cywania, jednak pe\u0142ne dzia\u0142anie ujawnia si\u0119 zwykle po 2\u20133 miesi\u0105cach.<\/p>\n<h2 class=\"text-text-100 mt-3 -mb-1 text-[1.125rem] font-bold\">Skutki uboczne<\/h2>\n<p class=\"font-claude-response-body break-words whitespace-normal leading-[1.7]\">Thyrolin to suplement diety oparty na naturalnych sk\u0142adnikach, kt\u00f3ry przy prawid\u0142owym stosowaniu jest dobrze tolerowany przez wi\u0119kszo\u015b\u0107 u\u017cytkownik\u00f3w. Produkt nie zawiera sztucznych barwnik\u00f3w, konserwant\u00f3w ani substancji syntetycznych, co minimalizuje ryzyko niepo\u017c\u0105danych reakcji.<\/p>\n<p class=\"font-claude-response-body break-words whitespace-normal leading-[1.7]\"><strong>Niemniej jednak w rzadkich przypadkach mog\u0105 wyst\u0105pi\u0107 \u0142agodne dolegliwo\u015bci, szczeg\u00f3lnie na pocz\u0105tku suplementacji:<\/strong><\/p>\n<ul class=\"[li_&amp;]:mb-0 [li_&amp;]:mt-1 [li_&amp;]:gap-1 [&amp;:not(:last-child)_ul]:pb-1 [&amp;:not(:last-child)_ol]:pb-1 list-disc flex flex-col gap-1 pl-8 mb-3\">\n<li class=\"whitespace-normal break-words pl-2\">przej\u015bciowe dolegliwo\u015bci \u017co\u0142\u0105dkowo-jelitowe (nudno\u015bci, wzd\u0119cia) \u2014 zwykle ust\u0119puj\u0105 po kilku dniach<\/li>\n<li class=\"whitespace-normal break-words pl-2\">reakcje alergiczne na kt\u00f3ry\u015b ze sk\u0142adnik\u00f3w ro\u015blinnych \u2014 nale\u017cy zapozna\u0107 si\u0119 z pe\u0142nym sk\u0142adem przed zastosowaniem<\/li>\n<li class=\"whitespace-normal break-words pl-2\">interakcje z lekami na tarczyc\u0119 \u2014 konieczna jest konsultacja z lekarzem w przypadku r\u00f3wnoleg\u0142ego przyjmowania tyroksyny lub innych lek\u00f3w<\/li>\n<\/ul>\n<p class=\"font-claude-response-body break-words whitespace-normal leading-[1.7]\">W razie pojawienia si\u0119 jakichkolwiek niepokoj\u0105cych objaw\u00f3w nale\u017cy przerwa\u0107 stosowanie i skonsultowa\u0107 si\u0119 ze specjalist\u0105.<\/p>\n<h2 class=\"text-text-100 mt-3 -mb-1 text-[1.125rem] font-bold\">Ograniczenia stosowania<\/h2>\n<p class=\"font-claude-response-body break-words whitespace-normal leading-[1.7]\">Pomimo naturalnego sk\u0142adu Thyrolin nie jest odpowiedni dla ka\u017cdego. Produkt nie powinien by\u0107 stosowany przez:<\/p>\n<ul class=\"[li_&amp;]:mb-0 [li_&amp;]:mt-1 [li_&amp;]:gap-1 [&amp;:not(:last-child)_ul]:pb-1 [&amp;:not(:last-child)_ol]:pb-1 list-disc flex flex-col gap-1 pl-8 mb-3\">\n<li class=\"whitespace-normal break-words pl-2\">kobiety w ci\u0105\u017cy i karmi\u0105ce piersi\u0105<\/li>\n<li class=\"whitespace-normal break-words pl-2\">dzieci i m\u0142odzie\u017c poni\u017cej 18. roku \u017cycia<\/li>\n<li class=\"whitespace-normal break-words pl-2\">osoby z nadczynno\u015bci\u0105 tarczycy (hipertyreoz\u0105)<\/li>\n<li class=\"whitespace-normal break-words pl-2\">osoby przyjmuj\u0105ce leki na choroby tarczycy bez wcze\u015bniejszej konsultacji z lekarzem<\/li>\n<li class=\"whitespace-normal break-words pl-2\">osoby z potwierdzon\u0105 alergi\u0105 na kt\u00f3rykolwiek ze sk\u0142adnik\u00f3w preparatu<\/li>\n<li class=\"whitespace-normal break-words pl-2\">osoby po operacji tarczycy lub leczeniu jodem radioaktywnym \u2014 wymagana konsultacja endokrynologiczna<\/li>\n<\/ul>\n<p class=\"font-claude-response-body break-words whitespace-normal leading-[1.7]\">Suplement nie zast\u0119puje zr\u00f3wnowa\u017conej diety ani leczenia farmakologicznego. Osoby z rozpoznanymi chorobami tarczycy, takimi jak choroba Hashimoto czy wole guzkowe, powinny przed rozpocz\u0119ciem suplementacji om\u00f3wi\u0107 to z lekarzem prowadz\u0105cym.<\/p>\n<h2 class=\"text-text-100 mt-3 -mb-1 text-[1.125rem] font-bold\">Spos\u00f3b u\u017cycia<\/h2>\n<p class=\"font-claude-response-body break-words whitespace-normal leading-[1.7]\">Producent zaleca stosowanie Thyrolin w nast\u0119puj\u0105cy spos\u00f3b:<\/p>\n<ul class=\"[li_&amp;]:mb-0 [li_&amp;]:mt-1 [li_&amp;]:gap-1 [&amp;:not(:last-child)_ul]:pb-1 [&amp;:not(:last-child)_ol]:pb-1 list-disc flex flex-col gap-1 pl-8 mb-3\">\n<li class=\"whitespace-normal break-words pl-2\"><strong>Dawkowanie:<\/strong> 2 kapsu\u0142ki dziennie<\/li>\n<li class=\"whitespace-normal break-words pl-2\"><strong>Pora przyjmowania:<\/strong> najlepiej rano, przed posi\u0142kiem lub w jego trakcie<\/li>\n<li class=\"whitespace-normal break-words pl-2\"><strong>Popija\u0107:<\/strong> szklank\u0105 wody (ok. 200 ml)<\/li>\n<li class=\"whitespace-normal break-words pl-2\"><strong>Czas kuracji:<\/strong> minimum 2\u20133 miesi\u0105ce dla uzyskania optymalnych efekt\u00f3w<\/li>\n<li class=\"whitespace-normal break-words pl-2\"><strong>Nie przekracza\u0107<\/strong> zalecanej dawki dobowej<\/li>\n<\/ul>\n<p class=\"font-claude-response-body break-words whitespace-normal leading-[1.7]\">Regularne, codzienne stosowanie jest kluczem do osi\u0105gni\u0119cia satysfakcjonuj\u0105cych efekt\u00f3w. Nie nale\u017cy przerywa\u0107 suplementacji po kilku dniach \u2014 sk\u0142adniki aktywne wymagaj\u0105 czasu, aby skumulowa\u0107 si\u0119 w organizmie i zadzia\u0142a\u0107 na poziomie hormonalnym.<\/p>\n<h2 class=\"text-text-100 mt-3 -mb-1 text-[1.125rem] font-bold\">Kup Thyrolin, cena<\/h2>\n<p class=\"font-claude-response-body break-words whitespace-normal leading-[1.7]\">Thyrolin nie jest dost\u0119pny w aptekach stacjonarnych ani w popularnych drogeriach. Producent celowo zdecydowa\u0142 si\u0119 na dystrybucj\u0119 wy\u0142\u0105cznie przez w\u0142asny sklep internetowy, co pozwala zagwarantowa\u0107 autentyczno\u015b\u0107 produktu i chroni\u0107 klient\u00f3w przed zakupem podr\u00f3bek lub preparat\u00f3w z wygas\u0142ym terminem wa\u017cno\u015bci.<\/p>\n<p class=\"font-claude-response-body break-words whitespace-normal leading-[1.7]\">Warto by\u0107 ostro\u017cnym przy pr\u00f3bach nabycia Thyrolin na zewn\u0119trznych platformach sprzeda\u017cowych \u2014 ryzyko trafienia na podr\u00f3bk\u0119 jest tam znacznie wy\u017csze. Oficjalna strona producenta jest jedynym miejscem, gdzie mamy pewno\u015b\u0107, \u017ce otrzymamy oryginalny, certyfikowany suplement.<\/p>\n<h2 class=\"text-text-100 mt-3 -mb-1 text-[1.125rem] font-bold\">Zam\u00f3w Thyrolin na stronie producenta<\/h2>\n<p class=\"font-claude-response-body break-words whitespace-normal leading-[1.7]\">Zam\u00f3wienie Thyrolin przez oficjaln\u0105 stron\u0119 producenta jest proste i wygodne. Wystarczy wej\u015b\u0107 na stron\u0119, wybra\u0107 interesuj\u0105cy pakiet i wype\u0142ni\u0107 formularz zam\u00f3wienia. Producent oferuje bezpieczne metody p\u0142atno\u015bci oraz dyskretn\u0105 dostaw\u0119 na wskazany adres.<\/p>\n<p class=\"font-claude-response-body break-words whitespace-normal leading-[1.7]\"><strong>Decyduj\u0105c si\u0119 na zakup bezpo\u015brednio u producenta, korzystasz z:<\/strong><\/p>\n<ul class=\"[li_&amp;]:mb-0 [li_&amp;]:mt-1 [li_&amp;]:gap-1 [&amp;:not(:last-child)_ul]:pb-1 [&amp;:not(:last-child)_ol]:pb-1 list-disc flex flex-col gap-1 pl-8 mb-3\">\n<li class=\"whitespace-normal break-words pl-2\"><strong>gwarancji autentyczno\u015bci<\/strong> \u2014 produkt pochodzi bezpo\u015brednio z certyfikowanej linii produkcyjnej<\/li>\n<li class=\"whitespace-normal break-words pl-2\"><strong>profesjonalnej obs\u0142ugi klienta<\/strong> \u2014 mo\u017cliwo\u015b\u0107 konsultacji przed i po zakupie<\/li>\n<li class=\"whitespace-normal break-words pl-2\"><strong>aktualnych promocji i pakiet\u00f3w<\/strong> \u2014 producent regularnie oferuje korzystniejsze ceny przy zakupie wi\u0119kszych ilo\u015bci<\/li>\n<li class=\"whitespace-normal break-words pl-2\"><strong>mo\u017cliwo\u015bci zwrotu<\/strong> \u2014 w przypadku niezadowolenia z produktu<\/li>\n<\/ul>\n<p class=\"font-claude-response-body break-words whitespace-normal leading-[1.7]\">Nie zwlekaj \u2014 zdrowie tarczycy ma bezpo\u015bredni wp\u0142yw na jako\u015b\u0107 ca\u0142ego Twojego \u017cycia.<\/p>\n<h2 class=\"text-text-100 mt-3 -mb-1 text-[1.125rem] font-bold\">Porady ekspert\u00f3w<\/h2>\n<p class=\"font-claude-response-body break-words whitespace-normal leading-[1.7]\">Specjali\u015bci zajmuj\u0105cy si\u0119 endokrynologi\u0105 i medycyn\u0105 naturaln\u0105 zwracaj\u0105 uwag\u0119, \u017ce suplementacja powinna by\u0107 elementem szerszej strategii zdrowotnej. Samo przyjmowanie kapsu\u0142ek to nie wszystko \u2014 wa\u017cna jest te\u017c zmiana stylu \u017cycia.<\/p>\n<p class=\"font-claude-response-body break-words whitespace-normal leading-[1.7]\"><strong>Eksperci podkre\u015blaj\u0105 kilka kluczowych kwestii:<\/strong><\/p>\n<ul class=\"[li_&amp;]:mb-0 [li_&amp;]:mt-1 [li_&amp;]:gap-1 [&amp;:not(:last-child)_ul]:pb-1 [&amp;:not(:last-child)_ol]:pb-1 list-disc flex flex-col gap-1 pl-8 mb-3\">\n<li class=\"whitespace-normal break-words pl-2\"><strong>dieta bogata w jod i selen<\/strong> \u2014 ryby morskie, orzechy brazylijskie, nabia\u0142 i jajka powinny regularnie go\u015bci\u0107 w menu<\/li>\n<li class=\"whitespace-normal break-words pl-2\"><strong>ograniczenie stresu<\/strong> \u2014 kortyzol jest jednym z najwi\u0119kszych wrog\u00f3w prawid\u0142owej pracy tarczycy<\/li>\n<li class=\"whitespace-normal break-words pl-2\"><strong>regularna aktywno\u015b\u0107 fizyczna<\/strong> \u2014 umiarkowany wysi\u0142ek pobudza metabolizm i wspiera r\u00f3wnowag\u0119 hormonaln\u0105<\/li>\n<li class=\"whitespace-normal break-words pl-2\"><strong>regularne badania TSH, FT3 i FT4<\/strong> \u2014 monitorowanie poziomu hormon\u00f3w tarczycy pozwala oceni\u0107 efekty suplementacji<\/li>\n<li class=\"whitespace-normal break-words pl-2\"><strong>unikanie nadmiaru surowych warzyw krzy\u017cowych<\/strong> (kapusta, broku\u0142y, kalafior) \u2014 w du\u017cych ilo\u015bciach mog\u0105 hamowa\u0107 wch\u0142anianie jodu<\/li>\n<li class=\"whitespace-normal break-words pl-2\"><strong>odpowiednia ilo\u015b\u0107 snu<\/strong> \u2014 tarczyca regeneruje si\u0119 g\u0142\u00f3wnie w nocy, dlatego sen to fundament zdrowia hormonalnego<\/li>\n<\/ul>\n<p class=\"font-claude-response-body break-words whitespace-normal leading-[1.7]\">Thyrolin mo\u017ce by\u0107 warto\u015bciowym uzupe\u0142nieniem takiego podej\u015bcia, szczeg\u00f3lnie dla os\u00f3b, kt\u00f3rych dieta jest uboga w kluczowe mikroelementy.<\/p>\n<h2 class=\"text-text-100 mt-3 -mb-1 text-[1.125rem] font-bold\">Opinie u\u017cytkownik\u00f3w, fora w Polsce<\/h2>\n<p class=\"font-claude-response-body break-words whitespace-normal leading-[1.7]\">Polscy u\u017cytkownicy for\u00f3w zdrowotnych oraz grup tematycznych na platformach spo\u0142eczno\u015bciowych coraz cz\u0119\u015bciej dziel\u0105 si\u0119 pozytywnymi do\u015bwiadczeniami ze stosowania Thyrolin. Wielu z nich podkre\u015bla popraw\u0119 samopoczucia, wi\u0119ksz\u0105 energi\u0119 i widoczne efekty w zakresie regulacji masy cia\u0142a. Poni\u017cej kilka przyk\u0142adowych opinii:<\/p>\n<ul class=\"[li_&amp;]:mb-0 [li_&amp;]:mt-1 [li_&amp;]:gap-1 [&amp;:not(:last-child)_ul]:pb-1 [&amp;:not(:last-child)_ol]:pb-1 list-disc flex flex-col gap-1 pl-8 mb-3\">\n<li class=\"whitespace-normal break-words pl-2\"><strong>Monika, 42 lata:<\/strong> \u201eZmagam si\u0119 z Hashimoto od kilku lat i od kiedy w\u0142\u0105czy\u0142am Thyrolin do swojej codziennej rutyny, czuj\u0119 si\u0119 znacznie lepiej. Mam wi\u0119cej energii, przesta\u0142am tak marzn\u0105\u0107 i wida\u0107 popraw\u0119 w wynikach bada\u0144. Zdecydowanie polecam jako wsparcie przy chorobie autoimmunologicznej tarczycy.&#8221;<\/li>\n<li class=\"whitespace-normal break-words pl-2\"><strong>Krzysztof, 55 lat:<\/strong> \u201eLekarz stwierdzi\u0142 u mnie niedoczynno\u015b\u0107 tarczycy w \u0142agodnym stadium. Zacz\u0105\u0142em od suplementacji Thyrolin, zanim przeszed\u0142em na leki. Po trzech miesi\u0105cach wyniki TSH wr\u00f3ci\u0142y do normy, przyrost wagi si\u0119 zatrzyma\u0142, a ja czuj\u0119 si\u0119 jak nowy cz\u0142owiek. Mam w planie kontynuowa\u0107 kuracj\u0119.&#8221;<\/li>\n<\/ul>\n<p class=\"font-claude-response-body break-words whitespace-normal leading-[1.7]\">Opinie dost\u0119pne na polskich forach internetowych i grupach po\u015bwi\u0119conych zdrowiu tarczycy wskazuj\u0105 na rosn\u0105ce zainteresowanie naturalnymi metodami wsparcia pracy tego gruczo\u0142u. Thyrolin jest coraz cz\u0119\u015bciej wymieniany jako jeden z bardziej skutecznych suplement\u00f3w w tej kategorii.<\/p>\n","protected":false},"excerpt":{"rendered":"<p>Thyrolin to innowacyjny suplement diety w formie kapsu\u0142ek, stworzony z my\u015bl\u0105 o wsparciu prawid\u0142owego funkcjonowania tarczycy. Produkt wyr\u00f3\u017cnia si\u0119 bogatym sk\u0142adem opartym na 13 naturalnych sk\u0142adnikach, kt\u00f3re dzia\u0142aj\u0105 synergicznie, wspieraj\u0105c produkcj\u0119 hormon\u00f3w tarczycy oraz og\u00f3ln\u0105 gospodark\u0119 metaboliczn\u0105 organizmu. Tarczyca odgrywa kluczow\u0105 rol\u0119 w regulacji niemal wszystkich proces\u00f3w \u017cyciowych \u2014 od tempa przemiany materii, przez prac\u0119 [&hellip;]<\/p>\n","protected":false},"featured_media":716,"comment_status":"open","ping_status":"closed","template":"","meta":[],"product_brand":[],"product_cat":[15],"product_tag":[],"class_list":{"0":"post-715","1":"product","2":"type-product","3":"status-publish","4":"has-post-thumbnail","6":"product_cat-suplement","8":"first","9":"instock","10":"shipping-taxable","11":"product-type-external"},"aioseo_notices":[],"_links":{"self":[{"href":"https:\/\/orto-medika.pl\/store\/wp-json\/wp\/v2\/product\/715","targetHints":{"allow":["GET"]}}],"collection":[{"href":"https:\/\/orto-medika.pl\/store\/wp-json\/wp\/v2\/product"}],"about":[{"href":"https:\/\/orto-medika.pl\/store\/wp-json\/wp\/v2\/types\/product"}],"replies":[{"embeddable":true,"href":"https:\/\/orto-medika.pl\/store\/wp-json\/wp\/v2\/comments?post=715"}],"wp:featuredmedia":[{"embeddable":true,"href":"https:\/\/orto-medika.pl\/store\/wp-json\/wp\/v2\/media\/716"}],"wp:attachment":[{"href":"https:\/\/orto-medika.pl\/store\/wp-json\/wp\/v2\/media?parent=715"}],"wp:term":[{"taxonomy":"product_brand","embeddable":true,"href":"https:\/\/orto-medika.pl\/store\/wp-json\/wp\/v2\/product_brand?post=715"},{"taxonomy":"product_cat","embeddable":true,"href":"https:\/\/orto-medika.pl\/store\/wp-json\/wp\/v2\/product_cat?post=715"},{"taxonomy":"product_tag","embeddable":true,"href":"https:\/\/orto-medika.pl\/store\/wp-json\/wp\/v2\/product_tag?post=715"}],"curies":[{"name":"wp","href":"https:\/\/api.w.org\/{rel}","templated":true}]}}