{"id":713,"date":"2026-03-16T09:21:45","date_gmt":"2026-03-16T09:21:45","guid":{"rendered":"https:\/\/orto-medika.pl\/store\/?post_type=product&#038;p=713"},"modified":"2026-03-16T09:21:46","modified_gmt":"2026-03-16T09:21:46","slug":"varicorin","status":"publish","type":"product","link":"https:\/\/orto-medika.pl\/store\/product\/varicorin\/","title":{"rendered":"Varicorin"},"content":{"rendered":"<p class=\"font-claude-response-body break-words whitespace-normal leading-[1.7]\">Varicorin to suplement diety w formie kapsu\u0142ek, stworzony z my\u015bl\u0105 o kobietach zmagaj\u0105cych si\u0119 z problemem \u017cylak\u00f3w, paj\u0105czk\u00f3w naczyniowych oraz uczuciem ci\u0119\u017ckich n\u00f3g. Produkt wyr\u00f3\u017cnia si\u0119 wyj\u0105tkowo bogatym sk\u0142adem opartym na standaryzowanych ekstraktach ro\u015blinnych i substancjach aktywnych o udokumentowanym dzia\u0142aniu. Varicorin jest jedynym preparatem na rynku \u0142\u0105cz\u0105cym tak wiele warto\u015bciowych sk\u0142adnik\u00f3w w jednej kapsu\u0142ce, co przek\u0142ada si\u0119 na jego wielokierunkowe dzia\u0142anie na uk\u0142ad \u017cylny i krwiono\u015bny.<\/p>\n<p class=\"font-claude-response-body break-words whitespace-normal leading-[1.7]\">Suplement wspiera prawid\u0142owe funkcjonowanie naczy\u0144 krwiono\u015bnych, poprawia kr\u0105\u017cenie \u017cylne, zmniejsza obrz\u0119ki i uczucie ci\u0119\u017cko\u015bci w nogach. Dzi\u0119ki starannie dobranej kompozycji sk\u0142adnik\u00f3w Varicorin dzia\u0142a zar\u00f3wno profilaktycznie, jak i wspomagaj\u0105co w przypadku istniej\u0105cych ju\u017c dolegliwo\u015bci. Preparat skierowany jest przede wszystkim do kobiet aktywnych zawodowo, sp\u0119dzaj\u0105cych d\u0142ugie godziny w pozycji stoj\u0105cej lub siedz\u0105cej, a tak\u017ce do tych, kt\u00f3re dostrzegaj\u0105 pierwsze objawy niewydolno\u015bci \u017cylnej.<\/p>\n<h2 class=\"text-text-100 mt-3 -mb-1 text-[1.125rem] font-bold\">Wskazania do stosowania Varicorin<\/h2>\n<p class=\"font-claude-response-body break-words whitespace-normal leading-[1.7]\">Varicorin polecany jest osobom, kt\u00f3re borykaj\u0105 si\u0119 z r\u00f3\u017cnymi problemami dotycz\u0105cymi uk\u0142adu \u017cylnego i kr\u0105\u017cenia obwodowego. Wskazania do stosowania suplementu obejmuj\u0105:<\/p>\n<ul class=\"[li_&amp;]:mb-0 [li_&amp;]:mt-1 [li_&amp;]:gap-1 [&amp;:not(:last-child)_ul]:pb-1 [&amp;:not(:last-child)_ol]:pb-1 list-disc flex flex-col gap-1 pl-8 mb-3\">\n<li class=\"whitespace-normal break-words pl-2\">widoczne \u017cylaki na nogach i paj\u0105czki naczyniowe,<\/li>\n<li class=\"whitespace-normal break-words pl-2\">uczucie ci\u0119\u017ckich, zm\u0119czonych n\u00f3g pod koniec dnia,<\/li>\n<li class=\"whitespace-normal break-words pl-2\">obrz\u0119ki ko\u0144czyn dolnych, szczeg\u00f3lnie wok\u00f3\u0142 kostek,<\/li>\n<li class=\"whitespace-normal break-words pl-2\">zaburzenia kr\u0105\u017cenia \u017cylnego i os\u0142abiona elastyczno\u015b\u0107 naczy\u0144,<\/li>\n<li class=\"whitespace-normal break-words pl-2\">profilaktyk\u0119 \u017cylak\u00f3w u os\u00f3b z predyspozycjami genetycznymi,<\/li>\n<li class=\"whitespace-normal break-words pl-2\">wsparcie uk\u0142adu kr\u0105\u017cenia przy siedz\u0105cym lub stoj\u0105cym trybie pracy,<\/li>\n<li class=\"whitespace-normal break-words pl-2\">utrzymanie prawid\u0142owego ci\u015bnienia t\u0119tniczego krwi,<\/li>\n<li class=\"whitespace-normal break-words pl-2\">przewlek\u0142\u0105 niewydolno\u015b\u0107 \u017cyln\u0105 w stadium pocz\u0105tkowym.<\/li>\n<\/ul>\n<p class=\"font-claude-response-body break-words whitespace-normal leading-[1.7]\">Varicorin mo\u017ce by\u0107 stosowany jako uzupe\u0142nienie codziennej diety, szczeg\u00f3lnie wtedy, gdy styl \u017cycia lub czynniki genetyczne zwi\u0119kszaj\u0105 ryzyko wyst\u0105pienia problem\u00f3w z \u017cy\u0142ami. Kobiety w ci\u0105\u017cy i osoby z chorobami przewlek\u0142ymi powinny wcze\u015bniej skonsultowa\u0107 si\u0119 z lekarzem.<\/p>\n<h2 class=\"text-text-100 mt-3 -mb-1 text-[1.125rem] font-bold\">Dzia\u0142anie Varicorin<\/h2>\n<p class=\"font-claude-response-body break-words whitespace-normal leading-[1.7]\">Varicorin dzia\u0142a wielokierunkowo na uk\u0142ad \u017cylny, naczynia krwiono\u015bne i og\u00f3ln\u0105 kondycj\u0119 uk\u0142adu kr\u0105\u017cenia. Mechanizm dzia\u0142ania suplementu opiera si\u0119 na synergicznym po\u0142\u0105czeniu sk\u0142adnik\u00f3w aktywnych, kt\u00f3re wzajemnie wzmacniaj\u0105 swoje w\u0142a\u015bciwo\u015bci. Do g\u0142\u00f3wnych efekt\u00f3w dzia\u0142ania preparatu nale\u017c\u0105:<\/p>\n<ul class=\"[li_&amp;]:mb-0 [li_&amp;]:mt-1 [li_&amp;]:gap-1 [&amp;:not(:last-child)_ul]:pb-1 [&amp;:not(:last-child)_ol]:pb-1 list-disc flex flex-col gap-1 pl-8 mb-3\">\n<li class=\"whitespace-normal break-words pl-2\"><strong>uszczelnianie \u015bcian naczy\u0144 krwiono\u015bnych<\/strong> \u2014 sk\u0142adniki aktywne wzmacniaj\u0105 struktur\u0119 naczy\u0144 i zmniejszaj\u0105 ich przepuszczalno\u015b\u0107,<\/li>\n<li class=\"whitespace-normal break-words pl-2\"><strong>poprawa kr\u0105\u017cenia \u017cylnego<\/strong> \u2014 ekstrakt z w\u0105kroty azjatyckiej i inne sk\u0142adniki wspomagaj\u0105 powr\u00f3t \u017cylny,<\/li>\n<li class=\"whitespace-normal break-words pl-2\"><strong>redukcja obrz\u0119k\u00f3w<\/strong> \u2014 escyna z kasztanowca dzia\u0142a przeciwobrz\u0119kowo i przeciwzapalnie,<\/li>\n<li class=\"whitespace-normal break-words pl-2\"><strong>zwi\u0119kszenie elastyczno\u015bci \u017cy\u0142<\/strong> \u2014 kolagen wspierany przez witamin\u0119 C utrzymuje prawid\u0142ow\u0105 struktur\u0119 tkanki \u0142\u0105cznej,<\/li>\n<li class=\"whitespace-normal break-words pl-2\"><strong>dzia\u0142anie antyoksydacyjne<\/strong> \u2014 winoro\u015bl w\u0142a\u015bciwa chroni naczynia przed wolnymi rodnikami,<\/li>\n<li class=\"whitespace-normal break-words pl-2\"><strong>utrzymanie prawid\u0142owego ci\u015bnienia krwi<\/strong> \u2014 sk\u0142adniki suplementu reguluj\u0105 napi\u0119cie \u015bcian naczy\u0144,<\/li>\n<li class=\"whitespace-normal break-words pl-2\"><strong>\u0142agodzenie uczucia ci\u0119\u017ckich n\u00f3g<\/strong> \u2014 regularne stosowanie pomaga zmniejszy\u0107 dyskomfort po d\u0142ugim dniu.<\/li>\n<\/ul>\n<p class=\"font-claude-response-body break-words whitespace-normal leading-[1.7]\">Varicorin wp\u0142ywa korzystnie nie tylko na \u017cy\u0142y n\u00f3g, ale r\u00f3wnie\u017c na og\u00f3ln\u0105 sprawno\u015b\u0107 uk\u0142adu sercowo-naczyniowego. Preparat wspiera prac\u0119 serca i pomaga zachowa\u0107 zdrowie uk\u0142adu kr\u0105\u017cenia przez d\u0142ugi czas.<\/p>\n<h2 class=\"text-text-100 mt-3 -mb-1 text-[1.125rem] font-bold\">Sk\u0142ad Varicorin<\/h2>\n<p class=\"font-claude-response-body break-words whitespace-normal leading-[1.7]\">Varicorin zawiera starannie dobrane, wysokiej jako\u015bci sk\u0142adniki aktywne, z kt\u00f3rych wiele pochodzi ze standaryzowanych ekstrakt\u00f3w ro\u015blinnych:<\/p>\n<ul class=\"[li_&amp;]:mb-0 [li_&amp;]:mt-1 [li_&amp;]:gap-1 [&amp;:not(:last-child)_ul]:pb-1 [&amp;:not(:last-child)_ol]:pb-1 list-disc flex flex-col gap-1 pl-8 mb-3\">\n<li class=\"whitespace-normal break-words pl-2\"><strong>Venocin\u00ae<\/strong> \u2014 wysokiej jako\u015bci standaryzowany ekstrakt z nasion kasztanowca zwyczajnego, zawieraj\u0105cy minimum 20% escyny. Escyna to substancja uznawana za skuteczny lek zmniejszaj\u0105cy obrz\u0119ki, dzia\u0142aj\u0105cy jednocze\u015bnie przeciwzapalnie i przeciwb\u00f3lowo. Badania kliniczne potwierdzaj\u0105 skuteczno\u015b\u0107 kasztanowca w leczeniu obrz\u0119k\u00f3w n\u00f3g, \u017cylak\u00f3w, hemoroid\u00f3w i przewlek\u0142ej niewydolno\u015bci \u017cylnej.<\/li>\n<li class=\"whitespace-normal break-words pl-2\"><strong>Centellin\u00ae<\/strong> \u2014 naturalny ekstrakt z w\u0105kroty azjatyckiej, standaryzowany na 8% zawarto\u015bci triterpen\u00f3w. Badania kliniczne przeprowadzone na pacjentach z \u017cylakami wykaza\u0142y skuteczno\u015b\u0107 tej ro\u015bliny w walce z dolegliwo\u015bciami \u017cylnymi. Sk\u0142adniki aktywne poprawiaj\u0105 kr\u0105\u017cenie \u017cylne, przeciwdzia\u0142aj\u0105 uczuciu ci\u0119\u017ckich n\u00f3g i reguluj\u0105 procesy metaboliczne w tkance \u0142\u0105cznej i \u015bcianach naczy\u0144.<\/li>\n<li class=\"whitespace-normal break-words pl-2\"><strong>Witamina C z ekstraktu gryki zwyczajnej<\/strong> \u2014 wspomaga organizm w produkcji kolagenu niezb\u0119dnego do prawid\u0142owego funkcjonowania \u017cy\u0142, t\u0119tnic i drobnych naczy\u0144 krwiono\u015bnych. Naturalne \u017ar\u00f3d\u0142o witaminy C zapewnia dobr\u0105 biodost\u0119pno\u015b\u0107 sk\u0142adnika.<\/li>\n<li class=\"whitespace-normal break-words pl-2\"><strong>Hesperydyna (150 mg)<\/strong> \u2014 jeden z najlepiej poznanych i najszerzej stosowanych sk\u0142adnik\u00f3w w suplementach na \u017cylaki i paj\u0105czki. Dawka 150 mg hesperydyny gwarantuje skuteczne dzia\u0142anie uszczelniaj\u0105ce naczynia w\u0142osowate i poprawiaj\u0105ce przep\u0142yw krwi.<\/li>\n<li class=\"whitespace-normal break-words pl-2\"><strong>Winoro\u015bl w\u0142a\u015bciwa<\/strong> \u2014 wykazuje bardzo silne dzia\u0142anie antyoksydacyjne, chroni\u0105c uk\u0142ad kr\u0105\u017cenia przed szkodliwym wp\u0142ywem wolnych rodnik\u00f3w. Dodatkowo wspomaga utrzymanie prawid\u0142owego ci\u015bnienia t\u0119tniczego, co jest szczeg\u00f3lnie wa\u017cne u os\u00f3b z \u017cylakami.<\/li>\n<li class=\"whitespace-normal break-words pl-2\"><strong>Oczar wirginijski<\/strong> \u2014 efektywnie wspomaga prawid\u0142owe kr\u0105\u017cenie krwi i pomaga zachowa\u0107 zdrowy stan \u015bcian naczy\u0144 krwiono\u015bnych. Posiada w\u0142a\u015bciwo\u015bci przeciwzapalne oraz \u0142agodzi uczucie ci\u0119\u017ckich n\u00f3g i obrz\u0119ki.<\/li>\n<\/ul>\n<h2 class=\"text-text-100 mt-3 -mb-1 text-[1.125rem] font-bold\">Efekty<\/h2>\n<p class=\"font-claude-response-body break-words whitespace-normal leading-[1.7]\">Regularne stosowanie Varicorin przynosi wyra\u017ane i mierzalne efekty, kt\u00f3re u\u017cytkownicy zauwa\u017caj\u0105 ju\u017c po kilku tygodniach kuracji. Do najcz\u0119\u015bciej opisywanych rezultat\u00f3w nale\u017c\u0105:<\/p>\n<ul class=\"[li_&amp;]:mb-0 [li_&amp;]:mt-1 [li_&amp;]:gap-1 [&amp;:not(:last-child)_ul]:pb-1 [&amp;:not(:last-child)_ol]:pb-1 list-disc flex flex-col gap-1 pl-8 mb-3\">\n<li class=\"whitespace-normal break-words pl-2\">zmniejszenie widoczno\u015bci \u017cylak\u00f3w i paj\u0105czk\u00f3w naczyniowych,<\/li>\n<li class=\"whitespace-normal break-words pl-2\">wyra\u017ana redukcja obrz\u0119k\u00f3w ko\u0144czyn dolnych,<\/li>\n<li class=\"whitespace-normal break-words pl-2\">ust\u0105pienie lub znaczne zmniejszenie uczucia ci\u0119\u017ckich n\u00f3g,<\/li>\n<li class=\"whitespace-normal break-words pl-2\">poprawa elastyczno\u015bci i wytrzyma\u0142o\u015bci \u015bcian naczy\u0144 krwiono\u015bnych,<\/li>\n<li class=\"whitespace-normal break-words pl-2\">lepsza kondycja sk\u00f3ry na nogach \u2014 sk\u00f3ra staje si\u0119 bardziej nawil\u017cona i spr\u0119\u017cysta,<\/li>\n<li class=\"whitespace-normal break-words pl-2\">odczuwalna poprawa kr\u0105\u017cenia, szczeg\u00f3lnie w godzinach wieczornych,<\/li>\n<li class=\"whitespace-normal break-words pl-2\">stabilizacja ci\u015bnienia t\u0119tniczego krwi,<\/li>\n<li class=\"whitespace-normal break-words pl-2\">og\u00f3lna poprawa komfortu \u017cycia i swobody poruszania si\u0119.<\/li>\n<\/ul>\n<p class=\"font-claude-response-body break-words whitespace-normal leading-[1.7]\">Najlepsze efekty osi\u0105gane s\u0105 przy regularnym, systematycznym stosowaniu suplementu przez co najmniej kilka tygodni. Varicorin to inwestycja w d\u0142ugofalowe zdrowie uk\u0142adu \u017cylnego, a nie jednorazowe rozwi\u0105zanie.<\/p>\n<h2 class=\"text-text-100 mt-3 -mb-1 text-[1.125rem] font-bold\">Skutki uboczne<\/h2>\n<p class=\"font-claude-response-body break-words whitespace-normal leading-[1.7]\">Varicorin jest suplementem diety opartym na naturalnych sk\u0142adnikach ro\u015blinnych i witaminach, dzi\u0119ki czemu jest dobrze tolerowany przez wi\u0119kszo\u015b\u0107 u\u017cytkowniczek. Preparat nie zawiera sztucznych barwnik\u00f3w, konserwant\u00f3w ani substancji syntetycznych, kt\u00f3re mog\u0142yby obci\u0105\u017ca\u0107 organizm.<\/p>\n<p class=\"font-claude-response-body break-words whitespace-normal leading-[1.7]\">W rzadkich przypadkach mog\u0105 wyst\u0105pi\u0107 \u0142agodne dolegliwo\u015bci \u017co\u0142\u0105dkowo-jelitowe, szczeg\u00f3lnie u os\u00f3b z wra\u017cliwym uk\u0142adem pokarmowym. Zaleca si\u0119 przyjmowanie kapsu\u0142ek do posi\u0142ku, co zmniejsza ryzyko jakichkolwiek podra\u017cnie\u0144. Przypadki powa\u017cnych skutk\u00f3w ubocznych nie zosta\u0142y odnotowane przy stosowaniu preparatu zgodnie z zaleceniami producenta.<\/p>\n<h2 class=\"text-text-100 mt-3 -mb-1 text-[1.125rem] font-bold\">Ograniczenia stosowania<\/h2>\n<p class=\"font-claude-response-body break-words whitespace-normal leading-[1.7]\">Przed rozpocz\u0119ciem kuracji Varicorin nale\u017cy zapozna\u0107 si\u0119 z przeciwwskazaniami:<\/p>\n<ul class=\"[li_&amp;]:mb-0 [li_&amp;]:mt-1 [li_&amp;]:gap-1 [&amp;:not(:last-child)_ul]:pb-1 [&amp;:not(:last-child)_ol]:pb-1 list-disc flex flex-col gap-1 pl-8 mb-3\">\n<li class=\"whitespace-normal break-words pl-2\">alergia lub nadwra\u017cliwo\u015b\u0107 na kt\u00f3rykolwiek ze sk\u0142adnik\u00f3w preparatu,<\/li>\n<li class=\"whitespace-normal break-words pl-2\">ci\u0105\u017ca i okres karmienia piersi\u0105 \u2014 wymagana wcze\u015bniejsza konsultacja z lekarzem,<\/li>\n<li class=\"whitespace-normal break-words pl-2\">wiek poni\u017cej 18 lat \u2014 suplement przeznaczony jest wy\u0142\u0105cznie dla doros\u0142ych,<\/li>\n<li class=\"whitespace-normal break-words pl-2\">przyjmowanie lek\u00f3w przeciwzakrzepowych lub innych preparat\u00f3w wp\u0142ywaj\u0105cych na uk\u0142ad kr\u0105\u017cenia \u2014 konieczna konsultacja z lekarzem,<\/li>\n<li class=\"whitespace-normal break-words pl-2\">powa\u017cne choroby uk\u0142adu sercowo-naczyniowego wymagaj\u0105ce leczenia farmakologicznego.<\/li>\n<\/ul>\n<p class=\"font-claude-response-body break-words whitespace-normal leading-[1.7]\">Varicorin jest suplementem diety, a nie lekiem, dlatego nie zast\u0119puje leczenia zaleconego przez specjalist\u0119. W przypadku zaawansowanych zmian \u017cylakowych zaleca si\u0119 r\u00f3wnoleg\u0142\u0105 konsultacj\u0119 z flebologiem.<\/p>\n<h2 class=\"text-text-100 mt-3 -mb-1 text-[1.125rem] font-bold\">Spos\u00f3b u\u017cycia<\/h2>\n<p class=\"font-claude-response-body break-words whitespace-normal leading-[1.7]\">Stosowanie Varicorin jest proste i wygodne. Producent zaleca przyjmowanie <strong>2 kapsu\u0142ek dziennie<\/strong>, najlepiej podczas posi\u0142ku, popijaj\u0105c je szklank\u0105 wody. Kapsu\u0142ki nale\u017cy po\u0142yka\u0107 w ca\u0142o\u015bci, bez rozgryzania.<\/p>\n<p class=\"font-claude-response-body break-words whitespace-normal leading-[1.7]\">Optymalny czas trwania kuracji wynosi minimum 4\u20136 tygodni, jednak dla uzyskania najlepszych i trwa\u0142ych efekt\u00f3w zaleca si\u0119 stosowanie preparatu przez 3 miesi\u0105ce. W razie w\u0105tpliwo\u015bci co do dawkowania warto skonsultowa\u0107 si\u0119 z lekarzem lub farmaceut\u0105. Nie nale\u017cy przekracza\u0107 zalecanej dziennej porcji suplementu.<\/p>\n<h2 class=\"text-text-100 mt-3 -mb-1 text-[1.125rem] font-bold\">Kup Varicorin, cena<\/h2>\n<p class=\"font-claude-response-body break-words whitespace-normal leading-[1.7]\">Varicorin nie jest dost\u0119pny w aptekach stacjonarnych ani w og\u00f3lnodost\u0119pnych sklepach internetowych. Producent \u015bwiadomie ograniczy\u0142 dystrybucj\u0119 produktu, aby zagwarantowa\u0107 nabywcom oryginalny suplement w najwy\u017cszej jako\u015bci, bez ryzyka zakupu podr\u00f3bek. Zakup wy\u0142\u0105cznie przez oficjaln\u0105 stron\u0119 producenta daje pewno\u015b\u0107 autentyczno\u015bci produktu, dost\u0119p do aktualnych promocji oraz mo\u017cliwo\u015b\u0107 skorzystania z obs\u0142ugi klienta.<\/p>\n<p class=\"font-claude-response-body break-words whitespace-normal leading-[1.7]\">Zamawiaj\u0105c Varicorin bezpo\u015brednio od producenta, masz pewno\u015b\u0107, \u017ce otrzymujesz preparat przechowywany w odpowiednich warunkach i wysy\u0142any z zachowaniem pe\u0142nych standard\u00f3w jako\u015bci. Producent regularnie przygotowuje atrakcyjne pakiety cenowe dla os\u00f3b planuj\u0105cych d\u0142u\u017csz\u0105 kuracj\u0119.<\/p>\n<h2 class=\"text-text-100 mt-3 -mb-1 text-[1.125rem] font-bold\">Zam\u00f3w Varicorin na stronie producenta<\/h2>\n<p class=\"font-claude-response-body break-words whitespace-normal leading-[1.7]\">Zam\u00f3wienie Varicorin przez oficjaln\u0105 stron\u0119 producenta jest szybkie i bezpieczne. Wystarczy wype\u0142ni\u0107 formularz kontaktowy podaj\u0105c imi\u0119, nazwisko i numer telefonu \u2014 konsultant producenta oddzwoni, aby potwierdzi\u0107 zam\u00f3wienie i om\u00f3wi\u0107 szczeg\u00f3\u0142y dostawy. P\u0142atno\u015b\u0107 mo\u017cliwa jest przy odbiorze, co eliminuje ryzyko finansowe dla kupuj\u0105cego. Dostawa realizowana jest na terenie ca\u0142ej Polski, zazwyczaj w ci\u0105gu kilku dni roboczych.<\/p>\n<p class=\"font-claude-response-body break-words whitespace-normal leading-[1.7]\">Warto \u015bledzi\u0107 stron\u0119 producenta, na kt\u00f3rej regularnie pojawiaj\u0105 si\u0119 oferty specjalne, zestawy promocyjne oraz rabaty dla sta\u0142ych klient\u00f3w. Zakup wi\u0119kszego zestawu to ekonomiczne i praktyczne rozwi\u0105zanie dla os\u00f3b planuj\u0105cych pe\u0142n\u0105 kuracj\u0119.<\/p>\n<h2 class=\"text-text-100 mt-3 -mb-1 text-[1.125rem] font-bold\">Porady ekspert\u00f3w<\/h2>\n<p class=\"font-claude-response-body break-words whitespace-normal leading-[1.7]\">Specjali\u015bci zajmuj\u0105cy si\u0119 zdrowiem uk\u0142adu \u017cylnego \u2014 flebolodzy, angiolodzy oraz dietetycy \u2014 zwracaj\u0105 uwag\u0119, \u017ce leczenie i profilaktyka \u017cylak\u00f3w to proces wymagaj\u0105cy kompleksowego podej\u015bcia. Suplementacja preparatami zawieraj\u0105cymi escyn\u0119, hesperydyn\u0119 i wyci\u0105gi ro\u015blinne jest uznawana za warto\u015bciowe wsparcie dla os\u00f3b z problemami \u017cylnymi, szczeg\u00f3lnie we wczesnych stadiach choroby.<\/p>\n<p class=\"font-claude-response-body break-words whitespace-normal leading-[1.7]\"><strong>Eksperci podkre\u015blaj\u0105 kilka wa\u017cnych zasad, kt\u00f3re warto stosowa\u0107 r\u00f3wnolegle z suplementacj\u0105:<\/strong><\/p>\n<ul class=\"[li_&amp;]:mb-0 [li_&amp;]:mt-1 [li_&amp;]:gap-1 [&amp;:not(:last-child)_ul]:pb-1 [&amp;:not(:last-child)_ol]:pb-1 list-disc flex flex-col gap-1 pl-8 mb-3\">\n<li class=\"whitespace-normal break-words pl-2\"><strong>regularna aktywno\u015b\u0107 fizyczna<\/strong> \u2014 szczeg\u00f3lnie spacery, p\u0142ywanie i jazda na rowerze poprawiaj\u0105 kr\u0105\u017cenie \u017cylne,<\/li>\n<li class=\"whitespace-normal break-words pl-2\"><strong>unikanie d\u0142ugotrwa\u0142ego stania lub siedzenia bez przerw<\/strong> \u2014 zaleca si\u0119 ruch co 45\u201360 minut,<\/li>\n<li class=\"whitespace-normal break-words pl-2\"><strong>noszenie odpowiedniego obuwia<\/strong> \u2014 buty na p\u0142askiej podeszwie lub niskim obcasie zmniejszaj\u0105 obci\u0105\u017cenie \u017cy\u0142 n\u00f3g,<\/li>\n<li class=\"whitespace-normal break-words pl-2\"><strong>dieta bogata w b\u0142onnik, flawonoidy i witamin\u0119 C<\/strong> \u2014 wspieraj\u0105 zdrowie naczy\u0144 krwiono\u015bnych,<\/li>\n<li class=\"whitespace-normal break-words pl-2\"><strong>nawadnianie organizmu<\/strong> \u2014 odpowiednia ilo\u015b\u0107 wody wp\u0142ywa na lepsz\u0105 p\u0142ynno\u015b\u0107 krwi,<\/li>\n<li class=\"whitespace-normal break-words pl-2\"><strong>unoszenie n\u00f3g podczas odpoczynku<\/strong> \u2014 pozycja z nogami uniesionymi powy\u017cej poziomu serca u\u0142atwia odp\u0142yw \u017cylny.<\/li>\n<\/ul>\n<p class=\"font-claude-response-body break-words whitespace-normal leading-[1.7]\">Varicorin jako suplement diety wpisuje si\u0119 w holistyczne podej\u015bcie do zdrowia \u017cy\u0142 i mo\u017ce stanowi\u0107 istotny element codziennej profilaktyki.<\/p>\n<h2 class=\"text-text-100 mt-3 -mb-1 text-[1.125rem] font-bold\">Opinie u\u017cytkownik\u00f3w, fora w Polsce<\/h2>\n<p class=\"font-claude-response-body break-words whitespace-normal leading-[1.7]\">Varicorin cieszy si\u0119 du\u017cym zainteresowaniem w\u015br\u00f3d polskich u\u017cytkowniczek, kt\u00f3re szukaj\u0105 naturalnych metod walki z \u017cylakami i uczuciem ci\u0119\u017ckich n\u00f3g. Na forach internetowych i w grupach tematycznych kobiety ch\u0119tnie dziel\u0105 si\u0119 swoimi do\u015bwiadczeniami z tym suplementem, podkre\u015blaj\u0105c jego skuteczno\u015b\u0107 i dobr\u0105 tolerancj\u0119 przez organizm. Wi\u0119kszo\u015b\u0107 opinii jest pozytywna \u2014 u\u017cytkowniczki zauwa\u017caj\u0105 popraw\u0119 ju\u017c po kilku tygodniach regularnego stosowania.<\/p>\n<ul class=\"[li_&amp;]:mb-0 [li_&amp;]:mt-1 [li_&amp;]:gap-1 [&amp;:not(:last-child)_ul]:pb-1 [&amp;:not(:last-child)_ol]:pb-1 list-disc flex flex-col gap-1 pl-8 mb-3\">\n<li class=\"whitespace-normal break-words pl-2\"><strong>Monika, 44 lata:<\/strong> \u201eZmaga\u0142am si\u0119 z \u017cylakami od kilku lat i pr\u00f3bowa\u0142am r\u00f3\u017cnych preparat\u00f3w, ale Varicorin to pierwszy suplement, kt\u00f3ry naprawd\u0119 mi pom\u00f3g\u0142. Po sze\u015bciu tygodniach obrz\u0119ki wyra\u017anie si\u0119 zmniejszy\u0142y, a nogi wieczorami ju\u017c nie s\u0105 tak ci\u0119\u017ckie jak wcze\u015bniej. Polecam ka\u017cdej kobiecie, kt\u00f3ra ma podobne problemy.&#8221;<\/li>\n<li class=\"whitespace-normal break-words pl-2\"><strong>Agnieszka, 38 lat:<\/strong> \u201ePracuj\u0119 jako nauczycielka i przez lata stania na nogach pojawi\u0142y si\u0119 u mnie paj\u0105czki i \u017cylaki. Zacz\u0119\u0142am stosowa\u0107 Varicorin trzy miesi\u0105ce temu i jestem bardzo zadowolona \u2014 \u017cylaki s\u0105 mniej widoczne, a ja mam wreszcie lekkie nogi po ca\u0142ym dniu w szkole. Zdecydowanie warto spr\u00f3bowa\u0107.&#8221;<\/li>\n<\/ul>\n","protected":false},"excerpt":{"rendered":"<p>Varicorin to suplement diety w formie kapsu\u0142ek, stworzony z my\u015bl\u0105 o kobietach zmagaj\u0105cych si\u0119 z problemem \u017cylak\u00f3w, paj\u0105czk\u00f3w naczyniowych oraz uczuciem ci\u0119\u017ckich n\u00f3g. Produkt wyr\u00f3\u017cnia si\u0119 wyj\u0105tkowo bogatym sk\u0142adem opartym na standaryzowanych ekstraktach ro\u015blinnych i substancjach aktywnych o udokumentowanym dzia\u0142aniu. Varicorin jest jedynym preparatem na rynku \u0142\u0105cz\u0105cym tak wiele warto\u015bciowych sk\u0142adnik\u00f3w w jednej kapsu\u0142ce, co [&hellip;]<\/p>\n","protected":false},"featured_media":714,"comment_status":"open","ping_status":"closed","template":"","meta":[],"product_brand":[],"product_cat":[15],"product_tag":[],"class_list":{"0":"post-713","1":"product","2":"type-product","3":"status-publish","4":"has-post-thumbnail","6":"product_cat-suplement","8":"first","9":"instock","10":"shipping-taxable","11":"product-type-external"},"aioseo_notices":[],"_links":{"self":[{"href":"https:\/\/orto-medika.pl\/store\/wp-json\/wp\/v2\/product\/713","targetHints":{"allow":["GET"]}}],"collection":[{"href":"https:\/\/orto-medika.pl\/store\/wp-json\/wp\/v2\/product"}],"about":[{"href":"https:\/\/orto-medika.pl\/store\/wp-json\/wp\/v2\/types\/product"}],"replies":[{"embeddable":true,"href":"https:\/\/orto-medika.pl\/store\/wp-json\/wp\/v2\/comments?post=713"}],"wp:featuredmedia":[{"embeddable":true,"href":"https:\/\/orto-medika.pl\/store\/wp-json\/wp\/v2\/media\/714"}],"wp:attachment":[{"href":"https:\/\/orto-medika.pl\/store\/wp-json\/wp\/v2\/media?parent=713"}],"wp:term":[{"taxonomy":"product_brand","embeddable":true,"href":"https:\/\/orto-medika.pl\/store\/wp-json\/wp\/v2\/product_brand?post=713"},{"taxonomy":"product_cat","embeddable":true,"href":"https:\/\/orto-medika.pl\/store\/wp-json\/wp\/v2\/product_cat?post=713"},{"taxonomy":"product_tag","embeddable":true,"href":"https:\/\/orto-medika.pl\/store\/wp-json\/wp\/v2\/product_tag?post=713"}],"curies":[{"name":"wp","href":"https:\/\/api.w.org\/{rel}","templated":true}]}}