{"id":704,"date":"2026-03-16T09:06:36","date_gmt":"2026-03-16T09:06:36","guid":{"rendered":"https:\/\/orto-medika.pl\/store\/?post_type=product&#038;p=704"},"modified":"2026-03-16T09:06:36","modified_gmt":"2026-03-16T09:06:36","slug":"brain-actives","status":"publish","type":"product","link":"https:\/\/orto-medika.pl\/store\/product\/brain-actives\/","title":{"rendered":"Brain Actives"},"content":{"rendered":"<p class=\"font-claude-response-body break-words whitespace-normal leading-[1.7]\">Brain Actives to nowoczesny suplement diety w formie kapsu\u0142ek, stworzony z my\u015bl\u0105 o osobach, kt\u00f3re chc\u0105 zadba\u0107 o sprawno\u015b\u0107 umys\u0142ow\u0105 i utrzyma\u0107 wysoki poziom energii na co dzie\u0144. Preparat \u0142\u0105czy w sobie a\u017c 10 starannie dobranych sk\u0142adnik\u00f3w aktywnych, kt\u00f3re razem tworz\u0105 kompleksow\u0105 formu\u0142\u0119 wspieraj\u0105c\u0105 funkcje poznawcze m\u00f3zgu.<\/p>\n<p class=\"font-claude-response-body break-words whitespace-normal leading-[1.7]\">Suplement przeznaczony jest zar\u00f3wno dla pracownik\u00f3w umys\u0142owych, student\u00f3w, jak i sportowc\u00f3w \u2014 wszystkich, kt\u00f3rzy do\u015bwiadczaj\u0105 intensywnego wysi\u0142ku psychicznego lub fizycznego i potrzebuj\u0105 skutecznego wsparcia. Brain Actives to produkt, kt\u00f3ry wyr\u00f3\u017cnia si\u0119 na tle innych suplement\u00f3w na pami\u0119\u0107 i koncentracj\u0119 dzi\u0119ki synergicznemu dzia\u0142aniu sk\u0142adnik\u00f3w, potwierdzonym w badaniach naukowych.<\/p>\n<p class=\"font-claude-response-body break-words whitespace-normal leading-[1.7]\">Formu\u0142a preparatu jest bezpieczna i dobrze tolerowana przez organizm, co czyni go odpowiednim wyborem zar\u00f3wno dla doros\u0142ych w ka\u017cdym wieku, jak i os\u00f3b prowadz\u0105cych aktywny tryb \u017cycia. Regularne stosowanie Brain Actives wspiera procesy uczenia si\u0119, poprawia zdolno\u015b\u0107 zapami\u0119tywania i przyspiesza regeneracj\u0119 po intensywnej pracy umys\u0142owej.<\/p>\n<h2 class=\"text-text-100 mt-3 -mb-1 text-[1.125rem] font-bold\">Wskazania do stosowania Brain Actives<\/h2>\n<p class=\"font-claude-response-body break-words whitespace-normal leading-[1.7]\">Brain Actives jest szczeg\u00f3lnie polecany w sytuacjach zwi\u0119kszonego zapotrzebowania na wsparcie m\u00f3zgu i uk\u0142adu nerwowego. Preparat sprawdza si\u0119 w wielu codziennych okoliczno\u015bciach, kiedy m\u00f3zg potrzebuje dodatkowych zasob\u00f3w energetycznych i od\u017cywczych.<\/p>\n<p class=\"font-claude-response-body break-words whitespace-normal leading-[1.7]\"><strong>Suplement warto stosowa\u0107 w nast\u0119puj\u0105cych przypadkach:<\/strong><\/p>\n<ul class=\"[li_&amp;]:mb-0 [li_&amp;]:mt-1 [li_&amp;]:gap-1 [&amp;:not(:last-child)_ul]:pb-1 [&amp;:not(:last-child)_ol]:pb-1 list-disc flex flex-col gap-1 pl-8 mb-3\">\n<li class=\"whitespace-normal break-words pl-2\"><strong>Intensywna praca umys\u0142owa<\/strong> \u2014 przy d\u0142ugotrwa\u0142ej pracy przy komputerze, analizowaniu danych lub zarz\u0105dzaniu projektami<\/li>\n<li class=\"whitespace-normal break-words pl-2\"><strong>Nauka i egzaminy<\/strong> \u2014 w okresach sesji, szkole\u0144 zawodowych lub kurs\u00f3w wymagaj\u0105cych szybkiego przyswajania wiedzy<\/li>\n<li class=\"whitespace-normal break-words pl-2\"><strong>Treningi i zawody sportowe<\/strong> \u2014 gdy potrzebna jest wysoka koncentracja, szybki refleks i odporno\u015b\u0107 na zm\u0119czenie<\/li>\n<li class=\"whitespace-normal break-words pl-2\"><strong>Stres i przeci\u0105\u017cenie<\/strong> \u2014 w sytuacjach chronicznego stresu, kt\u00f3ry obni\u017ca zdolno\u015b\u0107 koncentracji i pami\u0119\u0107 kr\u00f3tkotrwa\u0142\u0105<\/li>\n<li class=\"whitespace-normal break-words pl-2\"><strong>Uczucie zm\u0119czenia psychicznego<\/strong> \u2014 przy problemach z utrzymaniem uwagi, tzw. mg\u0142\u0105 m\u00f3zgow\u0105 czy brakiem motywacji do dzia\u0142ania<\/li>\n<li class=\"whitespace-normal break-words pl-2\"><strong>Praca zmianowa lub nieregularny tryb \u017cycia<\/strong> \u2014 gdy naturalny rytm dobowy jest zak\u0142\u00f3cony i m\u00f3zg nie regeneruje si\u0119 prawid\u0142owo<\/li>\n<\/ul>\n<p class=\"font-claude-response-body break-words whitespace-normal leading-[1.7]\">Produkt rekomendowany jest dla doros\u0142ych, kt\u00f3rzy chc\u0105 poprawi\u0107 efektywno\u015b\u0107 swojego dzia\u0142ania w pracy i \u017cyciu prywatnym.<\/p>\n<h2 class=\"text-text-100 mt-3 -mb-1 text-[1.125rem] font-bold\">Dzia\u0142anie Brain Actives<\/h2>\n<p class=\"font-claude-response-body break-words whitespace-normal leading-[1.7]\">Brain Actives dzia\u0142a wielotorowo, wp\u0142ywaj\u0105c jednocze\u015bnie na kilka kluczowych aspekt\u00f3w funkcjonowania m\u00f3zgu i uk\u0142adu nerwowego. Jego kompleksowe dzia\u0142anie wynika z po\u0142\u0105czenia sk\u0142adnik\u00f3w adaptogennych, witamin z grupy B oraz substancji nootropowych.<\/p>\n<p class=\"font-claude-response-body break-words whitespace-normal leading-[1.7]\"><strong>Mechanizm dzia\u0142ania preparatu opiera si\u0119 na:<\/strong><\/p>\n<ul class=\"[li_&amp;]:mb-0 [li_&amp;]:mt-1 [li_&amp;]:gap-1 [&amp;:not(:last-child)_ul]:pb-1 [&amp;:not(:last-child)_ol]:pb-1 list-disc flex flex-col gap-1 pl-8 mb-3\">\n<li class=\"whitespace-normal break-words pl-2\"><strong>Poprawie przep\u0142ywu krwi do m\u00f3zgu<\/strong> \u2014 co przek\u0142ada si\u0119 na lepsze dotlenienie i od\u017cywienie kom\u00f3rek nerwowych<\/li>\n<li class=\"whitespace-normal break-words pl-2\"><strong>Regulacji neuroprzeka\u017anik\u00f3w<\/strong> \u2014 w tym dopaminy i acetylocholiny, odpowiedzialnych za motywacj\u0119, uczenie si\u0119 i pami\u0119\u0107<\/li>\n<li class=\"whitespace-normal break-words pl-2\"><strong>Redukcji kortyzolu<\/strong> \u2014 hormonu stresu, kt\u00f3ry przy nadmiarze hamuje funkcje poznawcze<\/li>\n<li class=\"whitespace-normal break-words pl-2\"><strong>Ochronie antyoksydacyjnej neuron\u00f3w<\/strong> \u2014 przed dzia\u0142aniem wolnych rodnik\u00f3w, kt\u00f3re przyspieszaj\u0105 starzenie si\u0119 m\u00f3zgu<\/li>\n<li class=\"whitespace-normal break-words pl-2\"><strong>Zwi\u0119kszeniu poziomu energii kom\u00f3rkowej<\/strong> \u2014 poprzez wsparcie mitochondri\u00f3w w produkcji ATP<\/li>\n<\/ul>\n<p class=\"font-claude-response-body break-words whitespace-normal leading-[1.7]\">Efektem synergicznego dzia\u0142ania sk\u0142adnik\u00f3w jest wyra\u017ana poprawa koncentracji, szybsze my\u015blenie, lepsza pami\u0119\u0107 operacyjna oraz skr\u00f3cenie czasu reakcji \u2014 co ma znaczenie zar\u00f3wno przy pracy intelektualnej, jak i w sporcie.<\/p>\n<h2 class=\"text-text-100 mt-3 -mb-1 text-[1.125rem] font-bold\">Sk\u0142ad Brain Actives<\/h2>\n<p class=\"font-claude-response-body break-words whitespace-normal leading-[1.7]\">Formu\u0142a Brain Actives opiera si\u0119 na 10 starannie dobranych sk\u0142adnikach aktywnych, z kt\u00f3rych ka\u017cdy pe\u0142ni okre\u015blon\u0105 rol\u0119 w procesie wspierania funkcji poznawczych i poziomu energii:<\/p>\n<ul class=\"[li_&amp;]:mb-0 [li_&amp;]:mt-1 [li_&amp;]:gap-1 [&amp;:not(:last-child)_ul]:pb-1 [&amp;:not(:last-child)_ol]:pb-1 list-disc flex flex-col gap-1 pl-8 mb-3\">\n<li class=\"whitespace-normal break-words pl-2\"><strong>Ashwagandha (ekstrakt KSM-66)<\/strong> \u2014 jeden z najlepiej przebadanych adaptogen\u00f3w, kt\u00f3ry redukuje poziom stresu, obni\u017ca kortyzol i poprawia zdolno\u015b\u0107 koncentracji; stosowany regularnie wspiera pami\u0119\u0107 d\u0142ugotrwa\u0142\u0105 i wytrzyma\u0142o\u015b\u0107 psychiczn\u0105<\/li>\n<li class=\"whitespace-normal break-words pl-2\"><strong>Kofeina + L-teanina<\/strong> \u2014 synergiczne po\u0142\u0105czenie zapewniaj\u0105ce czysty zastrzyk energii bez efektu nerwowo\u015bci; L-teanina \u0142agodzi pobudzaj\u0105ce dzia\u0142anie kofeiny i wyd\u0142u\u017ca stan skupienia<\/li>\n<li class=\"whitespace-normal break-words pl-2\"><strong>Panax ginseng<\/strong> \u2014 korze\u0144 \u017ce\u0144-szenia, tradycyjnie stosowany w medycynie wschodniej jako tonik dla m\u00f3zgu; poprawia pami\u0119\u0107 robocz\u0105, zmniejsza uczucie zm\u0119czenia i wzmacnia odporno\u015b\u0107 na stres<\/li>\n<li class=\"whitespace-normal break-words pl-2\"><strong>Witamina B6 (pirydoksyna)<\/strong> \u2014 kluczowa dla prawid\u0142owego metabolizmu neurotransmiter\u00f3w; jej niedob\u00f3r objawia si\u0119 zaburzeniami nastroju i problemami z koncentracj\u0105<\/li>\n<li class=\"whitespace-normal break-words pl-2\"><strong>Witamina B12 (kobalamina)<\/strong> \u2014 niezb\u0119dna do produkcji mieliny, os\u0142ony nerw\u00f3w; wspiera pami\u0119\u0107, zmniejsza zm\u0119czenie psychiczne i uczestniczy w produkcji serotoniny<\/li>\n<li class=\"whitespace-normal break-words pl-2\"><strong>Witamina D3<\/strong> \u2014 odgrywa wa\u017cn\u0105 rol\u0119 w neuroprotekcji i regulacji nastroju; jej niedob\u00f3r jest powi\u0105zany z obni\u017con\u0105 funkcj\u0105 poznawcz\u0105 i depresj\u0105<\/li>\n<li class=\"whitespace-normal break-words pl-2\"><strong>Czarny pieprz (piperyna)<\/strong> \u2014 poprawia biodost\u0119pno\u015b\u0107 pozosta\u0142ych sk\u0142adnik\u00f3w, dzi\u0119ki czemu organizm efektywniej przyswaja aktywne substancje z suplementu<\/li>\n<li class=\"whitespace-normal break-words pl-2\"><strong>Ekstrakt z zielonej herbaty (EGCG)<\/strong> \u2014 silny antyoksydant chroni\u0105cy neurony; wspiera koncentracj\u0119 i pami\u0119\u0107, jednocze\u015bnie dzia\u0142aj\u0105c przeciwzapalnie<\/li>\n<li class=\"whitespace-normal break-words pl-2\"><strong>Ekstrakt z guarany<\/strong> \u2014 naturalne \u017ar\u00f3d\u0142o kofeiny o przed\u0142u\u017conym dzia\u0142aniu, kt\u00f3re dostarcza energii bez nag\u0142ych spadk\u00f3w poziomu pobudzenia<\/li>\n<li class=\"whitespace-normal break-words pl-2\"><strong>Cynk<\/strong> \u2014 mikroelement niezb\u0119dny dla prawid\u0142owego funkcjonowania uk\u0142adu nerwowego; uczestniczy w syntezie neuroprzeka\u017anik\u00f3w i wspiera odporno\u015b\u0107<\/li>\n<\/ul>\n<h2 class=\"text-text-100 mt-3 -mb-1 text-[1.125rem] font-bold\">Efekty<\/h2>\n<p class=\"font-claude-response-body break-words whitespace-normal leading-[1.7]\">Regularne stosowanie Brain Actives przynosi wielowymiarowe efekty, kt\u00f3re u\u017cytkownicy zaczynaj\u0105 odczuwa\u0107 ju\u017c po kilku tygodniach suplementacji:<\/p>\n<ul class=\"[li_&amp;]:mb-0 [li_&amp;]:mt-1 [li_&amp;]:gap-1 [&amp;:not(:last-child)_ul]:pb-1 [&amp;:not(:last-child)_ol]:pb-1 list-disc flex flex-col gap-1 pl-8 mb-3\">\n<li class=\"whitespace-normal break-words pl-2\"><strong>Lepsza pami\u0119\u0107 i koncentracja<\/strong> \u2014 \u0142atwiejsze zapami\u0119tywanie informacji, sprawniejsze przywo\u0142ywanie danych i d\u0142u\u017csze utrzymanie skupienia<\/li>\n<li class=\"whitespace-normal break-words pl-2\"><strong>Wi\u0119cej energii bez efektu rozdra\u017cnienia<\/strong> \u2014 naturalne pobudzenie bez charakterystycznego \u201ezjazdu&#8221; po kawie<\/li>\n<li class=\"whitespace-normal break-words pl-2\"><strong>Szybsze przyswajanie wiedzy<\/strong> \u2014 skr\u00f3cenie czasu potrzebnego do opanowania nowego materia\u0142u<\/li>\n<li class=\"whitespace-normal break-words pl-2\"><strong>Redukcja zm\u0119czenia psychicznego<\/strong> \u2014 mniejsze uczucie wyczerpania po intensywnej pracy umys\u0142owej<\/li>\n<li class=\"whitespace-normal break-words pl-2\"><strong>Poprawa nastroju i motywacji<\/strong> \u2014 dzi\u0119ki regulacji neuroprzeka\u017anik\u00f3w takich jak dopamina i serotonina<\/li>\n<li class=\"whitespace-normal break-words pl-2\"><strong>Skr\u00f3cenie czasu reakcji<\/strong> \u2014 istotne zar\u00f3wno dla sportowc\u00f3w, jak i kierowc\u00f3w czy graczy<\/li>\n<li class=\"whitespace-normal break-words pl-2\"><strong>Lepsza jako\u015b\u0107 snu<\/strong> \u2014 poprzez obni\u017cenie poziomu kortyzolu i stabilizacj\u0119 uk\u0142adu nerwowego<\/li>\n<li class=\"whitespace-normal break-words pl-2\"><strong>Wy\u017csza wydajno\u015b\u0107 w sporcie<\/strong> \u2014 lepsza koordynacja ruchowa i mentalna wytrzyma\u0142o\u015b\u0107 podczas trening\u00f3w<\/li>\n<\/ul>\n<h2 class=\"text-text-100 mt-3 -mb-1 text-[1.125rem] font-bold\">Skutki uboczne<\/h2>\n<p class=\"font-claude-response-body break-words whitespace-normal leading-[1.7]\">Brain Actives to suplement diety oparty na naturalnych sk\u0142adnikach, kt\u00f3ry przy prawid\u0142owym stosowaniu jest dobrze tolerowany przez wi\u0119kszo\u015b\u0107 u\u017cytkownik\u00f3w. Producent zapewnia, \u017ce formu\u0142a preparatu jest bezpieczna i nie powoduje uzale\u017cnienia.<\/p>\n<p class=\"font-claude-response-body break-words whitespace-normal leading-[1.7]\">W rzadkich przypadkach, szczeg\u00f3lnie przy przekroczeniu zalecanej dawki lub u os\u00f3b wra\u017cliwych na kofein\u0119, mog\u0105 pojawi\u0107 si\u0119 \u0142agodne dolegliwo\u015bci, takie jak:<\/p>\n<ul class=\"[li_&amp;]:mb-0 [li_&amp;]:mt-1 [li_&amp;]:gap-1 [&amp;:not(:last-child)_ul]:pb-1 [&amp;:not(:last-child)_ol]:pb-1 list-disc flex flex-col gap-1 pl-8 mb-3\">\n<li class=\"whitespace-normal break-words pl-2\">przej\u015bciowe uczucie pobudzenia lub trudno\u015bci z zasypianiem przy stosowaniu wieczorem<\/li>\n<li class=\"whitespace-normal break-words pl-2\">nieznaczne b\u00f3le g\u0142owy na pocz\u0105tku suplementacji<\/li>\n<li class=\"whitespace-normal break-words pl-2\">\u0142agodne dolegliwo\u015bci \u017co\u0142\u0105dkowe przy przyjmowaniu kapsu\u0142ek na czczo<\/li>\n<\/ul>\n<p class=\"font-claude-response-body break-words whitespace-normal leading-[1.7]\">Aby unikn\u0105\u0107 ewentualnych niepo\u017c\u0105danych reakcji, zaleca si\u0119 przyjmowanie preparatu zgodnie z instrukcj\u0105 \u2014 najlepiej w godzinach porannych lub przed po\u0142udniem, popijaj\u0105c du\u017c\u0105 ilo\u015bci\u0105 wody.<\/p>\n<h2 class=\"text-text-100 mt-3 -mb-1 text-[1.125rem] font-bold\">Ograniczenia stosowania<\/h2>\n<p class=\"font-claude-response-body break-words whitespace-normal leading-[1.7]\">Pomimo naturalnego sk\u0142adu, Brain Actives nie jest przeznaczony dla wszystkich grup os\u00f3b. Produkt nie powinien by\u0107 stosowany przez:<\/p>\n<ul class=\"[li_&amp;]:mb-0 [li_&amp;]:mt-1 [li_&amp;]:gap-1 [&amp;:not(:last-child)_ul]:pb-1 [&amp;:not(:last-child)_ol]:pb-1 list-disc flex flex-col gap-1 pl-8 mb-3\">\n<li class=\"whitespace-normal break-words pl-2\"><strong>Kobiety w ci\u0105\u017cy i karmi\u0105ce piersi\u0105<\/strong> \u2014 ze wzgl\u0119du na zawarto\u015b\u0107 kofeiny i ekstraktu z guarany<\/li>\n<li class=\"whitespace-normal break-words pl-2\"><strong>Dzieci i m\u0142odzie\u017c poni\u017cej 18. roku \u017cycia<\/strong> \u2014 suplement przeznaczony wy\u0142\u0105cznie dla doros\u0142ych<\/li>\n<li class=\"whitespace-normal break-words pl-2\"><strong>Osoby z nadwra\u017cliwo\u015bci\u0105 na kofein\u0119<\/strong> \u2014 mog\u0105ce do\u015bwiadczy\u0107 niepo\u017c\u0105danego pobudzenia<\/li>\n<li class=\"whitespace-normal break-words pl-2\"><strong>Osoby z chorobami serca i nadci\u015bnieniem<\/strong> \u2014 ze wzgl\u0119du na sk\u0142adniki stymuluj\u0105ce<\/li>\n<li class=\"whitespace-normal break-words pl-2\"><strong>Osoby przyjmuj\u0105ce leki na recept\u0119<\/strong> \u2014 przed rozpocz\u0119ciem suplementacji nale\u017cy skonsultowa\u0107 si\u0119 z lekarzem, szczeg\u00f3lnie przy lekach przeciwdepresyjnych lub przeciwl\u0119kowych<\/li>\n<li class=\"whitespace-normal break-words pl-2\"><strong>Osoby z chorobami autoimmunologicznymi<\/strong> \u2014 ashwagandha mo\u017ce wp\u0142ywa\u0107 na aktywno\u015b\u0107 uk\u0142adu immunologicznego<\/li>\n<\/ul>\n<p class=\"font-claude-response-body break-words whitespace-normal leading-[1.7]\">W razie w\u0105tpliwo\u015bci co do zasadno\u015bci stosowania suplementu warto skonsultowa\u0107 si\u0119 z lekarzem lub farmaceut\u0105.<\/p>\n<h2 class=\"text-text-100 mt-3 -mb-1 text-[1.125rem] font-bold\">Spos\u00f3b u\u017cycia<\/h2>\n<p class=\"font-claude-response-body break-words whitespace-normal leading-[1.7]\">Producent zaleca przyjmowanie <strong>2 kapsu\u0142ek dziennie<\/strong>, najlepiej rano lub przed po\u0142udniem \u2014 dzi\u0119ki temu sk\u0142adniki aktywne dzia\u0142aj\u0105 w godzinach, kiedy m\u00f3zg pracuje najintensywniej. Kapsu\u0142ki nale\u017cy popi\u0107 szklank\u0105 wody (minimum 200 ml).<\/p>\n<p class=\"font-claude-response-body break-words whitespace-normal leading-[1.7]\">Dla osi\u0105gni\u0119cia optymalnych efekt\u00f3w zaleca si\u0119 regularne stosowanie Brain Actives przez minimum 4\u20138 tygodni. Suplementacja powinna by\u0107 cz\u0119\u015bci\u0105 szerszej dba\u0142o\u015bci o zdrowie m\u00f3zgu \u2014 w po\u0142\u0105czeniu z odpowiedni\u0105 diet\u0105 bogat\u0105 w kwasy omega-3, regularn\u0105 aktywno\u015bci\u0105 fizyczn\u0105 i higien\u0105 snu.<\/p>\n<p class=\"font-claude-response-body break-words whitespace-normal leading-[1.7]\">Nie nale\u017cy przekracza\u0107 zalecanej dawki dobowej. Suplement nie zast\u0119puje zr\u00f3\u017cnicowanej diety ani zdrowego stylu \u017cycia.<\/p>\n<h2 class=\"text-text-100 mt-3 -mb-1 text-[1.125rem] font-bold\">Kup Brain Actives, cena<\/h2>\n<p class=\"font-claude-response-body break-words whitespace-normal leading-[1.7]\">Brain Actives nie jest dost\u0119pny w aptekach stacjonarnych ani na popularnych platformach zakupowych. Producent zdecydowa\u0142 si\u0119 na sprzeda\u017c wy\u0142\u0105cznie przez oficjaln\u0105 stron\u0119 internetow\u0105 \u2014 jest to \u015bwiadomy wyb\u00f3r, kt\u00f3ry pozwala zagwarantowa\u0107 autentyczno\u015b\u0107 produktu i unikn\u0105\u0107 ryzyka zakupu podr\u00f3bek.<\/p>\n<p class=\"font-claude-response-body break-words whitespace-normal leading-[1.7]\">Zamawiaj\u0105c Brain Actives bezpo\u015brednio od producenta, masz pewno\u015b\u0107, \u017ce otrzymujesz oryginalny suplement przechowywany i transportowany w odpowiednich warunkach. Na stronie producenta regularnie pojawiaj\u0105 si\u0119 promocje i pakiety wielosztukowe oferuj\u0105ce korzystniejsze warunki zakupu \u2014 warto \u015bledzi\u0107 aktualne oferty.<\/p>\n<h2 class=\"text-text-100 mt-3 -mb-1 text-[1.125rem] font-bold\">Zam\u00f3w Brain Actives na stronie producenta<\/h2>\n<p class=\"font-claude-response-body break-words whitespace-normal leading-[1.7]\">Z\u0142o\u017cenie zam\u00f3wienia na oficjalnej stronie Brain Actives jest szybkie i wygodne. Wystarczy wybra\u0107 preferowany pakiet, wype\u0142ni\u0107 formularz i wybra\u0107 metod\u0119 p\u0142atno\u015bci. Dostawa realizowana jest sprawnie, a produkt dostarczany jest w dyskretnym opakowaniu.<\/p>\n<p class=\"font-claude-response-body break-words whitespace-normal leading-[1.7]\"><strong>Kupuj\u0105c u producenta, mo\u017cesz liczy\u0107 na:<\/strong><\/p>\n<ul class=\"[li_&amp;]:mb-0 [li_&amp;]:mt-1 [li_&amp;]:gap-1 [&amp;:not(:last-child)_ul]:pb-1 [&amp;:not(:last-child)_ol]:pb-1 list-disc flex flex-col gap-1 pl-8 mb-3\">\n<li class=\"whitespace-normal break-words pl-2\">oryginalny produkt z certyfikatem jako\u015bci<\/li>\n<li class=\"whitespace-normal break-words pl-2\">wsparcie obs\u0142ugi klienta gotowej odpowiedzie\u0107 na pytania dotycz\u0105ce suplementacji<\/li>\n<li class=\"whitespace-normal break-words pl-2\">mo\u017cliwo\u015b\u0107 zwrotu w przypadku niezadowolenia z zakupu<\/li>\n<li class=\"whitespace-normal break-words pl-2\">dost\u0119p do aktualnych promocji i pakiet\u00f3w oszcz\u0119dno\u015bciowych<\/li>\n<\/ul>\n<p class=\"font-claude-response-body break-words whitespace-normal leading-[1.7]\">Unikaj zakup\u00f3w na nieznanych stronach internetowych lub portalach aukcyjnych \u2014 ryzyko nabycia produktu o nieznanym sk\u0142adzie i w\u0105tpliwym pochodzeniu jest tam znacznie wy\u017csze.<\/p>\n<h2 class=\"text-text-100 mt-3 -mb-1 text-[1.125rem] font-bold\">Porady ekspert\u00f3w<\/h2>\n<p class=\"font-claude-response-body break-words whitespace-normal leading-[1.7]\">Specjali\u015bci zajmuj\u0105cy si\u0119 neurokognitywistyk\u0105 i medycyn\u0105 sportow\u0105 coraz cz\u0119\u015bciej zwracaj\u0105 uwag\u0119 na rosn\u0105ce zapotrzebowanie na bezpieczne \u015brodki wspomagaj\u0105ce prac\u0119 m\u00f3zgu. Suplementy nootropowe takie jak Brain Actives wpisuj\u0105 si\u0119 w ten trend, oferuj\u0105c naturalne wsparcie oparte na naukowo przebadanych sk\u0142adnikach.<\/p>\n<p class=\"font-claude-response-body break-words whitespace-normal leading-[1.7]\"><strong>Eksperci podkre\u015blaj\u0105 kilka kluczowych zasad skutecznej suplementacji na rzecz zdrowia m\u00f3zgu:<\/strong><\/p>\n<ul class=\"[li_&amp;]:mb-0 [li_&amp;]:mt-1 [li_&amp;]:gap-1 [&amp;:not(:last-child)_ul]:pb-1 [&amp;:not(:last-child)_ol]:pb-1 list-disc flex flex-col gap-1 pl-8 mb-3\">\n<li class=\"whitespace-normal break-words pl-2\"><strong>Regularno\u015b\u0107 jest kluczowa<\/strong> \u2014 jednorazowe przyjmowanie suplementu nie przyniesie wymiernych efekt\u00f3w; potrzebna jest konsekwentna suplementacja przez co najmniej kilka tygodni<\/li>\n<li class=\"whitespace-normal break-words pl-2\"><strong>Synergiczne dzia\u0142anie sk\u0142adnik\u00f3w<\/strong> \u2014 po\u0142\u0105czenie adaptogen\u00f3w (ashwagandha, \u017ce\u0144-sze\u0144) z witaminami z grupy B i substancjami nootropowymi daje lepsze rezultaty ni\u017c ka\u017cdy sk\u0142adnik stosowany osobno<\/li>\n<li class=\"whitespace-normal break-words pl-2\"><strong>Suplementacja a styl \u017cycia<\/strong> \u2014 nawet najlepszy suplement nie zast\u0105pi odpowiedniego snu, nawodnienia i diety bogatej w antyoksydanty<\/li>\n<li class=\"whitespace-normal break-words pl-2\"><strong>Indywidualna reakcja organizmu<\/strong> \u2014 efekty mog\u0105 si\u0119 r\u00f3\u017cni\u0107 w zale\u017cno\u015bci od stanu wyj\u015bciowego, diety i poziomu stresu danej osoby<\/li>\n<li class=\"whitespace-normal break-words pl-2\"><strong>Ochrona uk\u0142adu nerwowego od wewn\u0105trz<\/strong> \u2014 d\u0142ugofalowe stosowanie preparat\u00f3w nootropowych przy zdrowym stylu \u017cycia mo\u017ce realnie spowolni\u0107 procesy starzenia si\u0119 m\u00f3zgu<\/li>\n<\/ul>\n<p class=\"font-claude-response-body break-words whitespace-normal leading-[1.7]\">Dietetycy i trenerzy mentalni rekomenduj\u0105 Brain Actives jako produkt, kt\u00f3ry \u0142\u0105czy w sobie zar\u00f3wno dzia\u0142anie energetyzuj\u0105ce, jak i neuroprotekcyjne \u2014 co jest rzadko\u015bci\u0105 w\u015br\u00f3d suplement\u00f3w dost\u0119pnych na polskim rynku.<\/p>\n<h2 class=\"text-text-100 mt-3 -mb-1 text-[1.125rem] font-bold\">Opinie u\u017cytkownik\u00f3w, fora w Polsce<\/h2>\n<p class=\"font-claude-response-body break-words whitespace-normal leading-[1.7]\">Polscy u\u017cytkownicy ch\u0119tnie dziel\u0105 si\u0119 swoimi do\u015bwiadczeniami z Brain Actives na forach internetowych i w grupach na mediach spo\u0142eczno\u015bciowych. W\u015br\u00f3d recenzji dominuj\u0105 pozytywne g\u0142osy dotycz\u0105ce poprawy koncentracji, energii i samopoczucia. Wielu u\u017cytkownik\u00f3w przyznaje, \u017ce po kilku tygodniach suplementacji zauwa\u017cy\u0142o wyra\u017an\u0105 r\u00f3\u017cnic\u0119 w wydajno\u015bci podczas nauki i pracy.<\/p>\n<ul class=\"[li_&amp;]:mb-0 [li_&amp;]:mt-1 [li_&amp;]:gap-1 [&amp;:not(:last-child)_ul]:pb-1 [&amp;:not(:last-child)_ol]:pb-1 list-disc flex flex-col gap-1 pl-8 mb-3\">\n<li class=\"whitespace-normal break-words pl-2\"><strong>Marek, 34 lata, Warszawa:<\/strong> \u201eStosuj\u0119 Brain Actives od dw\u00f3ch miesi\u0119cy i widz\u0119 naprawd\u0119 du\u017c\u0105 r\u00f3\u017cnic\u0119 w jako\u015bci mojej pracy. Wcze\u015bniej po kilku godzinach przy komputerze mia\u0142em totalny zast\u00f3j my\u015blenia \u2014 teraz jestem w stanie skupi\u0107 si\u0119 przez ca\u0142y dzie\u0144 roboczy bez uczucia wyczerpania. Polecam ka\u017cdemu, kto pracuje w intensywnym \u015brodowisku korporacyjnym.&#8221;<\/li>\n<li class=\"whitespace-normal break-words pl-2\"><strong>Kasia, 27 lat, Krak\u00f3w:<\/strong> \u201eZacz\u0119\u0142am bra\u0107 Brain Actives przed sesj\u0105 egzaminacyjn\u0105 i jestem bardzo zadowolona. Materia\u0142 przyswaja\u0142 mi si\u0119 zdecydowanie szybciej, a stres przed egzaminami by\u0142 bardziej do opanowania. Nie spodziewa\u0142am si\u0119, \u017ce suplement mo\u017ce mie\u0107 a\u017c taki wp\u0142yw na funkcjonowanie m\u00f3zgu \u2014 zdecydowanie zam\u00f3wi\u0119 kolejne opakowanie.&#8221;<\/li>\n<\/ul>\n","protected":false},"excerpt":{"rendered":"<p>Brain Actives to nowoczesny suplement diety w formie kapsu\u0142ek, stworzony z my\u015bl\u0105 o osobach, kt\u00f3re chc\u0105 zadba\u0107 o sprawno\u015b\u0107 umys\u0142ow\u0105 i utrzyma\u0107 wysoki poziom energii na co dzie\u0144. Preparat \u0142\u0105czy w sobie a\u017c 10 starannie dobranych sk\u0142adnik\u00f3w aktywnych, kt\u00f3re razem tworz\u0105 kompleksow\u0105 formu\u0142\u0119 wspieraj\u0105c\u0105 funkcje poznawcze m\u00f3zgu. Suplement przeznaczony jest zar\u00f3wno dla pracownik\u00f3w umys\u0142owych, student\u00f3w, [&hellip;]<\/p>\n","protected":false},"featured_media":705,"comment_status":"open","ping_status":"closed","template":"","meta":[],"product_brand":[],"product_cat":[15],"product_tag":[],"class_list":{"0":"post-704","1":"product","2":"type-product","3":"status-publish","4":"has-post-thumbnail","6":"product_cat-suplement","8":"first","9":"instock","10":"shipping-taxable","11":"product-type-external"},"aioseo_notices":[],"_links":{"self":[{"href":"https:\/\/orto-medika.pl\/store\/wp-json\/wp\/v2\/product\/704","targetHints":{"allow":["GET"]}}],"collection":[{"href":"https:\/\/orto-medika.pl\/store\/wp-json\/wp\/v2\/product"}],"about":[{"href":"https:\/\/orto-medika.pl\/store\/wp-json\/wp\/v2\/types\/product"}],"replies":[{"embeddable":true,"href":"https:\/\/orto-medika.pl\/store\/wp-json\/wp\/v2\/comments?post=704"}],"wp:featuredmedia":[{"embeddable":true,"href":"https:\/\/orto-medika.pl\/store\/wp-json\/wp\/v2\/media\/705"}],"wp:attachment":[{"href":"https:\/\/orto-medika.pl\/store\/wp-json\/wp\/v2\/media?parent=704"}],"wp:term":[{"taxonomy":"product_brand","embeddable":true,"href":"https:\/\/orto-medika.pl\/store\/wp-json\/wp\/v2\/product_brand?post=704"},{"taxonomy":"product_cat","embeddable":true,"href":"https:\/\/orto-medika.pl\/store\/wp-json\/wp\/v2\/product_cat?post=704"},{"taxonomy":"product_tag","embeddable":true,"href":"https:\/\/orto-medika.pl\/store\/wp-json\/wp\/v2\/product_tag?post=704"}],"curies":[{"name":"wp","href":"https:\/\/api.w.org\/{rel}","templated":true}]}}