{"id":649,"date":"2026-03-11T12:21:04","date_gmt":"2026-03-11T12:21:04","guid":{"rendered":"https:\/\/orto-medika.pl\/store\/?post_type=product&#038;p=649"},"modified":"2026-03-11T12:21:04","modified_gmt":"2026-03-11T12:21:04","slug":"nuvialab-sugar-control","status":"publish","type":"product","link":"https:\/\/orto-medika.pl\/store\/product\/nuvialab-sugar-control\/","title":{"rendered":"NuviaLab Sugar Control"},"content":{"rendered":"<p class=\"font-claude-response-body break-words whitespace-normal leading-[1.7]\">NuviaLab Sugar Control to suplement diety w formie kapsu\u0142ek, stworzony z my\u015bl\u0105 o osobach, kt\u00f3re chc\u0105 zadba\u0107 o prawid\u0142owy poziom cukru we krwi. Produkt wyr\u00f3\u017cnia si\u0119 starannie dobranym sk\u0142adem, \u0142\u0105cz\u0105cym certyfikowane ekstrakty ro\u015blinne z witaminami i minera\u0142ami. To unikalne po\u0142\u0105czenie 9 sk\u0142adnik\u00f3w aktywnych sprawia, \u017ce NuviaLab Sugar Control dzia\u0142a wielokierunkowo \u2014 wspiera metabolizm w\u0119glowodan\u00f3w i t\u0142uszcz\u00f3w, pomaga regulowa\u0107 aktywno\u015b\u0107 hormonaln\u0105 oraz redukuje uczucie zm\u0119czenia.<\/p>\n<p class=\"font-claude-response-body break-words whitespace-normal leading-[1.7]\">Suplement jest przeznaczony do regularnego stosowania jako element zdrowego stylu \u017cycia. Nie zast\u0119puje zbilansowanej diety ani aktywno\u015bci fizycznej, lecz skutecznie je uzupe\u0142nia. NuviaLab Sugar Control nie jest dost\u0119pny w aptekach \u2014 producent zaleca zakup wy\u0142\u0105cznie przez oficjaln\u0105 stron\u0119 internetow\u0105, co gwarantuje oryginalno\u015b\u0107 produktu i najlepsze warunki zakupu.<\/p>\n<h2 class=\"text-text-100 mt-3 -mb-1 text-[1.125rem] font-bold\">Wskazania do stosowania NuviaLab Sugar Control<\/h2>\n<p class=\"font-claude-response-body break-words whitespace-normal leading-[1.7]\">NuviaLab Sugar Control jest polecany dla doros\u0142ych, kt\u00f3rzy:<\/p>\n<ul class=\"[li_&amp;]:mb-0 [li_&amp;]:mt-1 [li_&amp;]:gap-1 [&amp;:not(:last-child)_ul]:pb-1 [&amp;:not(:last-child)_ol]:pb-1 list-disc flex flex-col gap-1 pl-8 mb-3\">\n<li class=\"whitespace-normal break-words pl-2\">chc\u0105 utrzyma\u0107 prawid\u0142owy poziom glukozy we krwi<\/li>\n<li class=\"whitespace-normal break-words pl-2\">zmagaj\u0105 si\u0119 z nadmiernym apetytem i trudno\u015bciami w kontrolowaniu kalorii<\/li>\n<li class=\"whitespace-normal break-words pl-2\">prowadz\u0105 siedz\u0105cy tryb \u017cycia lub maj\u0105 nieregularn\u0105 diet\u0119<\/li>\n<li class=\"whitespace-normal break-words pl-2\">odczuwaj\u0105 chroniczne zm\u0119czenie zwi\u0105zane z wahaniami poziomu cukru<\/li>\n<li class=\"whitespace-normal break-words pl-2\">chc\u0105 wspiera\u0107 prawid\u0142owy metabolizm makrosk\u0142adnik\u00f3w<\/li>\n<li class=\"whitespace-normal break-words pl-2\">poszukuj\u0105 naturalnego wsparcia dla r\u00f3wnowagi hormonalnej<\/li>\n<\/ul>\n<p class=\"font-claude-response-body break-words whitespace-normal leading-[1.7]\">Produkt jest szczeg\u00f3lnie przydatny dla os\u00f3b, u kt\u00f3rych poziom cukru we krwi wykazuje tendencj\u0119 do waha\u0144 w ci\u0105gu dnia. Regularne stosowanie suplementu pomaga ustabilizowa\u0107 te warto\u015bci i wp\u0142yn\u0105\u0107 korzystnie na samopoczucie oraz poziom energii.<\/p>\n<h2 class=\"text-text-100 mt-3 -mb-1 text-[1.125rem] font-bold\">Dzia\u0142anie NuviaLab Sugar Control<\/h2>\n<p class=\"font-claude-response-body break-words whitespace-normal leading-[1.7]\">Mechanizm dzia\u0142ania NuviaLab Sugar Control opiera si\u0119 na synergicznym efekcie sk\u0142adnik\u00f3w aktywnych, kt\u00f3re wzajemnie si\u0119 uzupe\u0142niaj\u0105. Suplement dzia\u0142a na kilku poziomach jednocze\u015bnie:<\/p>\n<ul class=\"[li_&amp;]:mb-0 [li_&amp;]:mt-1 [li_&amp;]:gap-1 [&amp;:not(:last-child)_ul]:pb-1 [&amp;:not(:last-child)_ol]:pb-1 list-disc flex flex-col gap-1 pl-8 mb-3\">\n<li class=\"whitespace-normal break-words pl-2\"><strong>Regulacja glikemii<\/strong> \u2014 sk\u0142adniki aktywne wspomagaj\u0105 utrzymanie prawid\u0142owego st\u0119\u017cenia glukozy we krwi po posi\u0142kach<\/li>\n<li class=\"whitespace-normal break-words pl-2\"><strong>Wsparcie metabolizmu<\/strong> \u2014 produkt przyczynia si\u0119 do prawid\u0142owego metabolizmu w\u0119glowodan\u00f3w, t\u0142uszcz\u00f3w i bia\u0142ek<\/li>\n<li class=\"whitespace-normal break-words pl-2\"><strong>Redukcja apetytu<\/strong> \u2014 naturalne sk\u0142adniki pomagaj\u0105 ograniczy\u0107 \u0142aknienie i zmniejszy\u0107 spo\u017cycie kalorii<\/li>\n<li class=\"whitespace-normal break-words pl-2\"><strong>Regulacja hormonalna<\/strong> \u2014 suplement wspiera r\u00f3wnowag\u0119 hormonaln\u0105 organizmu, co ma kluczowe znaczenie dla stabilno\u015bci glukozy<\/li>\n<li class=\"whitespace-normal break-words pl-2\"><strong>Zmniejszenie zm\u0119czenia<\/strong> \u2014 regularne stosowanie przyczynia si\u0119 do redukcji uczucia zm\u0119czenia i wyczerpania<\/li>\n<\/ul>\n<p class=\"font-claude-response-body break-words whitespace-normal leading-[1.7]\">Dzi\u0119ki wielokierunkowemu dzia\u0142aniu NuviaLab Sugar Control mo\u017ce stanowi\u0107 skuteczne narz\u0119dzie wspomagaj\u0105ce codzienn\u0105 kontrol\u0119 poziomu cukru, szczeg\u00f3lnie u os\u00f3b, dla kt\u00f3rych zmiany dietetyczne okaza\u0142y si\u0119 niewystarczaj\u0105ce.<\/p>\n<h2 class=\"text-text-100 mt-3 -mb-1 text-[1.125rem] font-bold\">Sk\u0142ad NuviaLab Sugar Control<\/h2>\n<p class=\"font-claude-response-body break-words whitespace-normal leading-[1.7]\">Formu\u0142a NuviaLab Sugar Control zawiera 9 starannie dobranych sk\u0142adnik\u00f3w o udokumentowanym dzia\u0142aniu:<\/p>\n<ul class=\"[li_&amp;]:mb-0 [li_&amp;]:mt-1 [li_&amp;]:gap-1 [&amp;:not(:last-child)_ul]:pb-1 [&amp;:not(:last-child)_ol]:pb-1 list-disc flex flex-col gap-1 pl-8 mb-3\">\n<li class=\"whitespace-normal break-words pl-2\"><strong>Ekstrakt z bia\u0142ej morwy (Morus alba)<\/strong> \u2014 zawiera 1-dezoksynojirimycyn\u0119 (DNJ), kt\u00f3ra spowalnia wch\u0142anianie cukr\u00f3w prostych w jelitach i wspomaga kontrol\u0119 glikemii poposi\u0142kowej<\/li>\n<li class=\"whitespace-normal break-words pl-2\"><strong>Ekstrakt z cynamonu (Cinnamomum cassia)<\/strong> \u2014 tradycyjnie stosowany w regulacji poziomu cukru; poprawia wra\u017cliwo\u015b\u0107 kom\u00f3rek na insulin\u0119 i wspiera metabolizm glukozy<\/li>\n<li class=\"whitespace-normal break-words pl-2\"><strong>Ekstrakt z gorzkich melon\u00f3w (Momordica charantia)<\/strong> \u2014 zawiera charantyn\u0119 i polipeptyd-p, kt\u00f3re na\u015bladuj\u0105 dzia\u0142anie insuliny i pomagaj\u0105 obni\u017ca\u0107 st\u0119\u017cenie glukozy we krwi<\/li>\n<li class=\"whitespace-normal break-words pl-2\"><strong>Chrom<\/strong> \u2014 minera\u0142 niezb\u0119dny dla prawid\u0142owego metabolizmu makrosk\u0142adnik\u00f3w; wspomaga transport glukozy do kom\u00f3rek i poprawia dzia\u0142anie insuliny<\/li>\n<li class=\"whitespace-normal break-words pl-2\"><strong>Cynk<\/strong> \u2014 uczestniczy w syntezie i wydzielaniu insuliny; wspiera funkcje uk\u0142adu odporno\u015bciowego i ochron\u0119 kom\u00f3rek przed stresem oksydacyjnym<\/li>\n<li class=\"whitespace-normal break-words pl-2\"><strong>Witamina B6 (pirydoksyna)<\/strong> \u2014 wspiera prawid\u0142owy metabolizm glikogenu oraz regulacj\u0119 aktywno\u015bci hormonalnej<\/li>\n<li class=\"whitespace-normal break-words pl-2\"><strong>Witamina B12<\/strong> \u2014 przyczynia si\u0119 do redukcji zm\u0119czenia i wyczerpania; wspiera prawid\u0142owe funkcjonowanie uk\u0142adu nerwowego<\/li>\n<li class=\"whitespace-normal break-words pl-2\"><strong>Kwas foliowy (witamina B9)<\/strong> \u2014 uczestniczy w prawid\u0142owym metabolizmie aminokwas\u00f3w i wspiera syntez\u0119 nowych kom\u00f3rek<\/li>\n<li class=\"whitespace-normal break-words pl-2\"><strong>Biotyna (witamina B7)<\/strong> \u2014 wspomaga prawid\u0142owy metabolizm makrosk\u0142adnik\u00f3w od\u017cywczych, w tym w\u0119glowodan\u00f3w i t\u0142uszcz\u00f3w<\/li>\n<\/ul>\n<p class=\"font-claude-response-body break-words whitespace-normal leading-[1.7]\">Wszystkie sk\u0142adniki zosta\u0142y dobrane tak, aby wzajemnie pot\u0119gowa\u0107 swoje dzia\u0142anie i tworzy\u0107 kompleksowy preparat do kontroli poziomu cukru.<\/p>\n<h2 class=\"text-text-100 mt-3 -mb-1 text-[1.125rem] font-bold\">Efekty<\/h2>\n<p class=\"font-claude-response-body break-words whitespace-normal leading-[1.7]\">Regularne stosowanie NuviaLab Sugar Control zgodnie z zaleceniami producenta mo\u017ce przynie\u015b\u0107 nast\u0119puj\u0105ce efekty:<\/p>\n<ul class=\"[li_&amp;]:mb-0 [li_&amp;]:mt-1 [li_&amp;]:gap-1 [&amp;:not(:last-child)_ul]:pb-1 [&amp;:not(:last-child)_ol]:pb-1 list-disc flex flex-col gap-1 pl-8 mb-3\">\n<li class=\"whitespace-normal break-words pl-2\">stabilizacja poziomu glukozy we krwi w ci\u0105gu dnia<\/li>\n<li class=\"whitespace-normal break-words pl-2\">ograniczenie napad\u00f3w g\u0142odu i ch\u0119ci na s\u0142odycze<\/li>\n<li class=\"whitespace-normal break-words pl-2\">poprawa wra\u017cliwo\u015bci kom\u00f3rek na insulin\u0119<\/li>\n<li class=\"whitespace-normal break-words pl-2\">lepsza kontrola masy cia\u0142a dzi\u0119ki redukcji kaloryczno\u015bci diety<\/li>\n<li class=\"whitespace-normal break-words pl-2\">wy\u017cszy poziom energii i mniejsze zm\u0119czenie<\/li>\n<li class=\"whitespace-normal break-words pl-2\">wsparcie dla prawid\u0142owego funkcjonowania trzustki<\/li>\n<li class=\"whitespace-normal break-words pl-2\">poprawa og\u00f3lnego samopoczucia i koncentracji<\/li>\n<\/ul>\n<p class=\"font-claude-response-body break-words whitespace-normal leading-[1.7]\">Efekty mog\u0105 r\u00f3\u017cni\u0107 si\u0119 w zale\u017cno\u015bci od indywidualnych uwarunkowa\u0144 organizmu, diety i stylu \u017cycia. Najlepsze rezultaty uzyskuje si\u0119 przy regularnym stosowaniu suplementu przez okres co najmniej kilku tygodni w po\u0142\u0105czeniu ze zr\u00f3wnowa\u017con\u0105 diet\u0105 i umiarkowan\u0105 aktywno\u015bci\u0105 fizyczn\u0105.<\/p>\n<h2 class=\"text-text-100 mt-3 -mb-1 text-[1.125rem] font-bold\">Skutki uboczne<\/h2>\n<p class=\"font-claude-response-body break-words whitespace-normal leading-[1.7]\">NuviaLab Sugar Control jest suplementem diety opartym na naturalnych sk\u0142adnikach ro\u015blinnych oraz witaminach i minera\u0142ach. Produkt jest og\u00f3lnie dobrze tolerowany przez organizm. Jednak jak ka\u017cdy suplement, mo\u017ce w rzadkich przypadkach powodowa\u0107 \u0142agodne dolegliwo\u015bci, zw\u0142aszcza na pocz\u0105tku stosowania:<\/p>\n<ul class=\"[li_&amp;]:mb-0 [li_&amp;]:mt-1 [li_&amp;]:gap-1 [&amp;:not(:last-child)_ul]:pb-1 [&amp;:not(:last-child)_ol]:pb-1 list-disc flex flex-col gap-1 pl-8 mb-3\">\n<li class=\"whitespace-normal break-words pl-2\">dyskomfort \u017co\u0142\u0105dkowy lub wzd\u0119cia (zwykle przemijaj\u0105ce)<\/li>\n<li class=\"whitespace-normal break-words pl-2\">reakcje alergiczne na kt\u00f3ry\u015b ze sk\u0142adnik\u00f3w ro\u015blinnych (u os\u00f3b z nadwra\u017cliwo\u015bci\u0105)<\/li>\n<li class=\"whitespace-normal break-words pl-2\">interakcje z lekami hipoglikemizuj\u0105cymi (u os\u00f3b przyjmuj\u0105cych leki obni\u017caj\u0105ce cukier)<\/li>\n<\/ul>\n<p class=\"font-claude-response-body break-words whitespace-normal leading-[1.7]\">W przypadku wyst\u0105pienia niepo\u017c\u0105danych objaw\u00f3w zaleca si\u0119 odstawienie preparatu i konsultacj\u0119 z lekarzem. Osoby przyjmuj\u0105ce leki na recept\u0119, a szczeg\u00f3lnie preparaty reguluj\u0105ce poziom glukozy, powinny przed rozpocz\u0119ciem suplementacji skonsultowa\u0107 si\u0119 ze specjalist\u0105.<\/p>\n<h2 class=\"text-text-100 mt-3 -mb-1 text-[1.125rem] font-bold\">Ograniczenia stosowania<\/h2>\n<p class=\"font-claude-response-body break-words whitespace-normal leading-[1.7]\">NuviaLab Sugar Control nie jest przeznaczony dla wszystkich. Produkt nie powinien by\u0107 stosowany przez:<\/p>\n<ul class=\"[li_&amp;]:mb-0 [li_&amp;]:mt-1 [li_&amp;]:gap-1 [&amp;:not(:last-child)_ul]:pb-1 [&amp;:not(:last-child)_ol]:pb-1 list-disc flex flex-col gap-1 pl-8 mb-3\">\n<li class=\"whitespace-normal break-words pl-2\">kobiety w ci\u0105\u017cy i karmi\u0105ce piersi\u0105<\/li>\n<li class=\"whitespace-normal break-words pl-2\">dzieci i m\u0142odzie\u017c poni\u017cej 18. roku \u017cycia<\/li>\n<li class=\"whitespace-normal break-words pl-2\">osoby z ci\u0119\u017ck\u0105 cukrzyc\u0105 leczone farmakologicznie (bez konsultacji z lekarzem)<\/li>\n<li class=\"whitespace-normal break-words pl-2\">osoby z potwierdzon\u0105 alergi\u0105 na kt\u00f3rykolwiek ze sk\u0142adnik\u00f3w preparatu<\/li>\n<li class=\"whitespace-normal break-words pl-2\">osoby po przeszczepach lub z powa\u017cnymi schorzeniami uk\u0142adu hormonalnego<\/li>\n<\/ul>\n<p class=\"font-claude-response-body break-words whitespace-normal leading-[1.7]\">Suplement nie zast\u0119puje leczenia farmakologicznego ani zalece\u0144 lekarskich. W przypadku zdiagnozowanej cukrzycy lub insulinooporno\u015bci konieczna jest konsultacja z lekarzem przed w\u0142\u0105czeniem suplementu do codziennej rutyny.<\/p>\n<h2 class=\"text-text-100 mt-3 -mb-1 text-[1.125rem] font-bold\">Spos\u00f3b u\u017cycia<\/h2>\n<p class=\"font-claude-response-body break-words whitespace-normal leading-[1.7]\">Stosowanie NuviaLab Sugar Control jest proste i wygodne. Zalecana dawka to <strong>2 kapsu\u0142ki dziennie<\/strong>. Producent rekomenduje przyjmowanie kapsu\u0142ek popijaj\u0105c szklank\u0105 wody, najlepiej przed g\u0142\u00f3wnymi posi\u0142kami \u2014 dzi\u0119ki temu sk\u0142adniki aktywne mog\u0105 skuteczniej wp\u0142yn\u0105\u0107 na wch\u0142anianie cukr\u00f3w z jedzenia.<\/p>\n<p class=\"font-claude-response-body break-words whitespace-normal leading-[1.7]\">Kapsu\u0142ki nale\u017cy po\u0142yka\u0107 w ca\u0142o\u015bci, bez rozgryzania. Dla uzyskania optymalnych efekt\u00f3w zaleca si\u0119 regularne stosowanie suplementu przez minimum 4\u20138 tygodni. Nie nale\u017cy przekracza\u0107 zalecanej porcji dziennej. Suplement nale\u017cy przechowywa\u0107 w suchym, ch\u0142odnym miejscu, z dala od dzieci.<\/p>\n<h2 class=\"text-text-100 mt-3 -mb-1 text-[1.125rem] font-bold\">Kup NuviaLab Sugar Control, cena<\/h2>\n<p class=\"font-claude-response-body break-words whitespace-normal leading-[1.7]\">NuviaLab Sugar Control nie jest dost\u0119pny w aptekach stacjonarnych ani internetowych. Decyzja producenta o sprzeda\u017cy wy\u0142\u0105cznie przez w\u0142asny kana\u0142 dystrybucji ma na celu wyeliminowanie ryzyka zakupu podr\u00f3bek i zapewnienie klientom pe\u0142nej jako\u015bci produktu.<\/p>\n<p class=\"font-claude-response-body break-words whitespace-normal leading-[1.7]\">Zakup bezpo\u015brednio u producenta wi\u0105\u017ce si\u0119 z szeregiem korzy\u015bci: dost\u0119pem do oryginalnego produktu, mo\u017cliwo\u015bci\u0105 skorzystania z pakiet\u00f3w wielomiesi\u0119cznych w atrakcyjnych cenach, a tak\u017ce z opcj\u0105 zwrotu w przypadku niezadowolenia. Zam\u00f3wienie mo\u017cna z\u0142o\u017cy\u0107 szybko i bezpiecznie przez formularz na oficjalnej stronie.<\/p>\n<h2 class=\"text-text-100 mt-3 -mb-1 text-[1.125rem] font-bold\">Zam\u00f3w NuviaLab Sugar Control na stronie producenta<\/h2>\n<p class=\"font-claude-response-body break-words whitespace-normal leading-[1.7]\">Aby mie\u0107 pewno\u015b\u0107, \u017ce kupujesz oryginalny NuviaLab Sugar Control, zamawiaj wy\u0142\u0105cznie przez oficjaln\u0105 stron\u0119 producenta. To jedyne autoryzowane miejsce sprzeda\u017cy tego suplementu na polskim rynku.<\/p>\n<p class=\"font-claude-response-body break-words whitespace-normal leading-[1.7]\">Proces zam\u00f3wienia jest prosty: wystarczy wybra\u0107 preferowany pakiet, wype\u0142ni\u0107 formularz z danymi do wysy\u0142ki i wybra\u0107 metod\u0119 p\u0142atno\u015bci. Producent oferuje wysy\u0142k\u0119 do Polski w kr\u00f3tkim czasie, a zam\u00f3wienie jest dyskretnie zapakowane. Na stronie producenta dost\u0119pne s\u0105 r\u00f3wnie\u017c aktualne informacje o promocjach i ofertach specjalnych \u2014 warto sprawdzi\u0107 przed zakupem, aby wybra\u0107 najkorzystniejsz\u0105 opcj\u0119.<\/p>\n<h2 class=\"text-text-100 mt-3 -mb-1 text-[1.125rem] font-bold\">Porady ekspert\u00f3w<\/h2>\n<p class=\"font-claude-response-body break-words whitespace-normal leading-[1.7]\">Specjali\u015bci zajmuj\u0105cy si\u0119 \u017cywieniem i endokrynologi\u0105 coraz cz\u0119\u015bciej zwracaj\u0105 uwag\u0119 na rol\u0119 suplementacji w profilaktyce zaburze\u0144 metabolicznych. Naturalne ekstrakty ro\u015blinne, takie jak bia\u0142a morwa czy gorzki melon, maj\u0105 d\u0142ug\u0105 histori\u0119 stosowania w tradycyjnej medycynie i s\u0105 przedmiotem licznych bada\u0144 naukowych potwierdzaj\u0105cych ich w\u0142a\u015bciwo\u015bci hipoglikemizuj\u0105ce.<\/p>\n<p class=\"font-claude-response-body break-words whitespace-normal leading-[1.7]\">Eksperci podkre\u015blaj\u0105, \u017ce suplementacja powinna by\u0107 traktowana jako wsparcie dla zdrowego stylu \u017cycia, a nie jego substytut. Regularna aktywno\u015b\u0107 fizyczna, dieta uboga w cukry proste i przetworzon\u0105 \u017cywno\u015b\u0107, a tak\u017ce odpowiednia ilo\u015b\u0107 snu to fundamenty prawid\u0142owego metabolizmu glukozy. NuviaLab Sugar Control mo\u017ce stanowi\u0107 cenny element tej uk\u0142adanki, szczeg\u00f3lnie dla os\u00f3b, kt\u00f3re ze wzgl\u0119du na intensywny tryb \u017cycia maj\u0105 trudno\u015bci z zachowaniem zdrowych nawyk\u00f3w \u017cywieniowych.<\/p>\n<p class=\"font-claude-response-body break-words whitespace-normal leading-[1.7]\">Dietetycy zwracaj\u0105 uwag\u0119, \u017ce sk\u0142adniki takie jak chrom i cynk s\u0105 cz\u0119sto niedoborowe w diecie wsp\u00f3\u0142czesnego cz\u0142owieka, co mo\u017ce negatywnie wp\u0142ywa\u0107 na wra\u017cliwo\u015b\u0107 insulinow\u0105. Suplementacja tymi minera\u0142ami w odpowiednich dawkach mo\u017ce przyczyni\u0107 si\u0119 do poprawy funkcjonowania mechanizm\u00f3w reguluj\u0105cych poziom glukozy.<\/p>\n<h2 class=\"text-text-100 mt-3 -mb-1 text-[1.125rem] font-bold\">Opinie u\u017cytkownik\u00f3w, fora w Polsce<\/h2>\n<p class=\"font-claude-response-body break-words whitespace-normal leading-[1.7]\">NuviaLab Sugar Control cieszy si\u0119 rosn\u0105c\u0105 popularno\u015bci\u0105 w\u015br\u00f3d polskich u\u017cytkownik\u00f3w, kt\u00f3rzy dziel\u0105 si\u0119 swoimi do\u015bwiadczeniami na forach internetowych i w grupach po\u015bwi\u0119conych zdrowemu trybowi \u017cycia. Wi\u0119kszo\u015b\u0107 opinii jest pozytywna \u2014 u\u017cytkownicy chwal\u0105 przede wszystkim naturalny sk\u0142ad preparatu, wygod\u0119 stosowania oraz zauwa\u017calne efekty po kilku tygodniach regularnej suplementacji. Wielu z nich podkre\u015bla, \u017ce od czasu rozpocz\u0119cia stosowania kapsu\u0142ek odczuwa mniejsz\u0105 ch\u0119\u0107 na s\u0142odycze i lepiej kontroluje sw\u00f3j apetyt w ci\u0105gu dnia.<\/p>\n<ul class=\"[li_&amp;]:mb-0 [li_&amp;]:mt-1 [li_&amp;]:gap-1 [&amp;:not(:last-child)_ul]:pb-1 [&amp;:not(:last-child)_ol]:pb-1 list-disc flex flex-col gap-1 pl-8 mb-3\">\n<li class=\"whitespace-normal break-words pl-2\"><strong>Marek z Krakowa:<\/strong> \u201eStosuj\u0119 NuviaLab Sugar Control od dw\u00f3ch miesi\u0119cy i jestem naprawd\u0119 zaskoczony efektami. Poziom cukru jest stabilniejszy, nie mam ju\u017c tych popo\u0142udniowych napad\u00f3w g\u0142odu na s\u0142odycze, kt\u00f3re wcze\u015bniej skutecznie torpedowa\u0142y moj\u0105 diet\u0119. Polecam ka\u017cdemu, kto zmaga si\u0119 z podobnym problemem.&#8221;<\/li>\n<li class=\"whitespace-normal break-words pl-2\"><strong>Katarzyna z Wroc\u0142awia:<\/strong> \u201eBy\u0142am sceptyczna, bo wcze\u015bniej pr\u00f3bowa\u0142am r\u00f3\u017cnych suplement\u00f3w bez wi\u0119kszych efekt\u00f3w. NuviaLab Sugar Control naprawd\u0119 mnie zaskoczy\u0142o \u2014 po miesi\u0105cu czuj\u0119 si\u0119 znacznie lepiej, mam wi\u0119cej energii i nie mam ochoty na ci\u0105g\u0142e podjadanie. Sk\u0142ad jest naturalny, co dla mnie by\u0142o kluczowe przy wyborze.&#8221;<\/li>\n<\/ul>\n","protected":false},"excerpt":{"rendered":"<p>NuviaLab Sugar Control to suplement diety w formie kapsu\u0142ek, stworzony z my\u015bl\u0105 o osobach, kt\u00f3re chc\u0105 zadba\u0107 o prawid\u0142owy poziom cukru we krwi. Produkt wyr\u00f3\u017cnia si\u0119 starannie dobranym sk\u0142adem, \u0142\u0105cz\u0105cym certyfikowane ekstrakty ro\u015blinne z witaminami i minera\u0142ami. To unikalne po\u0142\u0105czenie 9 sk\u0142adnik\u00f3w aktywnych sprawia, \u017ce NuviaLab Sugar Control dzia\u0142a wielokierunkowo \u2014 wspiera metabolizm w\u0119glowodan\u00f3w i [&hellip;]<\/p>\n","protected":false},"featured_media":650,"comment_status":"open","ping_status":"closed","template":"","meta":[],"product_brand":[],"product_cat":[15],"product_tag":[],"class_list":{"0":"post-649","1":"product","2":"type-product","3":"status-publish","4":"has-post-thumbnail","6":"product_cat-suplement","8":"first","9":"instock","10":"shipping-taxable","11":"product-type-external"},"aioseo_notices":[],"_links":{"self":[{"href":"https:\/\/orto-medika.pl\/store\/wp-json\/wp\/v2\/product\/649","targetHints":{"allow":["GET"]}}],"collection":[{"href":"https:\/\/orto-medika.pl\/store\/wp-json\/wp\/v2\/product"}],"about":[{"href":"https:\/\/orto-medika.pl\/store\/wp-json\/wp\/v2\/types\/product"}],"replies":[{"embeddable":true,"href":"https:\/\/orto-medika.pl\/store\/wp-json\/wp\/v2\/comments?post=649"}],"wp:featuredmedia":[{"embeddable":true,"href":"https:\/\/orto-medika.pl\/store\/wp-json\/wp\/v2\/media\/650"}],"wp:attachment":[{"href":"https:\/\/orto-medika.pl\/store\/wp-json\/wp\/v2\/media?parent=649"}],"wp:term":[{"taxonomy":"product_brand","embeddable":true,"href":"https:\/\/orto-medika.pl\/store\/wp-json\/wp\/v2\/product_brand?post=649"},{"taxonomy":"product_cat","embeddable":true,"href":"https:\/\/orto-medika.pl\/store\/wp-json\/wp\/v2\/product_cat?post=649"},{"taxonomy":"product_tag","embeddable":true,"href":"https:\/\/orto-medika.pl\/store\/wp-json\/wp\/v2\/product_tag?post=649"}],"curies":[{"name":"wp","href":"https:\/\/api.w.org\/{rel}","templated":true}]}}