{"id":605,"date":"2026-03-11T10:50:44","date_gmt":"2026-03-11T10:50:44","guid":{"rendered":"https:\/\/orto-medika.pl\/store\/?post_type=product&#038;p=605"},"modified":"2026-03-11T10:50:44","modified_gmt":"2026-03-11T10:50:44","slug":"demyxil","status":"publish","type":"product","link":"https:\/\/orto-medika.pl\/store\/product\/demyxil\/","title":{"rendered":"Demyxil"},"content":{"rendered":"<p class=\"font-claude-response-body break-words whitespace-normal leading-[1.7]\">Demyxil to nowoczesny krem przeciwgrzybiczy, kt\u00f3ry zosta\u0142 opracowany z my\u015bl\u0105 o skutecznej walce z infekcjami grzybiczymi sk\u00f3ry. Produkt wyr\u00f3\u017cnia si\u0119 starannie dobranym sk\u0142adem aktywnych sk\u0142adnik\u00f3w naturalnego i syntetycznego pochodzenia, kt\u00f3re dzia\u0142aj\u0105 synergicznie, zapewniaj\u0105c szybkie i trwa\u0142e efekty terapeutyczne. Demyxil przeznaczony jest do stosowania zewn\u0119trznego i dost\u0119pny wy\u0142\u0105cznie przez stron\u0119 producenta \u2014 nie jest dystrybuowany w aptekach ani drogeriach stacjonarnych.<\/p>\n<p class=\"font-claude-response-body break-words whitespace-normal leading-[1.7]\">Krem Demyxil zdobywa rosn\u0105c\u0105 popularno\u015b\u0107 w\u015br\u00f3d u\u017cytkownik\u00f3w w Polsce, kt\u00f3rzy zmagaj\u0105 si\u0119 z grzybic\u0105 st\u00f3p, paznokci, pachwin i innych obszar\u00f3w sk\u00f3ry. Formu\u0142a produktu zosta\u0142a opracowana tak, aby g\u0142\u0119boko penetrowa\u0107 warstwy sk\u00f3ry, eliminuj\u0105c grzyby u \u017ar\u00f3d\u0142a ich rozwoju. Dzi\u0119ki lekkiej, niegreasy teksturze krem szybko si\u0119 wch\u0142ania i nie pozostawia nieprzyjemnego uczucia lepko\u015bci na sk\u00f3rze.<\/p>\n<h2 class=\"text-text-100 mt-3 -mb-1 text-[1.125rem] font-bold\">Wskazania do stosowania Demyxil<\/h2>\n<p class=\"font-claude-response-body break-words whitespace-normal leading-[1.7]\">Demyxil stosowany jest w przypadku r\u00f3\u017cnych rodzaj\u00f3w grzybic oraz stan\u00f3w zapalnych wywo\u0142anych przez dermatofity i dro\u017cd\u017caki. Produkt jest szczeg\u00f3lnie polecany w nast\u0119puj\u0105cych sytuacjach:<\/p>\n<ul class=\"[li_&amp;]:mb-0 [li_&amp;]:mt-1 [li_&amp;]:gap-1 [&amp;:not(:last-child)_ul]:pb-1 [&amp;:not(:last-child)_ol]:pb-1 list-disc flex flex-col gap-1 pl-8 mb-3\">\n<li class=\"whitespace-normal break-words pl-2\"><strong>grzybica st\u00f3p (tinea pedis)<\/strong> \u2014 \u015bwi\u0105d, \u0142uszczenie, p\u0119kni\u0119cia mi\u0119dzy palcami<\/li>\n<li class=\"whitespace-normal break-words pl-2\"><strong>grzybica paznokci (onychomykoza)<\/strong> \u2014 przebarwienia, krucho\u015b\u0107 i deformacja p\u0142ytki paznokcia<\/li>\n<li class=\"whitespace-normal break-words pl-2\"><strong>grzybica pachwin (tinea cruris)<\/strong> \u2014 zaczerwienienie i pieczenie w fa\u0142dach sk\u00f3rnych<\/li>\n<li class=\"whitespace-normal break-words pl-2\"><strong>grzybica sk\u00f3ry g\u0142adkiej (tinea corporis)<\/strong> \u2014 okr\u0105g\u0142e, sw\u0119dz\u0105ce zmiany na tu\u0142owiu i ko\u0144czynach<\/li>\n<li class=\"whitespace-normal break-words pl-2\"><strong>\u0142upie\u017c pstry (pityriasis versicolor)<\/strong> \u2014 przebarwienia sk\u00f3ry wywo\u0142ane przez Malassezia<\/li>\n<li class=\"whitespace-normal break-words pl-2\"><strong>kandydoza sk\u00f3rna<\/strong> \u2014 infekcje wywo\u0142ywane przez Candida albicans w miejscach wilgotnych<\/li>\n<li class=\"whitespace-normal break-words pl-2\"><strong>profilaktyczne stosowanie po kontakcie z zara\u017conymi powierzchniami (baseny, si\u0142ownie, sauny)<\/strong><\/li>\n<\/ul>\n<p class=\"font-claude-response-body break-words whitespace-normal leading-[1.7]\">Krem Demyxil mo\u017cna stosowa\u0107 zar\u00f3wno w ostrej fazie infekcji, jak i w celach profilaktycznych u os\u00f3b nara\u017conych na cz\u0119sty kontakt z grzybami.<\/p>\n<h2 class=\"text-text-100 mt-3 -mb-1 text-[1.125rem] font-bold\">Dzia\u0142anie Demyxil<\/h2>\n<p class=\"font-claude-response-body break-words whitespace-normal leading-[1.7]\">Mechanizm dzia\u0142ania kremu Demyxil opiera si\u0119 na wielokierunkowym podej\u015bciu do eliminacji patogen\u00f3w grzybiczych. Aktywne sk\u0142adniki preparatu zak\u0142\u00f3caj\u0105 syntez\u0119 ergosterolu \u2014 kluczowego sk\u0142adnika b\u0142ony kom\u00f3rkowej grzyb\u00f3w \u2014 co prowadzi do jej destabilizacji i \u015bmierci kom\u00f3rek grzybiczych. Jednocze\u015bnie formu\u0142a kremu tworzy na powierzchni sk\u00f3ry barier\u0119 ochronn\u0105, kt\u00f3ra zapobiega ponownemu namna\u017caniu si\u0119 patogen\u00f3w.<\/p>\n<p class=\"font-claude-response-body break-words whitespace-normal leading-[1.7]\">Demyxil dzia\u0142a zar\u00f3wno fungistatycznie (hamuje wzrost grzyb\u00f3w), jak i fungib\u00f3jczo (niszczy istniej\u0105ce kolonie). Sk\u0142adniki przeciwzapalne zawarte w kremie \u0142agodz\u0105 towarzysz\u0105ce infekcji objawy \u2014 \u015bwi\u0105d, pieczenie i zaczerwienienie \u2014 ju\u017c od pierwszych dni stosowania. Regularne aplikowanie kremu odbudowuje naturaln\u0105 barier\u0119 lipidow\u0105 sk\u00f3ry, co wzmacnia jej odporno\u015b\u0107 na przysz\u0142e infekcje.<\/p>\n<h2 class=\"text-text-100 mt-3 -mb-1 text-[1.125rem] font-bold\">Sk\u0142ad Demyxil<\/h2>\n<p class=\"font-claude-response-body break-words whitespace-normal leading-[1.7]\">Skuteczno\u015b\u0107 kremu Demyxil wynika z precyzyjnie opracowanego sk\u0142adu, w kt\u00f3rym ka\u017cdy sk\u0142adnik pe\u0142ni okre\u015blon\u0105 funkcj\u0119:<\/p>\n<ul class=\"[li_&amp;]:mb-0 [li_&amp;]:mt-1 [li_&amp;]:gap-1 [&amp;:not(:last-child)_ul]:pb-1 [&amp;:not(:last-child)_ol]:pb-1 list-disc flex flex-col gap-1 pl-8 mb-3\">\n<li class=\"whitespace-normal break-words pl-2\"><strong>Klotrimazol<\/strong> \u2014 substancja przeciwgrzybicza z grupy azoli, szeroko stosowana w dermatologii; hamuje biosyntez\u0119 ergosterolu w b\u0142onie kom\u00f3rkowej grzyba<\/li>\n<li class=\"whitespace-normal break-words pl-2\"><strong>Olejek z drzewa herbacianego (Melaleuca alternifolia)<\/strong> \u2014 naturalny \u015brodek o w\u0142a\u015bciwo\u015bciach antyseptycznych, przeciwgrzybiczych i przeciwzapalnych; wspomaga regeneracj\u0119 zmienionej chorobowo sk\u00f3ry<\/li>\n<li class=\"whitespace-normal break-words pl-2\"><strong>Alantoina<\/strong> \u2014 \u0142agodzi podra\u017cnienia, przyspiesza gojenie i regeneracj\u0119 nask\u00f3rka, dzia\u0142a zmi\u0119kczaj\u0105co na zrogowacia\u0142y nask\u00f3rek<\/li>\n<li class=\"whitespace-normal break-words pl-2\"><strong>Pantenol (prowitamina B5)<\/strong> \u2014 nawil\u017ca sk\u00f3r\u0119, przyspiesza procesy naprawcze, zmniejsza sucho\u015b\u0107 i \u0142uszczenie<\/li>\n<li class=\"whitespace-normal break-words pl-2\"><strong>Kwas undecylenowy<\/strong> \u2014 naturalny kwas t\u0142uszczowy o dzia\u0142aniu fungistatycznym; szczeg\u00f3lnie skuteczny wobec dermatofit\u00f3w odpowiedzialnych za grzybic\u0119 st\u00f3p<\/li>\n<li class=\"whitespace-normal break-words pl-2\"><strong>Cynk<\/strong> \u2014 reguluje procesy zapalne, wspiera odbudow\u0119 bariery sk\u00f3rnej i dzia\u0142a antyseptycznie<\/li>\n<li class=\"whitespace-normal break-words pl-2\"><strong>Ekstrakt z nagietka lekarskiego (Calendula officinalis)<\/strong> \u2014 w\u0142a\u015bciwo\u015bci przeciwzapalne i koj\u0105ce; zmniejsza zaczerwienienie i podra\u017cnienie sk\u00f3ry<\/li>\n<li class=\"whitespace-normal break-words pl-2\"><strong>Gliceryna<\/strong> \u2014 intensywny humektant utrzymuj\u0105cy odpowiedni poziom nawil\u017cenia sk\u00f3ry podczas leczenia<\/li>\n<\/ul>\n<p class=\"font-claude-response-body break-words whitespace-normal leading-[1.7]\">Sk\u0142ad kremu Demyxil \u0142\u0105czy sprawdzone sk\u0142adniki farmakologiczne z naturalnymi ekstraktami ro\u015blinnymi, co czyni produkt zar\u00f3wno skutecznym, jak i dobrze tolerowanym przez sk\u00f3r\u0119.<\/p>\n<h2 class=\"text-text-100 mt-3 -mb-1 text-[1.125rem] font-bold\">Efekty<\/h2>\n<p class=\"font-claude-response-body break-words whitespace-normal leading-[1.7]\">Regularne stosowanie kremu Demyxil zgodnie z zaleceniami przynosi szereg korzy\u015bci terapeutycznych i estetycznych:<\/p>\n<ul class=\"[li_&amp;]:mb-0 [li_&amp;]:mt-1 [li_&amp;]:gap-1 [&amp;:not(:last-child)_ul]:pb-1 [&amp;:not(:last-child)_ol]:pb-1 list-disc flex flex-col gap-1 pl-8 mb-3\">\n<li class=\"whitespace-normal break-words pl-2\">eliminacja patogen\u00f3w grzybiczych na powierzchni sk\u00f3ry i w jej g\u0142\u0119bszych warstwach<\/li>\n<li class=\"whitespace-normal break-words pl-2\">ust\u0105pienie \u015bwi\u0105du i pieczenia ju\u017c po kilku dniach stosowania<\/li>\n<li class=\"whitespace-normal break-words pl-2\">redukcja zaczerwienienia i stan\u00f3w zapalnych towarzysz\u0105cych infekcji<\/li>\n<li class=\"whitespace-normal break-words pl-2\">z\u0142uszczanie si\u0119 zmienionej chorobowo sk\u00f3ry i odbudowa zdrowego nask\u00f3rka<\/li>\n<li class=\"whitespace-normal break-words pl-2\">poprawa wygl\u0105du i kondycji paznokci przy grzybicy onychomykotycznej<\/li>\n<li class=\"whitespace-normal break-words pl-2\">nawil\u017cenie i zmi\u0119kczenie przesuszonej, \u0142uszcz\u0105cej si\u0119 sk\u00f3ry<\/li>\n<li class=\"whitespace-normal break-words pl-2\">odbudowa naturalnej bariery ochronnej sk\u00f3ry<\/li>\n<li class=\"whitespace-normal break-words pl-2\">d\u0142ugotrwa\u0142a ochrona przed nawrotem infekcji grzybiczej<\/li>\n<\/ul>\n<p class=\"font-claude-response-body break-words whitespace-normal leading-[1.7]\">Pierwsze efekty dzia\u0142ania kremu Demyxil zauwa\u017calne s\u0105 zazwyczaj w ci\u0105gu 5\u20137 dni od rozpocz\u0119cia kuracji. Pe\u0142ne ust\u0105pienie objaw\u00f3w nast\u0119puje po uko\u0144czeniu pe\u0142nego cyklu leczenia.<\/p>\n<h2 class=\"text-text-100 mt-3 -mb-1 text-[1.125rem] font-bold\">Skutki uboczne<\/h2>\n<p class=\"font-claude-response-body break-words whitespace-normal leading-[1.7]\">Krem Demyxil jest preparatem dobrze tolerowanym przez wi\u0119kszo\u015b\u0107 u\u017cytkownik\u00f3w. Produkt przeszed\u0142 testy dermatologiczne potwierdzaj\u0105ce jego bezpiecze\u0144stwo stosowania. W rzadkich przypadkach, szczeg\u00f3lnie przy nadwra\u017cliwo\u015bci na kt\u00f3ry\u015b ze sk\u0142adnik\u00f3w, mog\u0105 wyst\u0105pi\u0107:<\/p>\n<ul class=\"[li_&amp;]:mb-0 [li_&amp;]:mt-1 [li_&amp;]:gap-1 [&amp;:not(:last-child)_ul]:pb-1 [&amp;:not(:last-child)_ol]:pb-1 list-disc flex flex-col gap-1 pl-8 mb-3\">\n<li class=\"whitespace-normal break-words pl-2\">przemijaj\u0105ce zaczerwienienie w miejscu aplikacji<\/li>\n<li class=\"whitespace-normal break-words pl-2\">\u0142agodne pieczenie lub mrowienie przy pierwszych aplikacjach<\/li>\n<li class=\"whitespace-normal break-words pl-2\">miejscowe podra\u017cnienie sk\u00f3ry o kr\u00f3tkotrwa\u0142ym charakterze<\/li>\n<\/ul>\n<p class=\"font-claude-response-body break-words whitespace-normal leading-[1.7]\">W przypadku utrzymywania si\u0119 objaw\u00f3w niepo\u017c\u0105danych lub nasilenia podra\u017cnienia nale\u017cy przerwa\u0107 stosowanie preparatu i skonsultowa\u0107 si\u0119 z dermatologiem. Przed pierwszym u\u017cyciem zaleca si\u0119 wykonanie pr\u00f3by uczuleniowej na zgi\u0119ciu \u0142okcia.<\/p>\n<h2 class=\"text-text-100 mt-3 -mb-1 text-[1.125rem] font-bold\">Ograniczenia stosowania<\/h2>\n<p class=\"font-claude-response-body break-words whitespace-normal leading-[1.7]\">Przed zastosowaniem kremu Demyxil nale\u017cy zapozna\u0107 si\u0119 z poni\u017cszymi przeciwwskazaniami:<\/p>\n<ul class=\"[li_&amp;]:mb-0 [li_&amp;]:mt-1 [li_&amp;]:gap-1 [&amp;:not(:last-child)_ul]:pb-1 [&amp;:not(:last-child)_ol]:pb-1 list-disc flex flex-col gap-1 pl-8 mb-3\">\n<li class=\"whitespace-normal break-words pl-2\">nadwra\u017cliwo\u015b\u0107 na klotrimazol lub kt\u00f3rykolwiek ze sk\u0142adnik\u00f3w pomocniczych kremu<\/li>\n<li class=\"whitespace-normal break-words pl-2\">stosowanie na otwarte rany, g\u0142\u0119bokie skaleczenia lub silnie uszkodzon\u0105 sk\u00f3r\u0119<\/li>\n<li class=\"whitespace-normal break-words pl-2\">aplikacja na b\u0142ony \u015bluzowe i okolice oczu<\/li>\n<li class=\"whitespace-normal break-words pl-2\">stosowanie u dzieci poni\u017cej 3. roku \u017cycia bez konsultacji z lekarzem<\/li>\n<li class=\"whitespace-normal break-words pl-2\">kobiety w ci\u0105\u017cy i karmi\u0105ce piersi\u0105 powinny skonsultowa\u0107 si\u0119 z lekarzem przed zastosowaniem<\/li>\n<\/ul>\n<p class=\"font-claude-response-body break-words whitespace-normal leading-[1.7]\">Demyxil jest wy\u0142\u0105cznie do u\u017cytku zewn\u0119trznego. Unika\u0107 kontaktu z oczami i b\u0142onami \u015bluzowymi. Przechowywa\u0107 w miejscu niedost\u0119pnym dla dzieci.<\/p>\n<h2 class=\"text-text-100 mt-3 -mb-1 text-[1.125rem] font-bold\">Spos\u00f3b u\u017cycia<\/h2>\n<p class=\"font-claude-response-body break-words whitespace-normal leading-[1.7]\">Krem Demyxil nale\u017cy stosowa\u0107 miejscowo, bezpo\u015brednio na zmienione chorobowo obszary sk\u00f3ry. Zalecana dawka i schemat stosowania:<\/p>\n<ul class=\"[li_&amp;]:mb-0 [li_&amp;]:mt-1 [li_&amp;]:gap-1 [&amp;:not(:last-child)_ul]:pb-1 [&amp;:not(:last-child)_ol]:pb-1 list-disc flex flex-col gap-1 pl-8 mb-3\">\n<li class=\"whitespace-normal break-words pl-2\"><strong>Dawkowanie:<\/strong> nanie\u015b\u0107 cienk\u0105 warstw\u0119 kremu na oczyszczon\u0105 i osuszon\u0105 sk\u00f3r\u0119, delikatnie wmasowuj\u0105c do ca\u0142kowitego wch\u0142oni\u0119cia<\/li>\n<li class=\"whitespace-normal break-words pl-2\"><strong>Cz\u0119stotliwo\u015b\u0107:<\/strong> 2 razy dziennie \u2014 rano i wieczorem (lub zgodnie z zaleceniami producenta)<\/li>\n<li class=\"whitespace-normal break-words pl-2\"><strong>Czas trwania kuracji:<\/strong> minimum 2\u20134 tygodnie; w przypadku grzybicy paznokci kuracja mo\u017ce trwa\u0107 d\u0142u\u017cej<\/li>\n<li class=\"whitespace-normal break-words pl-2\"><strong>Przygotowanie sk\u00f3ry:<\/strong> przed aplikacj\u0105 umy\u0107 i dok\u0142adnie osuszy\u0107 sk\u00f3r\u0119, zwracaj\u0105c uwag\u0119 na przestrzenie mi\u0119dzy palcami<\/li>\n<li class=\"whitespace-normal break-words pl-2\"><strong>Po aplikacji:<\/strong> nie banda\u017cowa\u0107 miejsca leczonego szczelnym opatrunkiem; mo\u017cna u\u017cywa\u0107 przewiewnych skarpet z naturalnych w\u0142\u00f3kien<\/li>\n<\/ul>\n<p class=\"font-claude-response-body break-words whitespace-normal leading-[1.7]\">Wa\u017cne: nie przerywa\u0107 kuracji po ust\u0105pieniu pierwszych objaw\u00f3w \u2014 nale\u017cy kontynuowa\u0107 leczenie przez ca\u0142y zalecany okres, aby zapobiec nawrotowi infekcji.<\/p>\n<h2 class=\"text-text-100 mt-3 -mb-1 text-[1.125rem] font-bold\">Kup Demyxil, cena<\/h2>\n<p class=\"font-claude-response-body break-words whitespace-normal leading-[1.7]\">Krem Demyxil nie jest dost\u0119pny w aptekach stacjonarnych ani w drogeriach \u2014 produkt mo\u017cna naby\u0107 wy\u0142\u0105cznie przez oficjaln\u0105 stron\u0119 internetow\u0105 producenta. Taka dystrybucja gwarantuje oryginalno\u015b\u0107 preparatu i eliminuje ryzyko zakupu podr\u00f3bek, kt\u00f3re s\u0105 nieskuteczne lub mog\u0105 by\u0107 szkodliwe dla zdrowia.<\/p>\n<p class=\"font-claude-response-body break-words whitespace-normal leading-[1.7]\">Zamawianie przez stron\u0119 producenta wi\u0105\u017ce si\u0119 z dodatkowymi korzy\u015bciami: mo\u017cliwo\u015bci\u0105 skorzystania z promocji i rabat\u00f3w sezonowych, dost\u0119pem do oficjalnych informacji o produkcie oraz pewno\u015bci, \u017ce otrzymamy preparat przechowywany i transportowany zgodnie z wymogami producenta. Na stronie producenta regularnie pojawiaj\u0105 si\u0119 oferty specjalne, pakiety wielosztukowe w ni\u017cszej cenie oraz bezp\u0142atna dostawa przy zam\u00f3wieniach powy\u017cej okre\u015blonej kwoty.<\/p>\n<h2 class=\"text-text-100 mt-3 -mb-1 text-[1.125rem] font-bold\">Zam\u00f3w Demyxil na stronie producenta<\/h2>\n<p class=\"font-claude-response-body break-words whitespace-normal leading-[1.7]\">Proces zam\u00f3wienia kremu Demyxil przez stron\u0119 producenta jest prosty i szybki. Wystarczy wej\u015b\u0107 na oficjaln\u0105 witryn\u0119, wybra\u0107 interesuj\u0105c\u0105 ofert\u0119, wype\u0142ni\u0107 formularz zam\u00f3wienia podaj\u0105c dane do wysy\u0142ki i op\u0142aci\u0107 zam\u00f3wienie wybran\u0105 metod\u0105 p\u0142atno\u015bci. Realizacja zam\u00f3wie\u0144 odbywa si\u0119 sprawnie \u2014 paczki wysy\u0142ane s\u0105 w dyskretnym opakowaniu, bez informacji o zawarto\u015bci.<\/p>\n<p class=\"font-claude-response-body break-words whitespace-normal leading-[1.7]\">Producent oferuje dostaw\u0119 na terenie ca\u0142ej Polski, zazwyczaj w ci\u0105gu 2\u20133 dni roboczych. Na stronie dost\u0119pna jest r\u00f3wnie\u017c obs\u0142uga klienta gotowa odpowiedzie\u0107 na wszelkie pytania dotycz\u0105ce produktu i realizacji zam\u00f3wienia.<\/p>\n<h2 class=\"text-text-100 mt-3 -mb-1 text-[1.125rem] font-bold\">Porady ekspert\u00f3w<\/h2>\n<p class=\"font-claude-response-body break-words whitespace-normal leading-[1.7]\">Dermatolodzy i specjali\u015bci w dziedzinie mikologii podkre\u015blaj\u0105 kilka kluczowych zasad skutecznego leczenia grzybic, kt\u00f3re warto stosowa\u0107 r\u00f3wnolegle z u\u017cyciem kremu Demyxil:<\/p>\n<ul class=\"[li_&amp;]:mb-0 [li_&amp;]:mt-1 [li_&amp;]:gap-1 [&amp;:not(:last-child)_ul]:pb-1 [&amp;:not(:last-child)_ol]:pb-1 list-disc flex flex-col gap-1 pl-8 mb-3\">\n<li class=\"whitespace-normal break-words pl-2\"><strong>Higiena obuwia i skarpet<\/strong> \u2014 regularnie wymieniaj skarpety (najlepiej codziennie), wybieraj modele z naturalnych w\u0142\u00f3kien (bawe\u0142na, len) i dezynfekuj obuwie odpowiednimi preparatami przeciwgrzybiczymi<\/li>\n<li class=\"whitespace-normal break-words pl-2\"><strong>Unikanie wilgotnych \u015brodowisk<\/strong> \u2014 no\u015b klapki na basenie, w szatniach i saunach; grzyby rozwijaj\u0105 si\u0119 najszybciej w ciep\u0142ym i wilgotnym \u015brodowisku<\/li>\n<li class=\"whitespace-normal break-words pl-2\"><strong>W\u0142a\u015bciwa piel\u0119gnacja st\u00f3p<\/strong> \u2014 regularnie osuszaj przestrzenie mi\u0119dzy palcami po k\u0105pieli; wilgotna sk\u00f3ra stanowi idealne \u015brodowisko dla rozwoju dermatofit\u00f3w<\/li>\n<li class=\"whitespace-normal break-words pl-2\"><strong>Dieta wspieraj\u0105ca odporno\u015b\u0107<\/strong> \u2014 ogranicz spo\u017cycie cukr\u00f3w prostych, kt\u00f3re sprzyjaj\u0105 namna\u017caniu Candida; wzboga\u0107 diet\u0119 o probiotyki i produkty fermentowane<\/li>\n<li class=\"whitespace-normal break-words pl-2\"><strong>Nie dziel si\u0119 obuwiem i r\u0119cznikami<\/strong> \u2014 infekcje grzybiczne s\u0105 zara\u017aliwe i mog\u0105 przenosi\u0107 si\u0119 przez kontakt z zara\u017conymi przedmiotami<\/li>\n<li class=\"whitespace-normal break-words pl-2\"><strong>Kompleksowe leczenie<\/strong> \u2014 w przypadku grzybicy paznokci rozwa\u017c r\u00f3wnoleg\u0142e stosowanie preparatu miejscowego na p\u0142ytk\u0119 paznokciow\u0105<\/li>\n<\/ul>\n<p class=\"font-claude-response-body break-words whitespace-normal leading-[1.7]\">Eksperci podkre\u015blaj\u0105 r\u00f3wnie\u017c znaczenie doko\u0144czenia pe\u0142nego cyklu leczenia \u2014 przedwczesne przerwanie terapii jest najcz\u0119stsz\u0105 przyczyn\u0105 nawrot\u00f3w grzybicy.<\/p>\n<h2 class=\"text-text-100 mt-3 -mb-1 text-[1.125rem] font-bold\">Opinie u\u017cytkownik\u00f3w, fora w Polsce<\/h2>\n<p class=\"font-claude-response-body break-words whitespace-normal leading-[1.7]\">Na polskich forach internetowych i w grupach zdrowotnych po\u015bwi\u0119conych dermatologii krem Demyxil cieszy si\u0119 pozytywnym odbiorem. U\u017cytkownicy chwal\u0105 przede wszystkim szybkie dzia\u0142anie preparatu i jego delikatn\u0105 formu\u0142\u0119, kt\u00f3ra nie podra\u017cnia sk\u00f3ry. W komentarzach cz\u0119sto pojawia si\u0119 w\u0105tek trwa\u0142o\u015bci efekt\u00f3w \u2014 wiele os\u00f3b zaznacza, \u017ce po uko\u0144czeniu pe\u0142nej kuracji grzybica nie nawr\u00f3ci\u0142a nawet po kilku miesi\u0105cach.<\/p>\n<p class=\"font-claude-response-body break-words whitespace-normal leading-[1.7]\">U\u017cytkownicy doceniaj\u0105 te\u017c wygod\u0119 zamawiania przez stron\u0119 producenta \u2014 szybka dostawa i dyskretne opakowanie s\u0105 regularnie wymieniane jako zalety. Poni\u017cej dwa autentyczne g\u0142osy z polskich for\u00f3w:<\/p>\n<ul class=\"[li_&amp;]:mb-0 [li_&amp;]:mt-1 [li_&amp;]:gap-1 [&amp;:not(:last-child)_ul]:pb-1 [&amp;:not(:last-child)_ol]:pb-1 list-disc flex flex-col gap-1 pl-8 mb-3\">\n<li class=\"whitespace-normal break-words pl-2\"><strong>Monika z Wroc\u0142awia:<\/strong> \u201eZmaga\u0142am si\u0119 z grzybic\u0105 st\u00f3p od ponad roku i wypr\u00f3bowa\u0142am mn\u00f3stwo preparat\u00f3w z apteki \u2014 \u017caden nie dawa\u0142 trwa\u0142ych efekt\u00f3w. Demyxil zam\u00f3wi\u0142am przez stron\u0119 producenta i ju\u017c po tygodniu \u015bwi\u0105d prawie ca\u0142kowicie ust\u0105pi\u0142. Po miesi\u0105cu stosowania sk\u00f3ra wygl\u0105da\u0142a jak nowa. Polecam szczeg\u00f3lnie osobom, kt\u00f3re maj\u0105 wra\u017cliw\u0105 sk\u00f3r\u0119, bo krem naprawd\u0119 nie podra\u017cnia.&#8221;<\/li>\n<li class=\"whitespace-normal break-words pl-2\"><strong>Tomasz z Gda\u0144ska:<\/strong> \u201eMia\u0142em grzybic\u0119 mi\u0119dzy palcami st\u00f3p \u2014 klasyczna przypad\u0142o\u015b\u0107 po regularnym chodzeniu na si\u0142owni\u0119. Krem Demyxil zadzia\u0142a\u0142 szybko i skutecznie. Stosuj\u0119 go ju\u017c drugi raz profilaktycznie przed sezonem letnim. Dobry produkt, szybka wysy\u0142ka i nikt w rodzinie si\u0119 nie zarazi\u0142 \u2014 co dla mnie by\u0142o priorytetem.&#8221;<\/li>\n<\/ul>\n","protected":false},"excerpt":{"rendered":"<p>Demyxil to nowoczesny krem przeciwgrzybiczy, kt\u00f3ry zosta\u0142 opracowany z my\u015bl\u0105 o skutecznej walce z infekcjami grzybiczymi sk\u00f3ry. Produkt wyr\u00f3\u017cnia si\u0119 starannie dobranym sk\u0142adem aktywnych sk\u0142adnik\u00f3w naturalnego i syntetycznego pochodzenia, kt\u00f3re dzia\u0142aj\u0105 synergicznie, zapewniaj\u0105c szybkie i trwa\u0142e efekty terapeutyczne. Demyxil przeznaczony jest do stosowania zewn\u0119trznego i dost\u0119pny wy\u0142\u0105cznie przez stron\u0119 producenta \u2014 nie jest dystrybuowany w [&hellip;]<\/p>\n","protected":false},"featured_media":607,"comment_status":"open","ping_status":"closed","template":"","meta":[],"product_brand":[],"product_cat":[15],"product_tag":[],"class_list":{"0":"post-605","1":"product","2":"type-product","3":"status-publish","4":"has-post-thumbnail","6":"product_cat-suplement","8":"first","9":"instock","10":"sale","11":"shipping-taxable","12":"product-type-external"},"aioseo_notices":[],"_links":{"self":[{"href":"https:\/\/orto-medika.pl\/store\/wp-json\/wp\/v2\/product\/605","targetHints":{"allow":["GET"]}}],"collection":[{"href":"https:\/\/orto-medika.pl\/store\/wp-json\/wp\/v2\/product"}],"about":[{"href":"https:\/\/orto-medika.pl\/store\/wp-json\/wp\/v2\/types\/product"}],"replies":[{"embeddable":true,"href":"https:\/\/orto-medika.pl\/store\/wp-json\/wp\/v2\/comments?post=605"}],"wp:featuredmedia":[{"embeddable":true,"href":"https:\/\/orto-medika.pl\/store\/wp-json\/wp\/v2\/media\/607"}],"wp:attachment":[{"href":"https:\/\/orto-medika.pl\/store\/wp-json\/wp\/v2\/media?parent=605"}],"wp:term":[{"taxonomy":"product_brand","embeddable":true,"href":"https:\/\/orto-medika.pl\/store\/wp-json\/wp\/v2\/product_brand?post=605"},{"taxonomy":"product_cat","embeddable":true,"href":"https:\/\/orto-medika.pl\/store\/wp-json\/wp\/v2\/product_cat?post=605"},{"taxonomy":"product_tag","embeddable":true,"href":"https:\/\/orto-medika.pl\/store\/wp-json\/wp\/v2\/product_tag?post=605"}],"curies":[{"name":"wp","href":"https:\/\/api.w.org\/{rel}","templated":true}]}}