{"id":499,"date":"2026-03-10T15:54:22","date_gmt":"2026-03-10T15:54:22","guid":{"rendered":"https:\/\/orto-medika.pl\/store\/?post_type=product&#038;p=499"},"modified":"2026-03-10T15:54:22","modified_gmt":"2026-03-10T15:54:22","slug":"pulsero","status":"publish","type":"product","link":"https:\/\/orto-medika.pl\/store\/product\/pulsero\/","title":{"rendered":"Pulsero"},"content":{"rendered":"<p class=\"font-claude-response-body break-words whitespace-normal leading-[1.7]\">Pulsero to suplement diety w formie kapsu\u0142ek, stworzony z my\u015bl\u0105 o m\u0119\u017cczyznach pragn\u0105cych poprawi\u0107 jako\u015b\u0107 \u017cycia seksualnego i przywr\u00f3ci\u0107 pe\u0142n\u0105 sprawno\u015b\u0107 w sypialni. Preparat \u0142\u0105czy naturalne sk\u0142adniki aktywne, kt\u00f3re dzia\u0142aj\u0105 wielokierunkowo \u2014 od poprawy kr\u0105\u017cenia w obr\u0119bie miednicy, przez wzmocnienie libido, a\u017c po intensyfikacj\u0119 dozna\u0144 erotycznych.<\/p>\n<p class=\"font-claude-response-body break-words whitespace-normal leading-[1.7]\">Produkt kierowany jest do m\u0119\u017cczyzn w ka\u017cdym wieku, kt\u00f3rzy zmagaj\u0105 si\u0119 z os\u0142abion\u0105 erekcj\u0105, przedwczesnym wytryskiem, brakiem energii seksualnej lub obni\u017conym pop\u0119dem. Pulsero nie wymaga recepty i jest dost\u0119pny wy\u0142\u0105cznie przez internet \u2014 nie znajdziesz go w aptekach stacjonarnych ani sieciowych. Najlepiej zamawia\u0107 go bezpo\u015brednio na stronie producenta, gdzie masz pewno\u015b\u0107 oryginalno\u015bci produktu.<\/p>\n<p class=\"font-claude-response-body break-words whitespace-normal leading-[1.7]\">Formu\u0142a Pulsero zosta\u0142a opracowana tak, by wspiera\u0107 m\u0119sk\u0105 seksualno\u015b\u0107 w spos\u00f3b naturalny i bezpieczny. Regularne stosowanie preparatu ma przynie\u015b\u0107 trwa\u0142e efekty, a nie jednorazowe dzia\u0142anie.<\/p>\n<h2 class=\"text-text-100 mt-3 -mb-1 text-[1.125rem] font-bold\">Wskazania do stosowania Pulsero<\/h2>\n<p class=\"font-claude-response-body break-words whitespace-normal leading-[1.7]\">Pulsero przeznaczony jest dla m\u0119\u017cczyzn, kt\u00f3rzy do\u015bwiadczaj\u0105 rozmaitych problem\u00f3w z potencj\u0105 lub po prostu chc\u0105 podnie\u015b\u0107 jako\u015b\u0107 swoich dozna\u0144 seksualnych. Preparat jest szczeg\u00f3lnie polecany w nast\u0119puj\u0105cych sytuacjach:<\/p>\n<ul class=\"[li_&amp;]:mb-0 [li_&amp;]:mt-1 [li_&amp;]:gap-1 [&amp;:not(:last-child)_ul]:pb-1 [&amp;:not(:last-child)_ol]:pb-1 list-disc flex flex-col gap-1 pl-8 mb-3\">\n<li class=\"whitespace-normal break-words pl-2\"><strong>Os\u0142abiona erekcja<\/strong> \u2014 trudno\u015b\u0107 w osi\u0105gni\u0119ciu lub utrzymaniu wzwodu wystarczaj\u0105cego do odbycia stosunku<\/li>\n<li class=\"whitespace-normal break-words pl-2\"><strong>Zmniejszone libido<\/strong> \u2014 brak zainteresowania seksem wywo\u0142any stresem, zm\u0119czeniem lub czynnikami hormonalnymi<\/li>\n<li class=\"whitespace-normal break-words pl-2\"><strong>Przedwczesny wytrysk<\/strong> \u2014 niemo\u017cno\u015b\u0107 kontrolowania czasu trwania stosunku p\u0142ciowego<\/li>\n<li class=\"whitespace-normal break-words pl-2\"><strong>Niska wra\u017cliwo\u015b\u0107 stref erogennych<\/strong> \u2014 os\u0142abione doznania podczas kontaktu intymnego<\/li>\n<li class=\"whitespace-normal break-words pl-2\"><strong>Stany wyczerpania i chronicznego stresu<\/strong> \u2014 gdy zm\u0119czenie zawodowe przek\u0142ada si\u0119 na \u017cycie seksualne<\/li>\n<li class=\"whitespace-normal break-words pl-2\"><strong>Ch\u0119\u0107 intensyfikacji dozna\u0144<\/strong> \u2014 u m\u0119\u017cczyzn zdrowych, kt\u00f3rzy pragn\u0105 wi\u0119kszej satysfakcji z seksu<\/li>\n<\/ul>\n<p class=\"font-claude-response-body break-words whitespace-normal leading-[1.7]\">Pulsero nie jest lekiem i nie zast\u0119puje konsultacji lekarskiej przy powa\u017cnych schorzeniach uk\u0142adu moczowo-p\u0142ciowego. Jednak jako suplement diety mo\u017ce stanowi\u0107 skuteczne wsparcie dla m\u0119\u017cczyzn, kt\u00f3rym zale\u017cy na naturalnej poprawie funkcji seksualnych.<\/p>\n<h2 class=\"text-text-100 mt-3 -mb-1 text-[1.125rem] font-bold\">Dzia\u0142anie Pulsero<\/h2>\n<p class=\"font-claude-response-body break-words whitespace-normal leading-[1.7]\">Mechanizm dzia\u0142ania Pulsero opiera si\u0119 na synergii sk\u0142adnik\u00f3w ro\u015blinnych i bioaktywnych, kt\u00f3re oddzia\u0142uj\u0105 jednocze\u015bnie na kilka uk\u0142ad\u00f3w organizmu odpowiedzialnych za seksualno\u015b\u0107 m\u0119\u017cczyzny.<\/p>\n<p class=\"font-claude-response-body break-words whitespace-normal leading-[1.7]\">Kluczowym efektem jest poprawa kr\u0105\u017cenia krwi w obr\u0119bie miednicy ma\u0142ej. Aktywne substancje zawarte w kapsu\u0142kach rozszerzaj\u0105 naczynia krwiono\u015bne i usprawniaj\u0105 przep\u0142yw krwi do cia\u0142 jamistych pr\u0105cia, co bezpo\u015brednio przek\u0142ada si\u0119 na jako\u015b\u0107 i trwa\u0142o\u015b\u0107 wzwodu. Wed\u0142ug informacji producenta, regularne stosowanie mo\u017ce prowadzi\u0107 do zwi\u0119kszenia rozmiaru penisa nawet o 35% podczas erekcji.<\/p>\n<p class=\"font-claude-response-body break-words whitespace-normal leading-[1.7]\">R\u00f3wnocze\u015bnie Pulsero wp\u0142ywa na o\u015brodki nerwowe w m\u00f3zgu odpowiedzialne za pobudzenie seksualne. Dzi\u0119ki temu orgazm staje si\u0119 silniejszy, d\u0142u\u017cszy i bardziej satysfakcjonuj\u0105cy. Specjalnie dobrane sk\u0142adniki oddzia\u0142uj\u0105 na zako\u0144czenia nerwowe w strefach erogennych, intensyfikuj\u0105c wra\u017cliwo\u015b\u0107 na dotyk partnera.<\/p>\n<p class=\"font-claude-response-body break-words whitespace-normal leading-[1.7]\">Preparat dzia\u0142a r\u00f3wnie\u017c na poziomie hormonalnym \u2014 wspiera prawid\u0142owy poziom testosteronu, kt\u00f3ry jest fundamentem m\u0119skiego libido i wydolno\u015bci seksualnej. Zm\u0119czenie i stres przestaj\u0105 by\u0107 przeszkod\u0105 w aktywno\u015bci seksualnej, poniewa\u017c formu\u0142a Pulsero zawiera adaptogeny przywracaj\u0105ce r\u00f3wnowag\u0119 energetyczn\u0105 organizmu.<\/p>\n<h2 class=\"text-text-100 mt-3 -mb-1 text-[1.125rem] font-bold\">Sk\u0142ad Pulsero<\/h2>\n<p class=\"font-claude-response-body break-words whitespace-normal leading-[1.7]\">Skuteczno\u015b\u0107 Pulsero wynika z precyzyjnie dobranego zestawu sk\u0142adnik\u00f3w naturalnych, z kt\u00f3rych ka\u017cdy pe\u0142ni okre\u015blon\u0105 funkcj\u0119:<\/p>\n<ul class=\"[li_&amp;]:mb-0 [li_&amp;]:mt-1 [li_&amp;]:gap-1 [&amp;:not(:last-child)_ul]:pb-1 [&amp;:not(:last-child)_ol]:pb-1 list-disc flex flex-col gap-1 pl-8 mb-3\">\n<li class=\"whitespace-normal break-words pl-2\"><strong>Ekstrakt z \u017ce\u0144-szenia korea\u0144skiego (Panax ginseng)<\/strong> \u2014 klasyczny adaptogen poprawiaj\u0105cy wydolno\u015b\u0107 seksualn\u0105, redukuj\u0105cy zm\u0119czenie i stres, wspieraj\u0105cy poziom testosteronu i jako\u015b\u0107 erekcji<\/li>\n<li class=\"whitespace-normal break-words pl-2\"><strong>Ekstrakt z kory Muira puama<\/strong> \u2014 zwany \u201edrzewem potencji&#8221;, tradycyjnie stosowany w medycynie amazo\u0144skiej w celu wzmocnienia libido i poprawy funkcji erekcyjnej<\/li>\n<li class=\"whitespace-normal break-words pl-2\"><strong>Ekstrakt z owoc\u00f3w tribulus terrestris<\/strong> \u2014 stymuluje naturaln\u0105 produkcj\u0119 testosteronu, zwi\u0119ksza pop\u0119d seksualny i wytrzyma\u0142o\u015b\u0107 fizyczn\u0105<\/li>\n<li class=\"whitespace-normal break-words pl-2\"><strong>L-arginina<\/strong> \u2014 aminokwas b\u0119d\u0105cy prekursorem tlenku azotu, kt\u00f3ry rozszerza naczynia krwiono\u015bne i usprawnia ukrwienie pr\u0105cia<\/li>\n<li class=\"whitespace-normal break-words pl-2\"><strong>Cynk<\/strong> \u2014 niezb\u0119dny minera\u0142 dla prawid\u0142owej syntezy testosteronu i zdrowia uk\u0142adu rozrodczego m\u0119\u017cczyzny<\/li>\n<li class=\"whitespace-normal break-words pl-2\"><strong>Ekstrakt z maki peruwia\u0144skiej (Lepidium meyenii)<\/strong> \u2014 wzmacnia energi\u0119 seksualn\u0105, poprawia nastr\u00f3j i r\u00f3wnowa\u017cy gospodark\u0119 hormonaln\u0105<\/li>\n<li class=\"whitespace-normal break-words pl-2\"><strong>Ekstrakt z li\u015bci mi\u0142orz\u0119bu japo\u0144skiego (Ginkgo biloba)<\/strong> \u2014 poprawia mikrokr\u0105\u017cenie, wspiera dotlenienie tkanek i pozytywnie wp\u0142ywa na pobudzenie seksualne<\/li>\n<li class=\"whitespace-normal break-words pl-2\"><strong>Ekstrakt z korzenia Ashwagandhy (Withania somnifera)<\/strong> \u2014 adaptogen redukuj\u0105cy kortyzol, poprawiaj\u0105cy jako\u015b\u0107 snu, wytrzyma\u0142o\u015b\u0107 i potencj\u0119<\/li>\n<\/ul>\n<p class=\"font-claude-response-body break-words whitespace-normal leading-[1.7]\">Wszystkie sk\u0142adniki u\u017cyte w formule Pulsero s\u0105 pochodzenia naturalnego, co minimalizuje ryzyko dzia\u0142a\u0144 niepo\u017c\u0105danych przy stosowaniu zgodnym z zaleceniami producenta.<\/p>\n<h2 class=\"text-text-100 mt-3 -mb-1 text-[1.125rem] font-bold\">Efekty<\/h2>\n<p class=\"font-claude-response-body break-words whitespace-normal leading-[1.7]\">Regularne stosowanie Pulsero przek\u0142ada si\u0119 na szereg pozytywnych zmian w \u017cyciu seksualnym i og\u00f3lnym samopoczuciu m\u0119\u017cczyzny:<\/p>\n<ul class=\"[li_&amp;]:mb-0 [li_&amp;]:mt-1 [li_&amp;]:gap-1 [&amp;:not(:last-child)_ul]:pb-1 [&amp;:not(:last-child)_ol]:pb-1 list-disc flex flex-col gap-1 pl-8 mb-3\">\n<li class=\"whitespace-normal break-words pl-2\"><strong>Silniejsza i trwalsza erekcja<\/strong> \u2014 lepsza jako\u015b\u0107 wzwodu dzi\u0119ki poprawionemu ukrwieniu cia\u0142 jamistych<\/li>\n<li class=\"whitespace-normal break-words pl-2\"><strong>Wzrost rozmiaru penisa do 35%<\/strong> podczas erekcji, wynikaj\u0105cy z intensywniejszego wype\u0142nienia krwi\u0105<\/li>\n<li class=\"whitespace-normal break-words pl-2\"><strong>Intensywniejszy orgazm<\/strong> \u2014 d\u0142u\u017cszy czas trwania i wi\u0119ksza si\u0142a szczytowania<\/li>\n<li class=\"whitespace-normal break-words pl-2\"><strong>Zwi\u0119kszona wra\u017cliwo\u015b\u0107<\/strong> stref erogennych na dotyk i stymulacj\u0119 partnera<\/li>\n<li class=\"whitespace-normal break-words pl-2\"><strong>Wy\u017csze libido<\/strong> \u2014 powr\u00f3t naturalnego po\u017c\u0105dania seksualnego, niezale\u017cnie od poziomu stresu<\/li>\n<li class=\"whitespace-normal break-words pl-2\"><strong>Wi\u0119cej energii i witalno\u015bci<\/strong> w codziennym funkcjonowaniu i podczas aktywno\u015bci seksualnej<\/li>\n<li class=\"whitespace-normal break-words pl-2\"><strong>Poprawa pewno\u015bci siebie<\/strong> w kontaktach intymnych<\/li>\n<li class=\"whitespace-normal break-words pl-2\"><strong>Zmniejszenie wp\u0142ywu stresu i zm\u0119czenia<\/strong> na jako\u015b\u0107 \u017cycia seksualnego<\/li>\n<\/ul>\n<p class=\"font-claude-response-body break-words whitespace-normal leading-[1.7]\">Pierwsze efekty dzia\u0142ania Pulsero s\u0105 odczuwalne ju\u017c po kilku dniach regularnego stosowania, natomiast pe\u0142ne rezultaty ujawniaj\u0105 si\u0119 po kilku tygodniach systematycznego przyjmowania preparatu.<\/p>\n<h2 class=\"text-text-100 mt-3 -mb-1 text-[1.125rem] font-bold\">Skutki uboczne<\/h2>\n<p class=\"font-claude-response-body break-words whitespace-normal leading-[1.7]\">Pulsero jest suplementem diety opartym na naturalnych sk\u0142adnikach ro\u015blinnych i aminokwasach. Przy stosowaniu zgodnym z zaleceniami producenta preparat jest dobrze tolerowany przez wi\u0119kszo\u015b\u0107 m\u0119\u017cczyzn.<\/p>\n<p class=\"font-claude-response-body break-words whitespace-normal leading-[1.7]\">Niemniej, jak w przypadku ka\u017cdego produktu bioaktywnego, mo\u017cliwe s\u0105 indywidualne reakcje organizmu. Osoby wra\u017cliwe na kt\u00f3rykolwiek ze sk\u0142adnik\u00f3w mog\u0105 do\u015bwiadczy\u0107 \u0142agodnych dolegliwo\u015bci \u017co\u0142\u0105dkowo-jelitowych, takich jak uczucie pe\u0142no\u015bci lub dyskomfort trawienny \u2014 zw\u0142aszcza gdy kapsu\u0142k\u0119 przyjmuje si\u0119 na czczo.<\/p>\n<p class=\"font-claude-response-body break-words whitespace-normal leading-[1.7]\">Przed rozpocz\u0119ciem stosowania Pulsero warto sprawdzi\u0107 sk\u0142ad pod k\u0105tem ewentualnych alergii. M\u0119\u017cczy\u017ani przyjmuj\u0105cy leki na sta\u0142e, w szczeg\u00f3lno\u015bci preparaty na nadci\u015bnienie, problemy z krzepliwo\u015bci\u0105 krwi lub zaburzenia hormonalne, powinni skonsultowa\u0107 si\u0119 z lekarzem przed w\u0142\u0105czeniem suplementu do codziennej rutyny.<\/p>\n<h2 class=\"text-text-100 mt-3 -mb-1 text-[1.125rem] font-bold\">Ograniczenia stosowania<\/h2>\n<p class=\"font-claude-response-body break-words whitespace-normal leading-[1.7]\">Pulsero nie jest przeznaczony dla wszystkich. Stosowanie preparatu jest niewskazane lub wymaga szczeg\u00f3lnej ostro\u017cno\u015bci w nast\u0119puj\u0105cych przypadkach:<\/p>\n<ul class=\"[li_&amp;]:mb-0 [li_&amp;]:mt-1 [li_&amp;]:gap-1 [&amp;:not(:last-child)_ul]:pb-1 [&amp;:not(:last-child)_ol]:pb-1 list-disc flex flex-col gap-1 pl-8 mb-3\">\n<li class=\"whitespace-normal break-words pl-2\"><strong>Osoby niepe\u0142noletnie<\/strong> \u2014 produkt przeznaczony wy\u0142\u0105cznie dla doros\u0142ych m\u0119\u017cczyzn<\/li>\n<li class=\"whitespace-normal break-words pl-2\"><strong>Nadwra\u017cliwo\u015b\u0107 na sk\u0142adniki<\/strong> \u2014 alergia na kt\u00f3rykolwiek komponent formu\u0142y dyskwalifikuje stosowanie preparatu<\/li>\n<li class=\"whitespace-normal break-words pl-2\"><strong>Ci\u0119\u017ckie choroby uk\u0142adu sercowo-naczyniowego<\/strong> \u2014 preparat wp\u0142ywa na ci\u015bnienie i przep\u0142yw krwi, dlatego przy powa\u017cnych schorzeniach kardiologicznych konieczna jest konsultacja lekarska<\/li>\n<li class=\"whitespace-normal break-words pl-2\"><strong>Jednoczesne stosowanie lek\u00f3w na erekcj\u0119<\/strong> (np. inhibitor\u00f3w PDE-5) \u2014 ryzyko sumowania si\u0119 efekt\u00f3w naczyniowych<\/li>\n<li class=\"whitespace-normal break-words pl-2\"><strong>Choroby w\u0105troby i nerek<\/strong> w zaawansowanym stadium<\/li>\n<li class=\"whitespace-normal break-words pl-2\"><strong>Zaburzenia krzepni\u0119cia krwi<\/strong> \u2014 niekt\u00f3re sk\u0142adniki ro\u015blinne mog\u0105 wp\u0142ywa\u0107 na w\u0142a\u015bciwo\u015bci krwi<\/li>\n<\/ul>\n<p class=\"font-claude-response-body break-words whitespace-normal leading-[1.7]\">W razie w\u0105tpliwo\u015bci zawsze warto skonsultowa\u0107 si\u0119 ze specjalist\u0105 przed w\u0142\u0105czeniem jakiegokolwiek suplementu do swojej diety.<\/p>\n<h2 class=\"text-text-100 mt-3 -mb-1 text-[1.125rem] font-bold\">Spos\u00f3b u\u017cycia<\/h2>\n<p class=\"font-claude-response-body break-words whitespace-normal leading-[1.7]\">Stosowanie Pulsero jest proste i nie wymaga specjalnych przygotowa\u0144. Zalecana dawka to <strong>1\u20132 kapsu\u0142ki dziennie<\/strong>, popijane szklank\u0105 wody. Producent rekomenduje przyjmowanie kapsu\u0142ki oko\u0142o 30\u201360 minut przed planowan\u0105 aktywno\u015bci\u0105 seksualn\u0105, aby sk\u0142adniki aktywne mog\u0142y w pe\u0142ni zadzia\u0142a\u0107.<\/p>\n<p class=\"font-claude-response-body break-words whitespace-normal leading-[1.7]\">Dla uzyskania trwa\u0142ych i d\u0142ugofalowych efekt\u00f3w zaleca si\u0119 stosowanie Pulsero w regularnym cyklu przez minimum 4 tygodnie. Nie nale\u017cy przekracza\u0107 zalecanej dawki dobowej. Suplement najlepiej stosowa\u0107 jako uzupe\u0142nienie zdrowej diety, aktywno\u015bci fizycznej i dba\u0142o\u015bci o sen \u2014 czynnik\u00f3w, kt\u00f3re maj\u0105 bezpo\u015bredni wp\u0142yw na kondycj\u0119 seksualn\u0105 m\u0119\u017cczyzny.<\/p>\n<p class=\"font-claude-response-body break-words whitespace-normal leading-[1.7]\">Kapsu\u0142ki nale\u017cy przechowywa\u0107 w suchym, ch\u0142odnym miejscu, z dala od dzieci oraz \u017ar\u00f3de\u0142 ciep\u0142a i wilgoci.<\/p>\n<h2 class=\"text-text-100 mt-3 -mb-1 text-[1.125rem] font-bold\">Kup Pulsero, cena<\/h2>\n<p class=\"font-claude-response-body break-words whitespace-normal leading-[1.7]\">Pulsero nie jest dost\u0119pny w aptekach stacjonarnych, sieciach drogeryjnych ani na popularnych platformach marketplace. Producent \u015bwiadomie wybra\u0142 model sprzeda\u017cy bezpo\u015bredniej, aby zagwarantowa\u0107 klientom oryginalny produkt i pe\u0142n\u0105 kontrol\u0119 nad jako\u015bci\u0105 ka\u017cdej partii towaru.<\/p>\n<p class=\"font-claude-response-body break-words whitespace-normal leading-[1.7]\">Zakup bezpo\u015brednio od producenta to gwarancja autentyczno\u015bci, a nierzadko tak\u017ce mo\u017cliwo\u015b\u0107 skorzystania z promocji, zestaw\u00f3w wielopakowych lub specjalnych ofert dla nowych klient\u00f3w. Warto pami\u0119ta\u0107, \u017ce produkty dost\u0119pne na nieoficjalnych kana\u0142ach mog\u0105 by\u0107 podr\u00f3bkami, kt\u00f3re nie tylko nie dzia\u0142aj\u0105, ale mog\u0105 by\u0107 niebezpieczne dla zdrowia.<\/p>\n<h2 class=\"text-text-100 mt-3 -mb-1 text-[1.125rem] font-bold\">Zam\u00f3w Pulsero na stronie producenta<\/h2>\n<p class=\"font-claude-response-body break-words whitespace-normal leading-[1.7]\">Zam\u00f3wienie Pulsero jest szybkie i wygodne. Wystarczy odwiedzi\u0107 oficjaln\u0105 stron\u0119 producenta, wybra\u0107 interesuj\u0105cy pakiet i wype\u0142ni\u0107 kr\u00f3tki formularz zam\u00f3wienia \u2014 bez rejestracji, bez zb\u0119dnych formalno\u015bci. Dostawa realizowana jest dyskretnie, w neutralnym opakowaniu, co jest szczeg\u00f3lnie wa\u017cne dla m\u0119\u017cczyzn ceni\u0105cych prywatno\u015b\u0107.<\/p>\n<p class=\"font-claude-response-body break-words whitespace-normal leading-[1.7]\">Oficjalna strona producenta to jedyne miejsce, gdzie mo\u017cesz mie\u0107 pewno\u015b\u0107, \u017ce otrzymujesz oryginalny produkt Pulsero w pe\u0142nowarto\u015bciowym sk\u0142adzie. Tam te\u017c znajdziesz aktualne informacje o dost\u0119pno\u015bci, warunkach dostawy i ewentualnych akcjach promocyjnych.<\/p>\n<h2 class=\"text-text-100 mt-3 -mb-1 text-[1.125rem] font-bold\">Porady ekspert\u00f3w<\/h2>\n<p class=\"font-claude-response-body break-words whitespace-normal leading-[1.7]\">Specjali\u015bci z dziedziny andrologii i seksuologii podkre\u015blaj\u0105, \u017ce problemy z potencj\u0105 rzadko maj\u0105 jedno \u017ar\u00f3d\u0142o \u2014 zwykle to kombinacja czynnik\u00f3w naczyniowych, hormonalnych i psychologicznych. Dlatego suplementy takie jak Pulsero, kt\u00f3re dzia\u0142aj\u0105 wielokierunkowo, mog\u0105 by\u0107 bardziej skuteczne ni\u017c preparaty o w\u0105skim spektrum dzia\u0142ania.<\/p>\n<p class=\"font-claude-response-body break-words whitespace-normal leading-[1.7]\">Eksperci zwracaj\u0105 uwag\u0119, \u017ce regularne stosowanie suplement\u00f3w wspieraj\u0105cych kr\u0105\u017cenie i poziom testosteronu warto \u0142\u0105czy\u0107 ze zmian\u0105 stylu \u017cycia. Ogranicz spo\u017cycie alkoholu, zrezygnuj z palenia, zadbaj o regularny sen i aktywno\u015b\u0107 fizyczn\u0105 \u2014 te elementy wzmacniaj\u0105 dzia\u0142anie ka\u017cdego preparatu na potencj\u0119. Dieta bogata w cynk (pestki dyni, owoce morza, ro\u015bliny str\u0105czkowe) i antyoksydanty dodatkowo wspiera zdrowie seksualne.<\/p>\n<p class=\"font-claude-response-body break-words whitespace-normal leading-[1.7]\">Andriolodzy podkre\u015blaj\u0105 r\u00f3wnie\u017c wag\u0119 komunikacji partnerskiej i redukcji stresu \u2014 stres jest jednym z najcz\u0119stszych czynnik\u00f3w hamuj\u0105cych libido u m\u0119\u017cczyzn po trzydziestce. Pulsero, zawieraj\u0105c adaptogeny takie jak ashwagandha i \u017ce\u0144-sze\u0144, mo\u017ce by\u0107 pomocny w tym aspekcie.<\/p>\n<h2 class=\"text-text-100 mt-3 -mb-1 text-[1.125rem] font-bold\">Opinie u\u017cytkownik\u00f3w, fora w Polsce<\/h2>\n<p class=\"font-claude-response-body break-words whitespace-normal leading-[1.7]\">Na polskich forach internetowych i grupach dyskusyjnych po\u015bwi\u0119conych zdrowiu m\u0119\u017cczyzn Pulsero pojawia si\u0119 coraz cz\u0119\u015bciej. M\u0119\u017cczy\u017ani dziel\u0105 si\u0119 do\u015bwiadczeniami po kilku tygodniach stosowania \u2014 wi\u0119kszo\u015b\u0107 zwraca uwag\u0119 na popraw\u0119 jako\u015bci wzwodu, wy\u017cszy poziom energii i wyra\u017anie silniejsze doznania podczas zbli\u017cenia. Cz\u0119\u015b\u0107 u\u017cytkownik\u00f3w podkre\u015bla, \u017ce szczeg\u00f3lnie docenia naturalne pochodzenie sk\u0142adnik\u00f3w i brak efekt\u00f3w ubocznych, kt\u00f3re wcze\u015bniej zdarza\u0142y im si\u0119 przy syntetycznych preparatach na potencj\u0119.<\/p>\n<ul class=\"[li_&amp;]:mb-0 [li_&amp;]:mt-1 [li_&amp;]:gap-1 [&amp;:not(:last-child)_ul]:pb-1 [&amp;:not(:last-child)_ol]:pb-1 list-disc flex flex-col gap-1 pl-8 mb-3\">\n<li class=\"whitespace-normal break-words pl-2\"><strong>Marek, 44 lata:<\/strong> \u201eStosowa\u0142em Pulsero przez miesi\u0105c i naprawd\u0119 jestem zaskoczony. Erekcja wr\u00f3ci\u0142a do dawnej jako\u015bci, a \u017cona m\u00f3wi, \u017ce zn\u00f3w jestem jak za m\u0142odych lat. Wcze\u015bniej ba\u0142em si\u0119 si\u0119ga\u0107 po cokolwiek, ale sk\u0142ad by\u0142 na tyle naturalny, \u017ce si\u0119 zdecydowa\u0142em. Nie \u017ca\u0142uj\u0119 ani troch\u0119.&#8221;<\/li>\n<li class=\"whitespace-normal break-words pl-2\"><strong>Tomasz, 38 lat:<\/strong> \u201eStres w pracy dos\u0142ownie zabija\u0142 moje libido. Po trzech tygodniach Pulsero poczu\u0142em wyra\u017an\u0105 r\u00f3\u017cnic\u0119 \u2014 wi\u0119cej energii, lepszy nastr\u00f3j i wr\u00f3ci\u0142a ochota na seks. Nie spodziewa\u0142em si\u0119 tak szybkich efekt\u00f3w od suplementu, ale wida\u0107 formu\u0142a jest przemy\u015blana.&#8221;<\/li>\n<\/ul>\n","protected":false},"excerpt":{"rendered":"<p>Pulsero to suplement diety w formie kapsu\u0142ek, stworzony z my\u015bl\u0105 o m\u0119\u017cczyznach pragn\u0105cych poprawi\u0107 jako\u015b\u0107 \u017cycia seksualnego i przywr\u00f3ci\u0107 pe\u0142n\u0105 sprawno\u015b\u0107 w sypialni. Preparat \u0142\u0105czy naturalne sk\u0142adniki aktywne, kt\u00f3re dzia\u0142aj\u0105 wielokierunkowo \u2014 od poprawy kr\u0105\u017cenia w obr\u0119bie miednicy, przez wzmocnienie libido, a\u017c po intensyfikacj\u0119 dozna\u0144 erotycznych. Produkt kierowany jest do m\u0119\u017cczyzn w ka\u017cdym wieku, kt\u00f3rzy [&hellip;]<\/p>\n","protected":false},"featured_media":500,"comment_status":"open","ping_status":"closed","template":"","meta":[],"product_brand":[],"product_cat":[15],"product_tag":[],"class_list":{"0":"post-499","1":"product","2":"type-product","3":"status-publish","4":"has-post-thumbnail","6":"product_cat-suplement","8":"first","9":"instock","10":"sale","11":"shipping-taxable","12":"product-type-external"},"aioseo_notices":[],"_links":{"self":[{"href":"https:\/\/orto-medika.pl\/store\/wp-json\/wp\/v2\/product\/499","targetHints":{"allow":["GET"]}}],"collection":[{"href":"https:\/\/orto-medika.pl\/store\/wp-json\/wp\/v2\/product"}],"about":[{"href":"https:\/\/orto-medika.pl\/store\/wp-json\/wp\/v2\/types\/product"}],"replies":[{"embeddable":true,"href":"https:\/\/orto-medika.pl\/store\/wp-json\/wp\/v2\/comments?post=499"}],"wp:featuredmedia":[{"embeddable":true,"href":"https:\/\/orto-medika.pl\/store\/wp-json\/wp\/v2\/media\/500"}],"wp:attachment":[{"href":"https:\/\/orto-medika.pl\/store\/wp-json\/wp\/v2\/media?parent=499"}],"wp:term":[{"taxonomy":"product_brand","embeddable":true,"href":"https:\/\/orto-medika.pl\/store\/wp-json\/wp\/v2\/product_brand?post=499"},{"taxonomy":"product_cat","embeddable":true,"href":"https:\/\/orto-medika.pl\/store\/wp-json\/wp\/v2\/product_cat?post=499"},{"taxonomy":"product_tag","embeddable":true,"href":"https:\/\/orto-medika.pl\/store\/wp-json\/wp\/v2\/product_tag?post=499"}],"curies":[{"name":"wp","href":"https:\/\/api.w.org\/{rel}","templated":true}]}}