{"id":262,"date":"2026-03-08T15:45:28","date_gmt":"2026-03-08T15:45:28","guid":{"rendered":"https:\/\/orto-medika.pl\/store\/?post_type=product&#038;p=262"},"modified":"2026-03-08T15:45:29","modified_gmt":"2026-03-08T15:45:29","slug":"eroboost","status":"publish","type":"product","link":"https:\/\/orto-medika.pl\/store\/product\/eroboost\/","title":{"rendered":"Eroboost"},"content":{"rendered":"<p class=\"font-claude-response-body break-words whitespace-normal leading-[1.7]\">Eroboost to suplement diety w formie kapsu\u0142ek, stworzony z my\u015bl\u0105 o m\u0119\u017cczyznach, kt\u00f3rzy chc\u0105 poprawi\u0107 swoj\u0105 potencj\u0119 i og\u00f3ln\u0105 sprawno\u015b\u0107 seksualn\u0105. Formu\u0142a oparta na naturalnych sk\u0142adnikach aktywnych \u0142\u0105czy w sobie wielowiekow\u0105 wiedz\u0119 zielarsk\u0105 z osi\u0105gni\u0119ciami wsp\u00f3\u0142czesnej nutraceutyki. Produkt przeznaczony jest dla doros\u0142ych m\u0119\u017cczyzn, kt\u00f3rzy do\u015bwiadczaj\u0105 os\u0142abionej erekcji, obni\u017conego libido lub zmniejszonej wytrzyma\u0142o\u015bci w sferze intymnej.<\/p>\n<p class=\"font-claude-response-body break-words whitespace-normal leading-[1.7]\">Erectilna dysfunkcja dotyka dzi\u015b coraz szerszej grupy m\u0119\u017cczyzn, niezale\u017cnie od wieku \u2013 przyczyniaj\u0105 si\u0119 do tego stres, siedz\u0105cy tryb \u017cycia, nieprawid\u0142owa dieta oraz zm\u0119czenie. Eroboost wychodzi naprzeciw tym problemom, dostarczaj\u0105c organizmowi precyzyjnie dobranych substancji, kt\u00f3re wspieraj\u0105 fizjologiczne mechanizmy odpowiadaj\u0105ce za prawid\u0142ow\u0105 funkcj\u0119 seksualn\u0105. Kapsu\u0142ki s\u0105 wygodne w u\u017cyciu i mo\u017cna stosowa\u0107 je dyskretnie na co dzie\u0144.<\/p>\n<h2 class=\"font-claude-response-body break-words whitespace-normal leading-[1.7]\">Wskazania do stosowania Eroboost<\/h2>\n<p class=\"font-claude-response-body break-words whitespace-normal leading-[1.7]\">Eroboost jest przeznaczony przede wszystkim dla m\u0119\u017cczyzn, kt\u00f3rzy zauwa\u017caj\u0105 u siebie pierwsze symptomy problem\u00f3w z potencj\u0105 lub chc\u0105 profilaktycznie wesprze\u0107 sw\u00f3j organizm. Suplement mo\u017ce okaza\u0107 si\u0119 pomocny w nast\u0119puj\u0105cych sytuacjach:<\/p>\n<ul class=\"[li_&amp;]:mb-0 [li_&amp;]:mt-1 [li_&amp;]:gap-1 [&amp;:not(:last-child)_ul]:pb-1 [&amp;:not(:last-child)_ol]:pb-1 list-disc flex flex-col gap-1 pl-8 mb-3\">\n<li class=\"whitespace-normal break-words pl-2\"><strong>Os\u0142abiona erekcja<\/strong> \u2013 trudno\u015bci z osi\u0105gni\u0119ciem lub utrzymaniem wzwodu odpowiedniej twardo\u015bci<\/li>\n<li class=\"whitespace-normal break-words pl-2\"><strong>Obni\u017cone libido<\/strong> \u2013 zmniejszone zainteresowanie aktywno\u015bci\u0105 seksualn\u0105, brak spontanicznego po\u017c\u0105dania<\/li>\n<li class=\"whitespace-normal break-words pl-2\"><strong>Przedwczesny wytrysk<\/strong> \u2013 problemy z kontrol\u0105 czasu trwania stosunku<\/li>\n<li class=\"whitespace-normal break-words pl-2\"><strong>Zm\u0119czenie i brak energii<\/strong> \u2013 og\u00f3lne wyczerpanie przek\u0142adaj\u0105ce si\u0119 na sfer\u0119 intymn\u0105<\/li>\n<li class=\"whitespace-normal break-words pl-2\"><strong>Stres i napi\u0119cie psychiczne<\/strong> \u2013 l\u0119k przed wsp\u00f3\u0142\u017cyciem, tzw. presja wynik\u00f3w<\/li>\n<li class=\"whitespace-normal break-words pl-2\"><strong>Wiek po 40. roku \u017cycia<\/strong> \u2013 naturalne obni\u017cenie poziomu testosteronu i pogorszenie kr\u0105\u017cenia<\/li>\n<li class=\"whitespace-normal break-words pl-2\"><strong>Ch\u0119\u0107 poprawy jako\u015bci \u017cycia seksualnego<\/strong> \u2013 u m\u0119\u017cczyzn bez wyra\u017anych zaburze\u0144, ale pragn\u0105cych intensywniejszych dozna\u0144<\/li>\n<\/ul>\n<p class=\"font-claude-response-body break-words whitespace-normal leading-[1.7]\">Produkt nie zast\u0119puje leczenia farmakologicznego, jednak jako wsparcie codziennej diety mo\u017ce stanowi\u0107 warto\u015bciowy element dba\u0142o\u015bci o zdrowie intymne.<\/p>\n<h2 class=\"font-claude-response-body break-words whitespace-normal leading-[1.7]\">Dzia\u0142anie Eroboost<\/h2>\n<p class=\"font-claude-response-body break-words whitespace-normal leading-[1.7]\">Mechanizm dzia\u0142ania Eroboost opiera si\u0119 na kilku wzajemnie uzupe\u0142niaj\u0105cych si\u0119 \u015bcie\u017ckach biologicznych. Kluczow\u0105 rol\u0119 odgrywa tu poprawa mikrokr\u0105\u017cenia w tkankach cia\u0142 jamistych pr\u0105cia \u2013 od jako\u015bci przep\u0142ywu krwi zale\u017cy bezpo\u015brednio twardo\u015b\u0107 i trwa\u0142o\u015b\u0107 erekcji. Sk\u0142adniki aktywne zawarte w preparacie stymuluj\u0105 syntez\u0119 tlenku azotu (NO), kt\u00f3ry powoduje rozkurcz mi\u0119\u015bni g\u0142adkich naczy\u0144 krwiono\u015bnych i umo\u017cliwia intensywny nap\u0142yw krwi.<\/p>\n<p class=\"font-claude-response-body break-words whitespace-normal leading-[1.7]\">R\u00f3wnolegle Eroboost dzia\u0142a na poziomie hormonalnym \u2013 wybrane ekstrakty ro\u015blinne wspieraj\u0105 naturaln\u0105 produkcj\u0119 testosteronu, g\u0142\u00f3wnego hormonu odpowiedzialnego za libido, mas\u0119 mi\u0119\u015bniow\u0105 i og\u00f3ln\u0105 witalno\u015b\u0107. Adaptogeny zawarte w formule pomagaj\u0105 organizmowi radzi\u0107 sobie ze stresem oksydacyjnym i kortyzolowym, kt\u00f3re s\u0105 jednymi z g\u0142\u00f3wnych inhibitor\u00f3w potencji we wsp\u00f3\u0142czesnym \u015brodowisku \u017cycia.<\/p>\n<p class=\"font-claude-response-body break-words whitespace-normal leading-[1.7]\"><strong>Dzia\u0142anie suplementu obejmuje ponadto:<\/strong><\/p>\n<ul class=\"[li_&amp;]:mb-0 [li_&amp;]:mt-1 [li_&amp;]:gap-1 [&amp;:not(:last-child)_ul]:pb-1 [&amp;:not(:last-child)_ol]:pb-1 list-disc flex flex-col gap-1 pl-8 mb-3\">\n<li class=\"whitespace-normal break-words pl-2\"><strong>Popraw\u0119 utlenowania tkanek<\/strong> dzi\u0119ki lepszemu przep\u0142ywowi krwi i zawarto\u015bci witaminy C<\/li>\n<li class=\"whitespace-normal break-words pl-2\"><strong>Wzmocnienie uk\u0142adu nerwowego<\/strong> \u2013 korzystny wp\u0142yw na przewodnictwo impuls\u00f3w nerwowych<\/li>\n<li class=\"whitespace-normal break-words pl-2\"><strong>Ochron\u0119 antyoksydacyjn\u0105<\/strong> \u2013 selen i cynk neutralizuj\u0105 wolne rodniki uszkadzaj\u0105ce kom\u00f3rki rozrodcze<\/li>\n<li class=\"whitespace-normal break-words pl-2\"><strong>Zwi\u0119kszenie wytrzyma\u0142o\u015bci i redukcj\u0119 zm\u0119czenia<\/strong> \u2013 takon wspieraj\u0105cy metabolizm energetyczny mi\u0119\u015bni<\/li>\n<\/ul>\n<p class=\"font-claude-response-body break-words whitespace-normal leading-[1.7]\">Efekty dzia\u0142ania s\u0105 kumulatywne \u2013 regularne stosowanie przez kilka tygodni prowadzi do stopniowej, ale trwa\u0142ej poprawy funkcji seksualnych.<\/p>\n<h2 class=\"font-claude-response-body break-words whitespace-normal leading-[1.7]\">Sk\u0142ad Eroboost<\/h2>\n<p class=\"font-claude-response-body break-words whitespace-normal leading-[1.7]\">Skuteczno\u015b\u0107 Eroboost wynika z precyzyjnie skomponowanej mieszanki sk\u0142adnik\u00f3w aktywnych pochodzenia naturalnego i syntetycznego. Ka\u017cdy komponent pe\u0142ni konkretn\u0105 rol\u0119 w ca\u0142o\u015bciowej formule:<\/p>\n<ul class=\"[li_&amp;]:mb-0 [li_&amp;]:mt-1 [li_&amp;]:gap-1 [&amp;:not(:last-child)_ul]:pb-1 [&amp;:not(:last-child)_ol]:pb-1 list-disc flex flex-col gap-1 pl-8 mb-3\">\n<li class=\"whitespace-normal break-words pl-2\"><strong>Ekstrakt z owoc\u00f3w Tribulus terrestris<\/strong> \u2013 ro\u015blinny booster testosteronu, stosowany od stuleci w ajurwedzie i medycynie chi\u0144skiej; zwi\u0119ksza st\u0119\u017cenie luteotropiny (LH), co przek\u0142ada si\u0119 na intensywniejsz\u0105 produkcj\u0119 testosteronu w j\u0105drach<\/li>\n<li class=\"whitespace-normal break-words pl-2\"><strong>Ekstrakt z korzenia \u017ce\u0144-szenia<\/strong> \u2013 adaptogen o w\u0142a\u015bciwo\u015bciach pobudzaj\u0105cych, poprawiaj\u0105cy wydolno\u015b\u0107 fizyczn\u0105, zmniejszaj\u0105cy uczucie zm\u0119czenia i wspieraj\u0105cy erekcj\u0119 poprzez mechanizm tlenku azotu<\/li>\n<li class=\"whitespace-normal break-words pl-2\"><strong>Ekstrakt z li\u015bci mi\u0142orz\u0119bu japo\u0144skiego (Ginkgo biloba)<\/strong> \u2013 poprawia mikrokr\u0105\u017cenie, zwi\u0119ksza przep\u0142yw krwi do ko\u0144czyn i tkanek pr\u0105cia, dzia\u0142a neuroprotekcyjnie<\/li>\n<li class=\"whitespace-normal break-words pl-2\"><strong>L-cytrulina DL-malat<\/strong> \u2013 aminokwas b\u0119d\u0105cy prekursorem L-argininy; wyd\u0142u\u017ca czas dost\u0119pno\u015bci tlenku azotu w organizmie, co przek\u0142ada si\u0119 na trwalszy wzw\u00f3d<\/li>\n<li class=\"whitespace-normal break-words pl-2\"><strong>Chlorowodorek L-argininy<\/strong> \u2013 bezpo\u015bredni substrat do syntezy tlenku azotu; rozszerza naczynia krwiono\u015bne i poprawia ukrwienie cia\u0142 jamistych<\/li>\n<li class=\"whitespace-normal break-words pl-2\"><strong>Ekstrakt z korzenia maki peruwia\u0144skiej<\/strong> \u2013 znana jako \u201eperuwia\u0144ska viagra&#8221;, zwi\u0119ksza libido i p\u0142odno\u015b\u0107, poprawia nastr\u00f3j i energi\u0119<\/li>\n<li class=\"whitespace-normal break-words pl-2\"><strong>Witamina C<\/strong> \u2013 silny antyoksydant chroni\u0105cy naczynia krwiono\u015bne, wspiera syntez\u0119 kolagenu i wch\u0142anianie innych sk\u0142adnik\u00f3w mineralnych<\/li>\n<li class=\"whitespace-normal break-words pl-2\"><strong>Selen<\/strong> \u2013 mikroelement niezb\u0119dny dla prawid\u0142owej spermatogenezy i ochrony kom\u00f3rek przed stresem oksydacyjnym<\/li>\n<li class=\"whitespace-normal break-words pl-2\"><strong>Cynk<\/strong> \u2013 kluczowy minera\u0142 uczestnicz\u0105cy w produkcji testosteronu; jego niedob\u00f3r jest jedn\u0105 z najcz\u0119stszych przyczyn obni\u017conego libido u m\u0119\u017cczyzn<\/li>\n<li class=\"whitespace-normal break-words pl-2\"><strong>Tauryna<\/strong> \u2013 aminosulfonowy kwas wspieraj\u0105cy metabolizm energetyczny, poprawiaj\u0105cy wytrzyma\u0142o\u015b\u0107 mi\u0119\u015bniow\u0105 i redukuj\u0105cy zm\u0119czenie<\/li>\n<\/ul>\n<p class=\"font-claude-response-body break-words whitespace-normal leading-[1.7]\">Po\u0142\u0105czenie tych substancji tworzy synergiczn\u0105 formu\u0142\u0119, w kt\u00f3rej ka\u017cdy sk\u0142adnik wzmacnia dzia\u0142anie pozosta\u0142ych.<\/p>\n<h2 class=\"font-claude-response-body break-words whitespace-normal leading-[1.7]\">Efekty<\/h2>\n<p class=\"font-claude-response-body break-words whitespace-normal leading-[1.7]\">Regularne stosowanie Eroboost zgodnie z zaleceniami producenta przynosi szereg wymiernych korzy\u015bci:<\/p>\n<ul class=\"[li_&amp;]:mb-0 [li_&amp;]:mt-1 [li_&amp;]:gap-1 [&amp;:not(:last-child)_ul]:pb-1 [&amp;:not(:last-child)_ol]:pb-1 list-disc flex flex-col gap-1 pl-8 mb-3\">\n<li class=\"whitespace-normal break-words pl-2\"><strong>Silniejsza i trwalsza erekcja<\/strong> \u2013 lepsza elastyczno\u015b\u0107 i ukrwienie naczy\u0144 cia\u0142 jamistych<\/li>\n<li class=\"whitespace-normal break-words pl-2\"><strong>Wzrost libido<\/strong> \u2013 powr\u00f3t naturalnego po\u017c\u0105dania i zainteresowania seksem<\/li>\n<li class=\"whitespace-normal break-words pl-2\"><strong>Wi\u0119ksza pewno\u015b\u0107 siebie<\/strong> \u2013 redukcja l\u0119ku przed brakiem wzwodu i \u201epresji wynik\u00f3w&#8221;<\/li>\n<li class=\"whitespace-normal break-words pl-2\"><strong>Lepsza kontrola nad wytryskiem<\/strong> \u2013 wyd\u0142u\u017cenie czasu trwania stosunku<\/li>\n<li class=\"whitespace-normal break-words pl-2\"><strong>Wy\u017csza energia i witalno\u015b\u0107<\/strong> \u2013 adaptogeny i aminokwasy wspieraj\u0105 og\u00f3ln\u0105 kondycj\u0119 organizmu<\/li>\n<li class=\"whitespace-normal break-words pl-2\"><strong>Poprawa samopoczucia<\/strong> \u2013 wyr\u00f3wnanie poziomu hormon\u00f3w pozytywnie wp\u0142ywa na nastr\u00f3j i motywacj\u0119<\/li>\n<li class=\"whitespace-normal break-words pl-2\"><strong>Lepsza jako\u015b\u0107 nasienia<\/strong> \u2013 selen i cynk wspieraj\u0105 parametry spermatogenezy<\/li>\n<\/ul>\n<p class=\"font-claude-response-body break-words whitespace-normal leading-[1.7]\">Pierwsze efekty mo\u017cna zauwa\u017cy\u0107 ju\u017c po 2\u20133 tygodniach regularnego stosowania, cho\u0107 pe\u0142ny potencja\u0142 formu\u0142y ujawnia si\u0119 po uko\u0144czeniu pe\u0142nego kursu trwaj\u0105cego 4\u20136 tygodni.<\/p>\n<h2 class=\"font-claude-response-body break-words whitespace-normal leading-[1.7]\">Skutki uboczne<\/h2>\n<p class=\"font-claude-response-body break-words whitespace-normal leading-[1.7]\">Eroboost sformu\u0142owany jest wy\u0142\u0105cznie na bazie naturalnych ekstrakt\u00f3w ro\u015blinnych i aminokwas\u00f3w, dlatego ryzyko dzia\u0142a\u0144 niepo\u017c\u0105danych jest znacznie ni\u017csze ni\u017c w przypadku lek\u00f3w syntetycznych. Produkt jest dobrze tolerowany przez zdecydowan\u0105 wi\u0119kszo\u015b\u0107 m\u0119\u017cczyzn stosuj\u0105cych go zgodnie z zaleceniami.<\/p>\n<p class=\"font-claude-response-body break-words whitespace-normal leading-[1.7]\">W rzadkich przypadkach mog\u0105 wyst\u0105pi\u0107 \u0142agodne dolegliwo\u015bci \u017co\u0142\u0105dkowo-jelitowe \u2013 uczucie pe\u0142no\u015bci, nudno\u015bci lub delikatne wzd\u0119cia \u2013 szczeg\u00f3lnie u os\u00f3b o wra\u017cliwym przewodzie pokarmowym lub przyjmuj\u0105cych kapsu\u0142ki na czczo. Objawy te maj\u0105 charakter przej\u015bciowy i ust\u0119puj\u0105 po dostosowaniu sposobu przyjmowania suplementu (zaleca si\u0119 przyjmowanie kapsu\u0142ek podczas posi\u0142ku).<\/p>\n<p class=\"font-claude-response-body break-words whitespace-normal leading-[1.7]\">W przypadku wyst\u0105pienia nieoczekiwanych reakcji alergicznych na kt\u00f3r\u0105kolwiek z substancji ro\u015blinnych nale\u017cy przerwa\u0107 stosowanie i skonsultowa\u0107 si\u0119 z lekarzem.<\/p>\n<h2 class=\"font-claude-response-body break-words whitespace-normal leading-[1.7]\">Ograniczenia stosowania<\/h2>\n<p class=\"font-claude-response-body break-words whitespace-normal leading-[1.7]\">Mimo naturalnego sk\u0142adu istniej\u0105 sytuacje, w kt\u00f3rych stosowanie Eroboost wymaga ostro\u017cno\u015bci lub jest przeciwwskazane:<\/p>\n<ul class=\"[li_&amp;]:mb-0 [li_&amp;]:mt-1 [li_&amp;]:gap-1 [&amp;:not(:last-child)_ul]:pb-1 [&amp;:not(:last-child)_ol]:pb-1 list-disc flex flex-col gap-1 pl-8 mb-3\">\n<li class=\"whitespace-normal break-words pl-2\"><strong>Uczulenie na kt\u00f3rykolwiek ze sk\u0142adnik\u00f3w<\/strong> \u2013 osoby z alergi\u0105 na ro\u015bliny z rodziny \u017ce\u0144-szeniowatych lub mi\u0142orz\u0119bowych powinny zachowa\u0107 ostro\u017cno\u015b\u0107<\/li>\n<li class=\"whitespace-normal break-words pl-2\"><strong>Ci\u0119\u017ckie choroby uk\u0142adu kr\u0105\u017cenia<\/strong> \u2013 osoby z powa\u017cnymi schorzeniami serca, niekontrolowanym nadci\u015bnieniem lub po przebytym zawale powinny skonsultowa\u0107 stosowanie z kardiologiem<\/li>\n<li class=\"whitespace-normal break-words pl-2\"><strong>Przyjmowanie lek\u00f3w na recept\u0119<\/strong> \u2013 w szczeg\u00f3lno\u015bci lek\u00f3w rozrzedzaj\u0105cych krew, inhibitor\u00f3w PDE-5 (np. sildenafilu) lub antydepresant\u00f3w<\/li>\n<li class=\"whitespace-normal break-words pl-2\"><strong>Wiek poni\u017cej 18 lat<\/strong> \u2013 produkt przeznaczony wy\u0142\u0105cznie dla doros\u0142ych m\u0119\u017cczyzn<\/li>\n<li class=\"whitespace-normal break-words pl-2\"><strong>Powa\u017cne zaburzenia hormonalne wymagaj\u0105ce leczenia<\/strong> \u2013 suplement nie zast\u0119puje terapii hormonalnej przepisanej przez specjalist\u0119<\/li>\n<\/ul>\n<p class=\"font-claude-response-body break-words whitespace-normal leading-[1.7]\">W razie w\u0105tpliwo\u015bci zawsze wskazana jest konsultacja z lekarzem przed rozpocz\u0119ciem suplementacji.<\/p>\n<h2 class=\"font-claude-response-body break-words whitespace-normal leading-[1.7]\">Spos\u00f3b u\u017cycia<\/h2>\n<p class=\"font-claude-response-body break-words whitespace-normal leading-[1.7]\">Producent zaleca przyjmowanie <strong>2 kapsu\u0142ek dziennie<\/strong>. Kapsu\u0142ki nale\u017cy po\u0142kn\u0105\u0107 w ca\u0142o\u015bci, popijaj\u0105c szklank\u0105 wody (co najmniej 200 ml), najlepiej podczas posi\u0142ku lub bezpo\u015brednio po nim. Takie podej\u015bcie minimalizuje ryzyko podra\u017cnienia \u017co\u0142\u0105dka i poprawia biodost\u0119pno\u015b\u0107 sk\u0142adnik\u00f3w aktywnych.<\/p>\n<p class=\"font-claude-response-body break-words whitespace-normal leading-[1.7]\">Optymalny czas trwania kursu wynosi <strong>minimum 4 tygodnie<\/strong> \u2013 dopiero po tym czasie mo\u017cna w pe\u0142ni oceni\u0107 efekty dzia\u0142ania formu\u0142y. Dla utrwalenia rezultat\u00f3w zaleca si\u0119 kontynuowanie suplementacji przez 6\u20138 tygodni. Nie nale\u017cy przekracza\u0107 zalecanej dawki dobowej. Suplement nie zast\u0119puje zr\u00f3\u017cnicowanej diety i zdrowego stylu \u017cycia.<\/p>\n<h2 class=\"font-claude-response-body break-words whitespace-normal leading-[1.7]\">Kup Eroboost, cena<\/h2>\n<p class=\"font-claude-response-body break-words whitespace-normal leading-[1.7]\">Eroboost jest dost\u0119pny wy\u0142\u0105cznie przez internet \u2013 produktu nie znajdziesz w aptekach stacjonarnych, supermarketach ani na popularnych platformach e-commerce. Dystrybucja wy\u0142\u0105cznie przez kana\u0142 bezpo\u015bredni pozwala producentowi kontrolowa\u0107 jako\u015b\u0107 produktu i chroni\u0107 klient\u00f3w przed podr\u00f3bkami.<\/p>\n<p class=\"font-claude-response-body break-words whitespace-normal leading-[1.7]\">Aktualna cena Eroboost dost\u0119pna jest na oficjalnej stronie producenta. Warto \u015bledzi\u0107 witryn\u0119, poniewa\u017c regularnie pojawiaj\u0105 si\u0119 tam promocje dla nowych klient\u00f3w oraz pakiety pozwalaj\u0105ce zaoszcz\u0119dzi\u0107 przy zakupie wi\u0119kszej ilo\u015bci kapsu\u0142ek. Ceny mog\u0105 si\u0119 r\u00f3\u017cni\u0107 w zale\u017cno\u015bci od wybranego zestawu.<\/p>\n<h2 class=\"font-claude-response-body break-words whitespace-normal leading-[1.7]\">Zam\u00f3w Eroboost na stronie producenta<\/h2>\n<p class=\"font-claude-response-body break-words whitespace-normal leading-[1.7]\">Proces zamawiania Eroboost jest szybki i intuicyjny:<\/p>\n<ul class=\"[li_&amp;]:mb-0 [li_&amp;]:mt-1 [li_&amp;]:gap-1 [&amp;:not(:last-child)_ul]:pb-1 [&amp;:not(:last-child)_ol]:pb-1 list-disc flex flex-col gap-1 pl-8 mb-3\">\n<li class=\"whitespace-normal break-words pl-2\"><strong>Wejd\u017a na oficjaln\u0105 stron\u0119<\/strong> producenta i wybierz interesuj\u0105cy Ci\u0119 pakiet<\/li>\n<li class=\"whitespace-normal break-words pl-2\"><strong>Wype\u0142nij formularz zam\u00f3wienia<\/strong> \u2013 podaj imi\u0119, numer telefonu i adres dostawy<\/li>\n<li class=\"whitespace-normal break-words pl-2\"><strong>Potwierd\u017a zam\u00f3wienie<\/strong> \u2013 konsultant mo\u017ce si\u0119 z Tob\u0105 skontaktowa\u0107 telefonicznie w celu weryfikacji<\/li>\n<li class=\"whitespace-normal break-words pl-2\"><strong>Oczekuj na dostaw\u0119<\/strong> \u2013 produkt wysy\u0142any jest dyskretn\u0105 przesy\u0142k\u0105, bez \u017cadnych informacji o zawarto\u015bci na opakowaniu<\/li>\n<li class=\"whitespace-normal break-words pl-2\"><strong>Zap\u0142a\u0107 przy odbiorze<\/strong> \u2013 mo\u017cliwo\u015b\u0107 p\u0142atno\u015bci za pobraniem dost\u0119pna dla polskich klient\u00f3w<\/li>\n<\/ul>\n<p class=\"font-claude-response-body break-words whitespace-normal leading-[1.7]\">Kupuj\u0105c wy\u0142\u0105cznie na stronie producenta, masz pewno\u015b\u0107, \u017ce otrzymujesz oryginalny produkt z wa\u017cn\u0105 dat\u0105 wa\u017cno\u015bci oraz pe\u0142n\u0105 gwarancj\u0105 satysfakcji.<\/p>\n<h2 class=\"font-claude-response-body break-words whitespace-normal leading-[1.7]\">Porady ekspert\u00f3w<\/h2>\n<p class=\"font-claude-response-body break-words whitespace-normal leading-[1.7]\">Specjali\u015bci zajmuj\u0105cy si\u0119 zdrowiem seksualnym m\u0119\u017cczyzn podkre\u015blaj\u0105, \u017ce suplementacja jest najskuteczniejsza wtedy, gdy stanowi element szerszej zmiany stylu \u017cycia. Samo przyjmowanie kapsu\u0142ek przyniesie lepsze i szybsze efekty, je\u015bli jednocze\u015bnie zadbasz o kilka kluczowych obszar\u00f3w:<\/p>\n<ul class=\"[li_&amp;]:mb-0 [li_&amp;]:mt-1 [li_&amp;]:gap-1 [&amp;:not(:last-child)_ul]:pb-1 [&amp;:not(:last-child)_ol]:pb-1 list-disc flex flex-col gap-1 pl-8 mb-3\">\n<li class=\"whitespace-normal break-words pl-2\"><strong>Aktywno\u015b\u0107 fizyczna<\/strong> \u2013 regularne \u0107wiczenia aerobowe (bieganie, p\u0142ywanie, jazda na rowerze) poprawiaj\u0105 kr\u0105\u017cenie i naturalnie podnosz\u0105 poziom testosteronu<\/li>\n<li class=\"whitespace-normal break-words pl-2\"><strong>Dieta bogata w cynk i selen<\/strong> \u2013 orzechy brazylijskie, pestki dyni, ostrygi i nasiona s\u0142onecznika to naturalne \u017ar\u00f3d\u0142a tych minera\u0142\u00f3w<\/li>\n<li class=\"whitespace-normal break-words pl-2\"><strong>Ograniczenie alkoholu i nikotyny<\/strong> \u2013 substancje te uszkadzaj\u0105 \u015br\u00f3db\u0142onek naczy\u0144 krwiono\u015bnych i obni\u017caj\u0105 poziom testosteronu<\/li>\n<li class=\"whitespace-normal break-words pl-2\"><strong>Zarz\u0105dzanie stresem<\/strong> \u2013 techniki relaksacyjne, medytacja i odpowiednia ilo\u015b\u0107 snu (7\u20139 godzin) redukuj\u0105 poziom kortyzolu<\/li>\n<li class=\"whitespace-normal break-words pl-2\"><strong>Nawodnienie<\/strong> \u2013 odpowiednie spo\u017cycie wody wspiera metabolizm sk\u0142adnik\u00f3w aktywnych z suplementu<\/li>\n<li class=\"whitespace-normal break-words pl-2\"><strong>Regularne badania kontrolne<\/strong> \u2013 warto raz w roku sprawdzi\u0107 poziom testosteronu, prolaktyny i glukozy, kt\u00f3re bezpo\u015brednio wp\u0142ywaj\u0105 na potencj\u0119<\/li>\n<\/ul>\n<p class=\"font-claude-response-body break-words whitespace-normal leading-[1.7]\">Eksperci zwracaj\u0105 r\u00f3wnie\u017c uwag\u0119, \u017ce problemy z erekcj\u0105 cz\u0119sto maj\u0105 komponent psychologiczny \u2013 rozmowa z partnerk\u0105 i ewentualna konsultacja ze specjalist\u0105 mog\u0105 przyspieszy\u0107 powr\u00f3t do satysfakcjonuj\u0105cego \u017cycia seksualnego.<\/p>\n<h2 class=\"font-claude-response-body break-words whitespace-normal leading-[1.7]\">Opinie u\u017cytkownik\u00f3w, fora w Polsce<\/h2>\n<p class=\"font-claude-response-body break-words whitespace-normal leading-[1.7]\">Eroboost cieszy si\u0119 rosn\u0105c\u0105 popularno\u015bci\u0105 na polskich forach internetowych po\u015bwi\u0119conych zdrowiu m\u0119\u017cczyzn i suplementacji. U\u017cytkownicy najcz\u0119\u015bciej podkre\u015blaj\u0105 naturalny sk\u0142ad produktu oraz brak niepo\u017c\u0105danych skutk\u00f3w ubocznych \u2013 cechy, kt\u00f3re szczeg\u00f3lnie doceniaj\u0105 m\u0119\u017cczy\u017ani, kt\u00f3rzy wcze\u015bniej mieli negatywne do\u015bwiadczenia z lekami syntetycznymi. Dyskusje na forach wskazuj\u0105, \u017ce wi\u0119kszo\u015b\u0107 kupuj\u0105cych decyduje si\u0119 na pe\u0142ny kurs trwaj\u0105cy co najmniej miesi\u0105c i dopiero wtedy wyrabia sobie opini\u0119 o skuteczno\u015bci preparatu.<\/p>\n<ul class=\"[li_&amp;]:mb-0 [li_&amp;]:mt-1 [li_&amp;]:gap-1 [&amp;:not(:last-child)_ul]:pb-1 [&amp;:not(:last-child)_ol]:pb-1 list-disc flex flex-col gap-1 pl-8 mb-3\">\n<li class=\"whitespace-normal break-words pl-2\"><strong>Marek, Warszawa<\/strong> \u2013 \u201eMia\u0142em sceptyczne podej\u015bcie do suplement\u00f3w tego rodzaju, ale po sze\u015bciu tygodniach musz\u0119 przyzna\u0107, \u017ce r\u00f3\u017cnica jest odczuwalna. Lepsza jako\u015b\u0107 erekcji, wi\u0119cej energii i zdecydowanie wi\u0119ksza ochota. \u017bona te\u017c zauwa\u017cy\u0142a zmian\u0119. Zdecydowanie b\u0119d\u0119 kontynuowa\u0142.&#8221;<\/li>\n<li class=\"whitespace-normal break-words pl-2\"><strong>Tomasz, Krak\u00f3w<\/strong> \u2013 \u201eZamawia\u0142em kilka razy r\u00f3\u017cne preparaty, ale Eroboost to pierwszy, kt\u00f3ry naprawd\u0119 dzia\u0142a na mnie tak, jak obiecuje producent. Pierwsze efekty po oko\u0142o dw\u00f3ch tygodniach \u2013 silniejszy wzw\u00f3d i lepsza kontrola. Polecam ka\u017cdemu, kto szuka czego\u015b naturalnego i skutecznego.&#8221;<\/li>\n<\/ul>\n","protected":false},"excerpt":{"rendered":"<p>Eroboost to suplement diety w formie kapsu\u0142ek, stworzony z my\u015bl\u0105 o m\u0119\u017cczyznach, kt\u00f3rzy chc\u0105 poprawi\u0107 swoj\u0105 potencj\u0119 i og\u00f3ln\u0105 sprawno\u015b\u0107 seksualn\u0105. Formu\u0142a oparta na naturalnych sk\u0142adnikach aktywnych \u0142\u0105czy w sobie wielowiekow\u0105 wiedz\u0119 zielarsk\u0105 z osi\u0105gni\u0119ciami wsp\u00f3\u0142czesnej nutraceutyki. Produkt przeznaczony jest dla doros\u0142ych m\u0119\u017cczyzn, kt\u00f3rzy do\u015bwiadczaj\u0105 os\u0142abionej erekcji, obni\u017conego libido lub zmniejszonej wytrzyma\u0142o\u015bci w sferze intymnej. [&hellip;]<\/p>\n","protected":false},"featured_media":263,"comment_status":"open","ping_status":"closed","template":"","meta":[],"product_brand":[],"product_cat":[15],"product_tag":[],"class_list":{"0":"post-262","1":"product","2":"type-product","3":"status-publish","4":"has-post-thumbnail","6":"product_cat-suplement","8":"first","9":"instock","10":"sale","11":"shipping-taxable","12":"product-type-external"},"aioseo_notices":[],"_links":{"self":[{"href":"https:\/\/orto-medika.pl\/store\/wp-json\/wp\/v2\/product\/262","targetHints":{"allow":["GET"]}}],"collection":[{"href":"https:\/\/orto-medika.pl\/store\/wp-json\/wp\/v2\/product"}],"about":[{"href":"https:\/\/orto-medika.pl\/store\/wp-json\/wp\/v2\/types\/product"}],"replies":[{"embeddable":true,"href":"https:\/\/orto-medika.pl\/store\/wp-json\/wp\/v2\/comments?post=262"}],"wp:featuredmedia":[{"embeddable":true,"href":"https:\/\/orto-medika.pl\/store\/wp-json\/wp\/v2\/media\/263"}],"wp:attachment":[{"href":"https:\/\/orto-medika.pl\/store\/wp-json\/wp\/v2\/media?parent=262"}],"wp:term":[{"taxonomy":"product_brand","embeddable":true,"href":"https:\/\/orto-medika.pl\/store\/wp-json\/wp\/v2\/product_brand?post=262"},{"taxonomy":"product_cat","embeddable":true,"href":"https:\/\/orto-medika.pl\/store\/wp-json\/wp\/v2\/product_cat?post=262"},{"taxonomy":"product_tag","embeddable":true,"href":"https:\/\/orto-medika.pl\/store\/wp-json\/wp\/v2\/product_tag?post=262"}],"curies":[{"name":"wp","href":"https:\/\/api.w.org\/{rel}","templated":true}]}}