{"id":193,"date":"2026-02-12T06:21:17","date_gmt":"2026-02-12T06:21:17","guid":{"rendered":"https:\/\/orto-medika.pl\/store\/?post_type=product&#038;p=193"},"modified":"2026-02-12T06:21:18","modified_gmt":"2026-02-12T06:21:18","slug":"exodermin","status":"publish","type":"product","link":"https:\/\/orto-medika.pl\/store\/product\/exodermin\/","title":{"rendered":"Exodermin"},"content":{"rendered":"<p class=\"font-claude-response-body break-words whitespace-normal leading-[1.7]\">Exodermin to nowoczesny krem przeciwgrzybiczny stworzony z my\u015bl\u0105 o osobach zmagaj\u0105cych si\u0119 z zaka\u017ceniami grzybiczymi sk\u00f3ry i paznokci. Preparat wyr\u00f3\u017cnia si\u0119 na tle konkurencji przede wszystkim swoim unikalnym sk\u0142adem opartym na naturalnych ekstraktach ro\u015blinnych i substancjach bioaktywnych, kt\u00f3re dzia\u0142aj\u0105 wielokierunkowo \u2013 nie tylko zwalczaj\u0105 grzybni\u0119, ale r\u00f3wnie\u017c regeneruj\u0105 uszkodzone tkanki i wzmacniaj\u0105 naturaln\u0105 odporno\u015b\u0107 sk\u00f3ry.<\/p>\n<p class=\"font-claude-response-body break-words whitespace-normal leading-[1.7]\">Formu\u0142a kremu by\u0142a opracowywana przez specjalist\u00f3w z zakresu dermatologii i fitoterapii przez kilka lat. Efektem tej pracy jest produkt, kt\u00f3ry \u0142\u0105czy skuteczno\u015b\u0107 klasycznych lek\u00f3w przeciwgrzybicznych z \u0142agodno\u015bci\u0105 preparat\u00f3w opartych na naturalnych sk\u0142adnikach. Exodermin mo\u017cna stosowa\u0107 zar\u00f3wno na sk\u00f3r\u0119 st\u00f3p, d\u0142oni, jak i na p\u0142ytki paznokciowe, co czyni go wszechstronnym rozwi\u0105zaniem w walce z r\u00f3\u017cnymi typami infekcji grzybiczych.<\/p>\n<p class=\"font-claude-response-body break-words whitespace-normal leading-[1.7]\">Krem ma lekk\u0105 konsystencj\u0119, szybko si\u0119 wch\u0142ania i nie pozostawia t\u0142ustego filmu na sk\u00f3rze. Dzi\u0119ki temu mo\u017cna go aplikowa\u0107 rano przed za\u0142o\u017ceniem skarpetek lub obuwia bez obawy o nieprzyjemne uczucie lepko\u015bci. Produkt nie zawiera sztucznych barwnik\u00f3w ani agresywnych substancji chemicznych, kt\u00f3re mog\u0142yby podra\u017cnia\u0107 sk\u00f3r\u0119 wra\u017cliw\u0105 lub ju\u017c uszkodzon\u0105 przez infekcj\u0119.<\/p>\n<h2 class=\"text-text-100 mt-3 -mb-1 text-[1.125rem] font-bold\">Wskazania do stosowania Exodermin<\/h2>\n<p class=\"font-claude-response-body break-words whitespace-normal leading-[1.7]\">Exodermin jest przeznaczony dla os\u00f3b, kt\u00f3re zmagaj\u0105 si\u0119 z r\u00f3\u017cnymi formami grzybicy, niezale\u017cnie od stadium zaawansowania choroby. Preparat sprawdza si\u0119 jako \u015brodek pierwszego wyboru przy \u015bwie\u017co pojawiaj\u0105cych si\u0119 zmianach grzybiczych, ale r\u00f3wnie dobrze radzi sobie z przewlek\u0142ymi infekcjami, kt\u00f3re opieraj\u0105 si\u0119 standardowemu leczeniu.<\/p>\n<p class=\"font-claude-response-body break-words whitespace-normal leading-[1.7]\">Do g\u0142\u00f3wnych wskaza\u0144 nale\u017c\u0105: grzybica st\u00f3p objawiaj\u0105ca si\u0119 z\u0142uszczaniem nask\u00f3rka, p\u0119kaniem sk\u00f3ry mi\u0119dzy palcami i nieprzyjemnym zapachem, grzybica paznokci z charakterystycznym z\u017c\u00f3\u0142kni\u0119ciem i kruszeniem p\u0142ytki, a tak\u017ce grzybica sk\u00f3ry g\u0142adkiej \u2013 na d\u0142oniach, \u0142okciach czy innych partiach cia\u0142a. Produkt jest wskazany r\u00f3wnie\u017c profilaktycznie dla os\u00f3b cz\u0119sto korzystaj\u0105cych z basen\u00f3w publicznych, si\u0142owni i przebieralni, gdzie ryzyko zaka\u017cenia jest szczeg\u00f3lnie wysokie.<\/p>\n<p class=\"font-claude-response-body break-words whitespace-normal leading-[1.7]\">Exodermin polecany jest te\u017c osobom chorym na cukrzyc\u0119, u kt\u00f3rych infekcje grzybicze s\u0105 szczeg\u00f3lnie cz\u0119stym problemem ze wzgl\u0119du na os\u0142abion\u0105 odporno\u015b\u0107 i podwy\u017cszone st\u0119\u017cenie glukozy sprzyjaj\u0105ce namna\u017caniu si\u0119 grzyb\u00f3w. W takich przypadkach produkt dzia\u0142a \u0142agodnie, nie powoduj\u0105c dodatkowego podra\u017cnienia wra\u017cliwej sk\u00f3ry cukrzycowej.<\/p>\n<h2 class=\"text-text-100 mt-3 -mb-1 text-[1.125rem] font-bold\">Dzia\u0142anie Exodermin<\/h2>\n<p class=\"font-claude-response-body break-words whitespace-normal leading-[1.7]\">Mechanizm dzia\u0142ania kremu Exodermin opiera si\u0119 na kilku komplementarnych procesach zachodz\u0105cych jednocze\u015bnie po aplikacji na sk\u00f3r\u0119. Jako pierwsze uruchamia si\u0119 dzia\u0142anie dezynfekuj\u0105ce \u2013 substancje bioaktywne wnikaj\u0105 w g\u0142\u0105b sk\u00f3ry i atakuj\u0105 struktury kom\u00f3rkowe grzyba, niszcz\u0105c b\u0142ony kom\u00f3rkowe i uniemo\u017cliwiaj\u0105c dalsze namna\u017canie si\u0119 patogenu.<\/p>\n<p class=\"font-claude-response-body break-words whitespace-normal leading-[1.7]\">R\u00f3wnolegle sk\u0142adniki aktywne kremu tworz\u0105 na powierzchni sk\u00f3ry niewidoczny film ochronny, kt\u00f3ry blokuje dost\u0119p nowych patogen\u00f3w i zapobiega reinfekcji. Jest to szczeg\u00f3lnie istotne w przypadku grzybicy st\u00f3p, gdzie sk\u00f3ra jest stale nara\u017cona na kontakt z wilgoci\u0105 i ciep\u0142em panuj\u0105cym wewn\u0105trz obuwia \u2013 \u015brodowiskiem idealnym dla rozwoju grzyb\u00f3w.<\/p>\n<p class=\"font-claude-response-body break-words whitespace-normal leading-[1.7]\">Kolejnym etapem dzia\u0142ania jest intensywna regeneracja tkanek. Krem dostarcza sk\u00f3rze substancji od\u017cywczych i nawil\u017caj\u0105cych, kt\u00f3re przyspieszaj\u0105 gojenie si\u0119 p\u0119kni\u0119\u0107, ran i mikrouraz\u00f3w b\u0119d\u0105cych cz\u0119sto wt\u00f3rnymi powik\u0142aniami grzybicy. Jednocze\u015bnie sk\u0142adniki normalizuj\u0105ce dzia\u0142aj\u0105 na uk\u0142ad odporno\u015bciowy sk\u00f3ry, wzmacniaj\u0105c jej naturalne mechanizmy obronne, co przek\u0142ada si\u0119 na d\u0142ugotrwa\u0142\u0105 ochron\u0119 przed nawrotem choroby.<\/p>\n<h2 class=\"text-text-100 mt-3 -mb-1 text-[1.125rem] font-bold\">Sk\u0142ad Exodermin<\/h2>\n<p class=\"font-claude-response-body break-words whitespace-normal leading-[1.7]\">Sk\u0142ad preparatu to jego najwi\u0119kszy atut. Exodermin zawiera starannie dobrane sk\u0142adniki naturalne, z kt\u00f3rych ka\u017cdy pe\u0142ni konkretn\u0105 i udokumentowan\u0105 funkcj\u0119 terapeutyczn\u0105.<\/p>\n<ul>\n<li class=\"font-claude-response-body break-words whitespace-normal leading-[1.7]\"><strong>Castoreum i ekstrakt z mumii<\/strong> \u2013 ten duet odpowiada za dezynfekcj\u0119 i niszczenie struktury infekcji grzybiczej. Substancje te skutecznie eliminuj\u0105 sw\u0119dzenie i dyskomfort towarzysz\u0105cy chorobie, a jednocze\u015bnie znacz\u0105co przyspieszaj\u0105 gojenie si\u0119 ran i p\u0119kni\u0119\u0107 nask\u00f3rka, kt\u00f3re s\u0105 typowym objawem zaawansowanej grzybicy st\u00f3p.<\/li>\n<li class=\"font-claude-response-body break-words whitespace-normal leading-[1.7]\"><strong>Smo\u0142a z kory brzozy i ekstrakt z li\u015bci aloesu<\/strong> \u2013 ta kombinacja zapobiega rozmna\u017caniu i dalszemu rozwojowi patogennej mikroflory. Sk\u0142adniki te jednocze\u015bnie intensywnie od\u017cywiaj\u0105 i nawil\u017caj\u0105 sk\u00f3r\u0119, przywracaj\u0105c jej elastyczno\u015b\u0107 i zdrowy wygl\u0105d. Co wa\u017cne dla wielu pacjent\u00f3w, skutecznie redukuj\u0105 nadmiern\u0105 potliwo\u015b\u0107 i nieprzyjemny zapach towarzysz\u0105cy grzybicy.<\/li>\n<li class=\"font-claude-response-body break-words whitespace-normal leading-[1.7]\"><strong>Olej Monarda i ekstrakt z nagietka<\/strong> \u2013 para sk\u0142adnik\u00f3w tworz\u0105ca wspomniany wcze\u015bniej ochronny film na powierzchni sk\u00f3ry. Olej Monarda wykazuje silne w\u0142a\u015bciwo\u015bci antybakteryjne i przeciwgrzybiczne, natomiast ekstrakt z nagietka znany jest ze swoich w\u0142a\u015bciwo\u015bci regeneruj\u0105cych i przeciwzapalnych. Razem wzmacniaj\u0105 p\u0142ytk\u0119 paznokcia, co jest kluczowe przy leczeniu grzybicy paznokci.<\/li>\n<li class=\"font-claude-response-body break-words whitespace-normal leading-[1.7]\"><strong>Propolis i kalanchoe<\/strong> \u2013 ostatnia, ale niezwykle wa\u017cna para sk\u0142adnik\u00f3w. Propolis to naturalna substancja wytwarzana przez pszczo\u0142y, od wiek\u00f3w stosowana w medycynie naturalnej ze wzgl\u0119du na szerokie spektrum dzia\u0142ania przeciwdrobnoustrojowego. W po\u0142\u0105czeniu z kalanchoe normalizuj\u0105 funkcjonowanie uk\u0142adu odporno\u015bciowego sk\u00f3ry, pomagaj\u0105 leczy\u0107 nawet przewlek\u0142e choroby grzybicze i wyra\u017anie poprawiaj\u0105 og\u00f3lny stan sk\u00f3ry.<\/li>\n<\/ul>\n<h2 class=\"text-text-100 mt-3 -mb-1 text-[1.125rem] font-bold\">Efekty<\/h2>\n<p class=\"font-claude-response-body break-words whitespace-normal leading-[1.7]\">Regularne stosowanie kremu Exodermin przynosi widoczne efekty ju\u017c po kilku tygodniach terapii. Pierwsze rezultaty, takie jak ust\u0105pienie sw\u0119dzenia i zmniejszenie zaczerwienienia, pacjenci zazwyczaj obserwuj\u0105 po up\u0142ywie 7\u201310 dni od rozpocz\u0119cia kuracji. Jest to wynik szybkiego dzia\u0142ania dezynfekuj\u0105cego sk\u0142adnik\u00f3w aktywnych kremu.<\/p>\n<p class=\"font-claude-response-body break-words whitespace-normal leading-[1.7]\">W ci\u0105gu kolejnych tygodni sk\u00f3ra stopniowo si\u0119 regeneruje \u2013 p\u0119kni\u0119cia si\u0119 goj\u0105, z\u0142uszczanie nask\u00f3rka ust\u0119puje, a sk\u00f3ra odzyskuje g\u0142adko\u015b\u0107 i elastyczno\u015b\u0107. W przypadku grzybicy paznokci pierwsze oznaki poprawy widoczne s\u0105 nieco p\u00f3\u017aniej, co wynika z wolniejszego wzrostu p\u0142ytki paznokciowej, jednak systematyczne stosowanie preparatu prowadzi do wyra\u017anej poprawy wygl\u0105du i struktury paznokcia.<\/p>\n<p class=\"font-claude-response-body break-words whitespace-normal leading-[1.7]\">Po zako\u0144czeniu pe\u0142nego kursu terapeutycznego pacjenci osi\u0105gaj\u0105 trwa\u0142e efekty w postaci ca\u0142kowitego wyeliminowania infekcji i wzmocnienia naturalnej odporno\u015bci sk\u00f3ry. D\u0142ugotrwa\u0142e dzia\u0142anie ochronne sk\u0142adnik\u00f3w aktywnych znacznie zmniejsza ryzyko nawrotu grzybicy, co odr\u00f3\u017cnia Exodermin od wielu innych preparat\u00f3w dost\u0119pnych na rynku.<\/p>\n<h2 class=\"text-text-100 mt-3 -mb-1 text-[1.125rem] font-bold\">Skutki uboczne<\/h2>\n<p class=\"font-claude-response-body break-words whitespace-normal leading-[1.7]\">Exodermin zosta\u0142 opracowany z my\u015bl\u0105 o bezpiecze\u0144stwie u\u017cytkownika. Formu\u0142a oparta na naturalnych sk\u0142adnikach sprawia, \u017ce preparat jest bardzo dobrze tolerowany przez zdecydowan\u0105 wi\u0119kszo\u015b\u0107 os\u00f3b stosuj\u0105cych go zgodnie z zaleceniami. W praktyce klinicznej dzia\u0142ania niepo\u017c\u0105dane zdarzaj\u0105 si\u0119 niezwykle rzadko i maj\u0105 zazwyczaj \u0142agodny, przemijaj\u0105cy charakter.<\/p>\n<p class=\"font-claude-response-body break-words whitespace-normal leading-[1.7]\">W pojedynczych przypadkach mo\u017ce pojawi\u0107 si\u0119 lekkie zaczerwienienie lub uczucie pieczenia bezpo\u015brednio po aplikacji kremu \u2013 szczeg\u00f3lnie gdy sk\u00f3ra jest mocno uszkodzona lub podra\u017cniona. Tego rodzaju reakcje zazwyczaj ust\u0119puj\u0105 samoistnie po kilkunastu minutach. Je\u015bli objawy si\u0119 utrzymuj\u0105 lub nasilaj\u0105, nale\u017cy przerwa\u0107 stosowanie preparatu i skonsultowa\u0107 si\u0119 z dermatologiem.<\/p>\n<p class=\"font-claude-response-body break-words whitespace-normal leading-[1.7]\">Przed pierwszym u\u017cyciem wskazane jest wykonanie testu uczuleniowego \u2013 niewielk\u0105 ilo\u015b\u0107 kremu nale\u017cy nanie\u015b\u0107 na wewn\u0119trzn\u0105 stron\u0119 nadgarstka i odczeka\u0107 24 godziny. Brak reakcji alergicznej wskazuje, \u017ce produkt jest bezpieczny do stosowania.<\/p>\n<h2 class=\"text-text-100 mt-3 -mb-1 text-[1.125rem] font-bold\">Ograniczenia stosowania<\/h2>\n<p class=\"font-claude-response-body break-words whitespace-normal leading-[1.7]\">Exodermin nie jest przeznaczony do stosowania wewn\u0119trznego i nale\u017cy unika\u0107 kontaktu preparatu z oczami oraz b\u0142onami \u015bluzowymi. Produkt nie jest zalecany dla dzieci poni\u017cej 12. roku \u017cycia bez wcze\u015bniejszej konsultacji z pediatr\u0105 lub dermatologiem.<\/p>\n<p class=\"font-claude-response-body break-words whitespace-normal leading-[1.7]\">Kobiety w ci\u0105\u017cy i karmi\u0105ce piersi\u0105 powinny przed zastosowaniem kremu skonsultowa\u0107 si\u0119 z lekarzem, chocia\u017c naturalny sk\u0142ad preparatu nie wskazuje na istotne ryzyko dla matki i dziecka. Osoby z potwierdzon\u0105 alergi\u0105 na kt\u00f3rykolwiek ze sk\u0142adnik\u00f3w formu\u0142y powinny zrezygnowa\u0107 ze stosowania produktu.<\/p>\n<h2 class=\"text-text-100 mt-3 -mb-1 text-[1.125rem] font-bold\">Spos\u00f3b u\u017cycia<\/h2>\n<p class=\"font-claude-response-body break-words whitespace-normal leading-[1.7]\">Stosowanie kremu Exodermin jest proste i nie wymaga szczeg\u00f3lnych przygotowa\u0144. Przed ka\u017cd\u0105 aplikacj\u0105 nale\u017cy dok\u0142adnie umy\u0107 i osuszy\u0107 sk\u00f3r\u0119 w miejscu obj\u0119tym infekcj\u0105. Czyst\u0105 i such\u0105 sk\u00f3r\u0119 nale\u017cy nast\u0119pnie posmarowa\u0107 cienk\u0105 warstw\u0105 kremu, delikatnie wcieraj\u0105c go kolistymi ruchami do ca\u0142kowitego wch\u0142oni\u0119cia.<\/p>\n<p class=\"font-claude-response-body break-words whitespace-normal leading-[1.7]\">Preparat stosuje si\u0119 dwa razy dziennie \u2013 rano i wieczorem. Regularno\u015b\u0107 aplikacji ma kluczowe znaczenie dla skuteczno\u015bci terapii. Zalecany czas trwania kuracji to minimum 4 tygodnie, cho\u0107 w przypadku zaawansowanej lub przewlek\u0142ej grzybicy mo\u017ce by\u0107 wskazane przed\u0142u\u017cenie leczenia do 6\u20138 tygodni. Nawet po ust\u0105pieniu widocznych objaw\u00f3w warto kontynuowa\u0107 stosowanie kremu przez kolejny tydzie\u0144 lub dwa, aby mie\u0107 pewno\u015b\u0107 ca\u0142kowitego wyeliminowania infekcji.<\/p>\n<h2 class=\"text-text-100 mt-3 -mb-1 text-[1.125rem] font-bold\">Kup Exodermin, cena<\/h2>\n<p class=\"font-claude-response-body break-words whitespace-normal leading-[1.7]\">Exodermin nie jest dost\u0119pny w aptekach stacjonarnych ani w drogeriach. Taka polityka dystrybucyjna ma swoje uzasadnienie \u2013 producent chce mie\u0107 pewno\u015b\u0107, \u017ce klienci otrzymuj\u0105 wy\u0142\u0105cznie oryginalny produkt najwy\u017cszej jako\u015bci, bez ryzyka zakupu podr\u00f3bek lub preparat\u00f3w przechowywanych w nieodpowiednich warunkach. Kupuj\u0105c bezpo\u015brednio u producenta, masz gwarancj\u0119 autentyczno\u015bci produktu oraz mo\u017cliwo\u015b\u0107 skorzystania z ewentualnych promocji i pakiet\u00f3w wielosztukowych, kt\u00f3re znacznie obni\u017caj\u0105 koszt ca\u0142ego kursu terapii.<\/p>\n<h2 class=\"text-text-100 mt-3 -mb-1 text-[1.125rem] font-bold\">Zam\u00f3w Exodermin na stronie producenta<\/h2>\n<p class=\"font-claude-response-body break-words whitespace-normal leading-[1.7]\">Zam\u00f3wienie kremu Exodermin jest bardzo proste. Wystarczy wej\u015b\u0107 na oficjaln\u0105 stron\u0119 producenta, wype\u0142ni\u0107 kr\u00f3tki formularz zam\u00f3wienia podaj\u0105c imi\u0119, numer telefonu i adres dostawy, a nast\u0119pnie poczeka\u0107 na kontakt konsultanta, kt\u00f3ry potwierdzi zam\u00f3wienie i odpowie na ewentualne pytania. Dostawa realizowana jest na terenie ca\u0142ej Polski w ci\u0105gu kilku dni roboczych, a p\u0142atno\u015b\u0107 mo\u017cliwa jest przy odbiorze, co eliminuje ryzyko finansowe po stronie kupuj\u0105cego.<\/p>\n<p class=\"font-claude-response-body break-words whitespace-normal leading-[1.7]\">Oficjalna strona producenta to jedyne miejsce, gdzie mo\u017cna mie\u0107 pewno\u015b\u0107 zakupu autentycznego produktu z pe\u0142n\u0105 gwarancj\u0105 jako\u015bci i mo\u017cliwo\u015bci\u0105 kontaktu z obs\u0142ug\u0105 klienta w przypadku jakichkolwiek w\u0105tpliwo\u015bci.<\/p>\n<h2 class=\"text-text-100 mt-3 -mb-1 text-[1.125rem] font-bold\">Porady ekspert\u00f3w<\/h2>\n<p class=\"font-claude-response-body break-words whitespace-normal leading-[1.7]\">Dermatolodzy podkre\u015blaj\u0105, \u017ce skuteczno\u015b\u0107 leczenia grzybicy w du\u017cej mierze zale\u017cy nie tylko od zastosowanego preparatu, ale r\u00f3wnie\u017c od przestrzegania podstawowych zasad higieny. W trakcie kuracji warto codziennie zmienia\u0107 skarpetki, wybieraj\u0105c te wykonane z naturalnych w\u0142\u00f3kien, kt\u00f3re zapewniaj\u0105 lepsz\u0105 wentylacj\u0119. Obuwie nale\u017cy regularnie dezynfekowa\u0107 i suszy\u0107 \u2013 wilgotne \u015brodowisko wewn\u0105trz buta sprzyja przetrwaniu zarodnik\u00f3w grzyba nawet po skutecznym wyleczeniu sk\u00f3ry.<\/p>\n<p class=\"font-claude-response-body break-words whitespace-normal leading-[1.7]\">Eksperci zalecaj\u0105 r\u00f3wnie\u017c, aby w miejscach publicznych takich jak baseny czy szatnie zawsze zak\u0142ada\u0107 klapki pod prysznic. Osoby predysponowane do nawrot\u00f3w grzybicy powinny rozwa\u017cy\u0107 profilaktyczne stosowanie Exodermin po ka\u017cdej wizycie w takich miejscach. Wa\u017cnym elementem profilaktyki jest te\u017c dbanie o odpowiedni\u0105 odporno\u015b\u0107 organizmu poprzez zr\u00f3wnowa\u017con\u0105 diet\u0119, regularn\u0105 aktywno\u015b\u0107 fizyczn\u0105 i odpowiedni\u0105 ilo\u015b\u0107 snu.<\/p>\n<h2 class=\"text-text-100 mt-3 -mb-1 text-[1.125rem] font-bold\">Opinie u\u017cytkownik\u00f3w, fora w Polsce<\/h2>\n<p class=\"font-claude-response-body break-words whitespace-normal leading-[1.7]\">Exodermin cieszy si\u0119 bardzo dobr\u0105 opini\u0105 w\u015br\u00f3d polskich u\u017cytkownik\u00f3w. Na forach internetowych po\u015bwi\u0119conych zdrowiu i urodzie preparat regularnie pojawia si\u0119 w kontek\u015bcie skutecznych metod walki z grzybic\u0105, a jego naturalna formu\u0142a jest cz\u0119sto chwalon\u0105 alternatyw\u0105 dla klasycznych lek\u00f3w.<\/p>\n<ul>\n<li class=\"font-claude-response-body break-words whitespace-normal leading-[1.7]\"><strong>Marek, 47 lat, Wroc\u0142aw:<\/strong> \u201eZmaga\u0142em si\u0119 z grzybic\u0105 st\u00f3p od ponad trzech lat. Pr\u00f3bowa\u0142em r\u00f3\u017cnych preparat\u00f3w z apteki, ale efekty by\u0142y zawsze kr\u00f3tkotrwa\u0142e \u2013 po kilku miesi\u0105cach choroba wraca\u0142a. Przyjaciel poleci\u0142 mi Exodermin i szczerze m\u00f3wi\u0105c, nie mia\u0142em wielkich oczekiwa\u0144. Tymczasem ju\u017c po dw\u00f3ch tygodniach zauwa\u017cy\u0142em wyra\u017an\u0105 popraw\u0119 \u2013 sw\u0119dzenie prawie znikn\u0119\u0142o, sk\u00f3ra przesta\u0142a si\u0119 \u0142uszczy\u0107. Po pe\u0142nym miesi\u0105cu kuracji wygl\u0105da\u0142o to jak nowe stopy. Min\u0105\u0142 rok i grzybica nie wr\u00f3ci\u0142a. Polecam ka\u017cdemu, kto ma podobny problem.&#8221;<\/li>\n<li class=\"font-claude-response-body break-words whitespace-normal leading-[1.7]\"><strong>Agnieszka, 38 lat, Krak\u00f3w:<\/strong> \u201eMam cukrzyc\u0119 i przez to infekcje grzybicze towarzysz\u0105 mi regularnie od lat. Lekarz ostrzega\u0142 mnie, \u017ceby uwa\u017ca\u0107 na silne preparaty chemiczne, bo moja sk\u00f3ra jest bardzo wra\u017cliwa. Postanowi\u0142am spr\u00f3bowa\u0107 Exodermin ze wzgl\u0119du na naturalny sk\u0142ad. Efekt przeszed\u0142 moje oczekiwania \u2013 krem jest bardzo delikatny w aplikacji, nie podra\u017cnia, a po trzech tygodniach zmiany grzybicze kompletnie znik\u0142y. Co wa\u017cne, nie mia\u0142am \u017cadnych skutk\u00f3w ubocznych. Teraz stosuj\u0119 go te\u017c profilaktycznie i jestem bardzo zadowolona.&#8221;<\/li>\n<\/ul>\n<p class=\"font-claude-response-body break-words whitespace-normal leading-[1.7]\">Pozytywne opinie na forach wskazuj\u0105, \u017ce Exodermin jest szczeg\u00f3lnie ceniony za szybkie dzia\u0142anie w zakresie eliminacji objaw\u00f3w, naturalny sk\u0142ad niedra\u017cni\u0105cy sk\u00f3ry oraz trwa\u0142e efekty zapobiegaj\u0105ce nawrotom infekcji. U\u017cytkownicy podkre\u015blaj\u0105 te\u017c wygod\u0119 zakupu bezpo\u015brednio przez stron\u0119 producenta i szybk\u0105 realizacj\u0119 zam\u00f3wie\u0144.<\/p>\n","protected":false},"excerpt":{"rendered":"<p>Exodermin to nowoczesny krem przeciwgrzybiczny stworzony z my\u015bl\u0105 o osobach zmagaj\u0105cych si\u0119 z zaka\u017ceniami grzybiczymi sk\u00f3ry i paznokci. Preparat wyr\u00f3\u017cnia si\u0119 na tle konkurencji przede wszystkim swoim unikalnym sk\u0142adem opartym na naturalnych ekstraktach ro\u015blinnych i substancjach bioaktywnych, kt\u00f3re dzia\u0142aj\u0105 wielokierunkowo \u2013 nie tylko zwalczaj\u0105 grzybni\u0119, ale r\u00f3wnie\u017c regeneruj\u0105 uszkodzone tkanki i wzmacniaj\u0105 naturaln\u0105 odporno\u015b\u0107 sk\u00f3ry. [&hellip;]<\/p>\n","protected":false},"featured_media":194,"comment_status":"open","ping_status":"closed","template":"","meta":[],"product_brand":[],"product_cat":[15],"product_tag":[],"class_list":{"0":"post-193","1":"product","2":"type-product","3":"status-publish","4":"has-post-thumbnail","6":"product_cat-suplement","8":"first","9":"instock","10":"sale","11":"shipping-taxable","12":"product-type-external"},"aioseo_notices":[],"_links":{"self":[{"href":"https:\/\/orto-medika.pl\/store\/wp-json\/wp\/v2\/product\/193","targetHints":{"allow":["GET"]}}],"collection":[{"href":"https:\/\/orto-medika.pl\/store\/wp-json\/wp\/v2\/product"}],"about":[{"href":"https:\/\/orto-medika.pl\/store\/wp-json\/wp\/v2\/types\/product"}],"replies":[{"embeddable":true,"href":"https:\/\/orto-medika.pl\/store\/wp-json\/wp\/v2\/comments?post=193"}],"wp:featuredmedia":[{"embeddable":true,"href":"https:\/\/orto-medika.pl\/store\/wp-json\/wp\/v2\/media\/194"}],"wp:attachment":[{"href":"https:\/\/orto-medika.pl\/store\/wp-json\/wp\/v2\/media?parent=193"}],"wp:term":[{"taxonomy":"product_brand","embeddable":true,"href":"https:\/\/orto-medika.pl\/store\/wp-json\/wp\/v2\/product_brand?post=193"},{"taxonomy":"product_cat","embeddable":true,"href":"https:\/\/orto-medika.pl\/store\/wp-json\/wp\/v2\/product_cat?post=193"},{"taxonomy":"product_tag","embeddable":true,"href":"https:\/\/orto-medika.pl\/store\/wp-json\/wp\/v2\/product_tag?post=193"}],"curies":[{"name":"wp","href":"https:\/\/api.w.org\/{rel}","templated":true}]}}